{"id":5110,"date":"2021-03-23T11:08:15","date_gmt":"2021-03-23T09:08:15","guid":{"rendered":"https:\/\/dev.mrmedia.fi\/nsl\/kontakt\/"},"modified":"2025-03-31T09:11:46","modified_gmt":"2025-03-31T07:11:46","slug":"contact","status":"publish","type":"page","link":"https:\/\/www.nsl.fi\/en\/contact\/","title":{"rendered":"Contact"},"content":{"rendered":"<style>.wp-block-kadence-advancedheading.kt-adv-heading5110_c8d6ae-d5, .wp-block-kadence-advancedheading.kt-adv-heading5110_c8d6ae-d5[data-kb-block=\"kb-adv-heading5110_c8d6ae-d5\"]{font-style:normal;}.wp-block-kadence-advancedheading.kt-adv-heading5110_c8d6ae-d5 mark.kt-highlight, .wp-block-kadence-advancedheading.kt-adv-heading5110_c8d6ae-d5[data-kb-block=\"kb-adv-heading5110_c8d6ae-d5\"] mark.kt-highlight{font-style:normal;color:#f76a0c;-webkit-box-decoration-break:clone;box-decoration-break:clone;padding-top:0px;padding-right:0px;padding-bottom:0px;padding-left:0px;}.wp-block-kadence-advancedheading.kt-adv-heading5110_c8d6ae-d5 img.kb-inline-image, .wp-block-kadence-advancedheading.kt-adv-heading5110_c8d6ae-d5[data-kb-block=\"kb-adv-heading5110_c8d6ae-d5\"] img.kb-inline-image{width:150px;vertical-align:baseline;}<\/style>\n<h2 class=\"kt-adv-heading5110_c8d6ae-d5 wp-block-kadence-advancedheading\" data-kb-block=\"kb-adv-heading5110_c8d6ae-d5\">Office<\/h2>\n\n\n\n<p>Nylands Svenska Lantbrukss\u00e4llskap<br>Elisabetsgatan 21B 8<br>00170 Helsingfors<\/p>\n\n\n\n<p><strong>Phone:<\/strong> +358 438 248 700<br><strong>Email:<\/strong> <a href=\"mailto:info@nsl.fi\" target=\"_blank\" rel=\"noreferrer noopener\">info@nsl.fi<\/a><\/p>\n\n\n<style>.wp-block-kadence-advancedheading.kt-adv-heading5110_0debfb-1e, .wp-block-kadence-advancedheading.kt-adv-heading5110_0debfb-1e[data-kb-block=\"kb-adv-heading5110_0debfb-1e\"]{font-style:normal;}.wp-block-kadence-advancedheading.kt-adv-heading5110_0debfb-1e mark.kt-highlight, .wp-block-kadence-advancedheading.kt-adv-heading5110_0debfb-1e[data-kb-block=\"kb-adv-heading5110_0debfb-1e\"] mark.kt-highlight{font-style:normal;color:#f76a0c;-webkit-box-decoration-break:clone;box-decoration-break:clone;padding-top:0px;padding-right:0px;padding-bottom:0px;padding-left:0px;}.wp-block-kadence-advancedheading.kt-adv-heading5110_0debfb-1e img.kb-inline-image, .wp-block-kadence-advancedheading.kt-adv-heading5110_0debfb-1e[data-kb-block=\"kb-adv-heading5110_0debfb-1e\"] img.kb-inline-image{width:150px;vertical-align:baseline;}<\/style>\n<h2 class=\"kt-adv-heading5110_0debfb-1e wp-block-kadence-advancedheading\" data-kb-block=\"kb-adv-heading5110_0debfb-1e\">Business ID<\/h2>\n\n\n\n<p>0201774-6<\/p>\n\n\n<style>.wp-block-kadence-advancedheading.kt-adv-heading5110_3e7d38-ab, .wp-block-kadence-advancedheading.kt-adv-heading5110_3e7d38-ab[data-kb-block=\"kb-adv-heading5110_3e7d38-ab\"]{font-style:normal;}.wp-block-kadence-advancedheading.kt-adv-heading5110_3e7d38-ab mark.kt-highlight, .wp-block-kadence-advancedheading.kt-adv-heading5110_3e7d38-ab[data-kb-block=\"kb-adv-heading5110_3e7d38-ab\"] mark.kt-highlight{font-style:normal;color:#f76a0c;-webkit-box-decoration-break:clone;box-decoration-break:clone;padding-top:0px;padding-right:0px;padding-bottom:0px;padding-left:0px;}.wp-block-kadence-advancedheading.kt-adv-heading5110_3e7d38-ab img.kb-inline-image, .wp-block-kadence-advancedheading.kt-adv-heading5110_3e7d38-ab[data-kb-block=\"kb-adv-heading5110_3e7d38-ab\"] img.kb-inline-image{width:150px;vertical-align:baseline;}<\/style>\n<h2 class=\"kt-adv-heading5110_3e7d38-ab wp-block-kadence-advancedheading\" data-kb-block=\"kb-adv-heading5110_3e7d38-ab\">Online invoicing<\/h2>\n\n\n\n<p><strong>OVT:<\/strong> 003702017746<br><strong>Operator:<\/strong> Apix Messaging Oy<\/p>\n\n\n<style>.wp-block-kadence-advancedheading.kt-adv-heading5110_764b64-52, .wp-block-kadence-advancedheading.kt-adv-heading5110_764b64-52[data-kb-block=\"kb-adv-heading5110_764b64-52\"]{font-style:normal;}.wp-block-kadence-advancedheading.kt-adv-heading5110_764b64-52 mark.kt-highlight, .wp-block-kadence-advancedheading.kt-adv-heading5110_764b64-52[data-kb-block=\"kb-adv-heading5110_764b64-52\"] mark.kt-highlight{font-style:normal;color:#f76a0c;-webkit-box-decoration-break:clone;box-decoration-break:clone;padding-top:0px;padding-right:0px;padding-bottom:0px;padding-left:0px;}.wp-block-kadence-advancedheading.kt-adv-heading5110_764b64-52 img.kb-inline-image, .wp-block-kadence-advancedheading.kt-adv-heading5110_764b64-52[data-kb-block=\"kb-adv-heading5110_764b64-52\"] img.kb-inline-image{width:150px;vertical-align:baseline;}<\/style>\n<h2 class=\"kt-adv-heading5110_764b64-52 wp-block-kadence-advancedheading\" data-kb-block=\"kb-adv-heading5110_764b64-52\">NSL Field Trials<\/h2>\n\n\n\n<p>V\u00e4stankvarnv\u00e4gen 446<br>10230 Ing\u00e5 st<\/p>\n","protected":false},"excerpt":{"rendered":"<p>Office Nylands Svenska Lantbrukss\u00e4llskapElisabetsgatan 21B 800170 Helsingfors Phone: +358 438 248 700Email: info@nsl.fi Business ID 0201774-6 Online invoicing OVT: 003702017746Operator: Apix Messaging Oy NSL Field Trials V\u00e4stankvarnv\u00e4gen 44610230 Ing\u00e5 st<\/p>\n","protected":false},"author":1,"featured_media":0,"parent":0,"menu_order":0,"comment_status":"closed","ping_status":"closed","template":"","meta":{"_acf_changed":false,"_kad_blocks_custom_css":"","_kad_blocks_head_custom_js":"","_kad_blocks_body_custom_js":"","_kad_blocks_footer_custom_js":"","footnotes":""},"class_list":["post-5110","page","type-page","status-publish"],"acf":[],"taxonomy_info":[],"featured_image_src_large":false,"author_info":{"display_name":"Webmaster","author_link":"https:\/\/www.nsl.fi\/en\/author\/mrmedia\/"},"comment_info":0,"publishpress_future_action":{"enabled":false,"date":"2026-05-05 06:59:07","action":"change-status","newStatus":"draft","terms":[],"taxonomy":"translation_priority","extraData":[]},"publishpress_future_workflow_manual_trigger":{"enabledWorkflows":[]},"_links":{"self":[{"href":"https:\/\/www.nsl.fi\/en\/wp-json\/wp\/v2\/pages\/5110","targetHints":{"allow":["GET"]}}],"collection":[{"href":"https:\/\/www.nsl.fi\/en\/wp-json\/wp\/v2\/pages"}],"about":[{"href":"https:\/\/www.nsl.fi\/en\/wp-json\/wp\/v2\/types\/page"}],"author":[{"embeddable":true,"href":"https:\/\/www.nsl.fi\/en\/wp-json\/wp\/v2\/users\/1"}],"replies":[{"embeddable":true,"href":"https:\/\/www.nsl.fi\/en\/wp-json\/wp\/v2\/comments?post=5110"}],"version-history":[{"count":4,"href":"https:\/\/www.nsl.fi\/en\/wp-json\/wp\/v2\/pages\/5110\/revisions"}],"predecessor-version":[{"id":7284,"href":"https:\/\/www.nsl.fi\/en\/wp-json\/wp\/v2\/pages\/5110\/revisions\/7284"}],"wp:attachment":[{"href":"https:\/\/www.nsl.fi\/en\/wp-json\/wp\/v2\/media?parent=5110"}],"curies":[{"name":"wp","href":"https:\/\/api.w.org\/{rel}","templated":true}]}}