{"id":4957,"date":"2021-01-28T10:35:49","date_gmt":"2021-01-28T08:35:49","guid":{"rendered":"https:\/\/dev.mrmedia.fi\/nsl\/husdjursradgivning\/"},"modified":"2021-06-09T14:25:44","modified_gmt":"2021-06-09T12:25:44","slug":"kotielainneuvonta","status":"publish","type":"page","link":"https:\/\/www.nsl.fi\/fi\/neuvonta\/kotielainneuvonta\/","title":{"rendered":"Kotiel\u00e4inneuvonta"},"content":{"rendered":"\n<h2 class=\"wp-block-heading\">Tuotosseuranta<\/h2>\n\n\n\n<p>Maitotilojen neuvonta perustuu tuotosseurantaan, joka on kansainv\u00e4linen j\u00e4rjestelm\u00e4 (ICAR) lypsylehmien tuotannon seurantaan ja jonka ohjes\u00e4\u00e4nn\u00f6iss\u00e4 m\u00e4\u00e4ritell\u00e4\u00e4n, miten tietoja ker\u00e4t\u00e4\u00e4n ja miten ker\u00e4tty\u00e4 tietoa analysoidaan. Tuotantotiedot antavat arvokasta tietoa maatilan omista tuloksista ja antaa mahdollisuuden verrata muihin tiloihin. T\u00e4m\u00e4 on mahdollista <a rel=\"noreferrer noopener\" href=\"https:\/\/www.lantbrukssallskapet.fi\/tjanster\/webbtjanster\/\" target=\"_blank\">ProAgrian verkkopalveluiden<\/a> kautta.<\/p>\n\n\n\n<p>Ker\u00e4tt\u00e4v\u00e4t tiedot toimivat l\u00e4ht\u00f6kohtana ruokinnalle, tuotannon suunnittelulle ja taloudelle. Tuotosseuranta antaa monia mahdollisuuksia parantaa tuotannon monia osa-alueita.<\/p>\n\n\n\n<p>ProAgrian ohjelma KarjaKompassi, jonka perustana on tuotosseurannan tiedot, k\u00e4ytet\u00e4\u00e4n ruokinnansuunnittelussa ja se voidaan k\u00e4ytt\u00e4\u00e4 kaikille tilan el\u00e4inryhmille. Ruokinnan seurantalaskelmalla \u2013 P\u00e4iv\u00e4laskelma, saadaan tietoja, miten ruokinta on onnistunut niin taloudellisesti kuin ravinnollisesti.<\/p>\n\n\n\n<h2 class=\"wp-block-heading\">Muut kotiel\u00e4imet<\/h2>\n\n\n\n<p>Kaikille kotiel\u00e4intiloille tarjoamme neuvontaa el\u00e4inten pidosta ja el\u00e4inten rekister\u00f6innist\u00e4. Lis\u00e4ksi tarjoamme neuvontaa liittyen eri kotiel\u00e4intukiin ja niiden ehtoihin.<br><br>Tarjoamme my\u00f6s apua ymp\u00e4rist\u00f6viranomaisille teht\u00e4viss\u00e4 ilmoituksissa ja rekister\u00f6inneiss\u00e4. Apua on tarjolla my\u00f6s tukihakemuksien t\u00e4yt\u00f6n, rehujen n\u00e4ytteidenoton ja nurmen korjuuajan ennakoinnin osalta.<br><br>Osa kotiel\u00e4inneuvonnasta on mahdollista toteuttaa <a href=\"https:\/\/www.nsl.fi\/fi\/neuvonta\/neuvo-2020\/\" data-type=\"page\" data-id=\"4978\">Neuvo 2020<\/a> ohjelman puitteissa. Ota yhteytt\u00e4 neuvojiimme niin kerromme lis\u00e4\u00e4 t\u00e4st\u00e4 mahdollisuudesta!<\/p>\n\n\n<style>#kt-layout-id_cad7c7-e2{margin-bottom:0px;margin-top:100px;}#kt-layout-id_cad7c7-e2 > .kt-row-column-wrap{align-content:center;}:where(#kt-layout-id_cad7c7-e2 > .kt-row-column-wrap) > .wp-block-kadence-column{justify-content:center;}#kt-layout-id_cad7c7-e2 > .kt-row-column-wrap{column-gap:var(--global-kb-gap-md, 2rem);row-gap:var(--global-kb-gap-md, 2rem);padding-top:var( --global-kb-row-default-top, 25px );padding-bottom:var( --global-kb-row-default-bottom, 25px );padding-top:80px;padding-bottom:80px;grid-template-columns:minmax(0, 1fr);}#kt-layout-id_cad7c7-e2{background-color:#f2f2f2;}#kt-layout-id_cad7c7-e2 > .kt-row-layout-overlay{opacity:0.30;}@media all and (max-width: 1024px){#kt-layout-id_cad7c7-e2 > .kt-row-column-wrap{grid-template-columns:minmax(0, 1fr);}}@media all and (max-width: 767px){#kt-layout-id_cad7c7-e2 > .kt-row-column-wrap{grid-template-columns:minmax(0, 1fr);}}<\/style>\n<div class=\"wp-block-kadence-rowlayout alignfull\"><div id=\"kt-layout-id_cad7c7-e2\" class=\"kt-row-layout-inner kt-row-has-bg kt-layout-id_cad7c7-e2\"><div class=\"kt-row-column-wrap kt-has-1-columns kt-gutter-default kt-v-gutter-default kt-row-valign-middle kt-row-layout-equal kt-tab-layout-inherit kt-m-colapse-left-to-right kt-mobile-layout-row\"><style>.kadence-column_dc195b-06 > .kt-inside-inner-col{border-top-width:0px;border-right-width:0px;border-bottom-width:0px;border-left-width:0px;}.kadence-column_dc195b-06 > .kt-inside-inner-col,.kadence-column_dc195b-06 > .kt-inside-inner-col:before{border-top-left-radius:0px;border-top-right-radius:0px;border-bottom-right-radius:0px;border-bottom-left-radius:0px;}.kadence-column_dc195b-06 > .kt-inside-inner-col{column-gap:var(--global-kb-gap-sm, 1rem);}.kadence-column_dc195b-06 > .kt-inside-inner-col{flex-direction:column;}.kadence-column_dc195b-06 > .kt-inside-inner-col > .aligncenter{width:100%;}.kadence-column_dc195b-06 > .kt-inside-inner-col:before{opacity:0.3;}.kadence-column_dc195b-06{position:relative;}@media all and (max-width: 1024px){.kadence-column_dc195b-06 > .kt-inside-inner-col{flex-direction:column;justify-content:center;}}@media all and (max-width: 767px){.kadence-column_dc195b-06 > .kt-inside-inner-col{flex-direction:column;justify-content:center;}}<\/style>\n<div class=\"wp-block-kadence-column inner-column-1 kadence-column_dc195b-06\"><div class=\"kt-inside-inner-col\"><style>#kt-layout-id_285e05-6c{margin-bottom:0px;}#kt-layout-id_285e05-6c > .kt-row-column-wrap{align-content:start;}:where(#kt-layout-id_285e05-6c > .kt-row-column-wrap) > .wp-block-kadence-column{justify-content:start;}#kt-layout-id_285e05-6c > .kt-row-column-wrap{column-gap:var(--global-kb-gap-md, 2rem);row-gap:var(--global-kb-gap-md, 2rem);max-width:1400px;margin-left:auto;margin-right:auto;padding-top:var( --global-kb-row-default-top, 25px );padding-bottom:var( --global-kb-row-default-bottom, 25px );padding-top:0px;padding-bottom:0px;grid-template-columns:minmax(0, 1fr);}#kt-layout-id_285e05-6c > .kt-row-layout-overlay{opacity:0.30;}@media all and (max-width: 1024px){#kt-layout-id_285e05-6c > .kt-row-column-wrap{grid-template-columns:minmax(0, 1fr);}}@media all and (max-width: 767px){#kt-layout-id_285e05-6c > .kt-row-column-wrap{grid-template-columns:minmax(0, 1fr);}}<\/style>\n<div class=\"wp-block-kadence-rowlayout alignnone\"><div id=\"kt-layout-id_285e05-6c\" class=\"kt-row-layout-inner kt-layout-id_285e05-6c\"><div class=\"kt-row-column-wrap kt-has-1-columns kt-gutter-default kt-v-gutter-default kt-row-valign-top kt-row-layout-equal kt-tab-layout-inherit kt-m-colapse-left-to-right kt-mobile-layout-row\"><style>.kadence-column_e778c9-fe > .kt-inside-inner-col{border-top-width:0px;border-right-width:0px;border-bottom-width:0px;border-left-width:0px;}.kadence-column_e778c9-fe > .kt-inside-inner-col,.kadence-column_e778c9-fe > .kt-inside-inner-col:before{border-top-left-radius:0px;border-top-right-radius:0px;border-bottom-right-radius:0px;border-bottom-left-radius:0px;}.kadence-column_e778c9-fe > .kt-inside-inner-col{column-gap:var(--global-kb-gap-sm, 1rem);}.kadence-column_e778c9-fe > .kt-inside-inner-col{flex-direction:column;}.kadence-column_e778c9-fe > .kt-inside-inner-col > .aligncenter{width:100%;}.kadence-column_e778c9-fe > .kt-inside-inner-col:before{opacity:0.3;}.kadence-column_e778c9-fe{position:relative;}@media all and (max-width: 1024px){.kadence-column_e778c9-fe > .kt-inside-inner-col{flex-direction:column;justify-content:center;}}@media all and (max-width: 767px){.kadence-column_e778c9-fe > .kt-inside-inner-col{flex-direction:column;justify-content:center;}}<\/style>\n<div class=\"wp-block-kadence-column inner-column-1 kadence-column_e778c9-fe\"><div class=\"kt-inside-inner-col\"><style>.wp-block-kadence-advancedheading.kt-adv-heading_e80141-00, .wp-block-kadence-advancedheading.kt-adv-heading_e80141-00[data-kb-block=\"kb-adv-heading_e80141-00\"]{text-align:center;font-style:normal;}.wp-block-kadence-advancedheading.kt-adv-heading_e80141-00 mark.kt-highlight, .wp-block-kadence-advancedheading.kt-adv-heading_e80141-00[data-kb-block=\"kb-adv-heading_e80141-00\"] mark.kt-highlight{font-style:normal;color:#f76a0c;-webkit-box-decoration-break:clone;box-decoration-break:clone;padding-top:0px;padding-right:0px;padding-bottom:0px;padding-left:0px;}.wp-block-kadence-advancedheading.kt-adv-heading_e80141-00 img.kb-inline-image, .wp-block-kadence-advancedheading.kt-adv-heading_e80141-00[data-kb-block=\"kb-adv-heading_e80141-00\"] img.kb-inline-image{width:150px;vertical-align:baseline;}<\/style>\n<h2 class=\"kt-adv-heading_e80141-00 wp-block-kadence-advancedheading\" data-kb-block=\"kb-adv-heading_e80141-00\">Neuvojat<\/h2>\n\n\n<div class=\"nsl-radgivare-list-container\"><div class=\"nsl-radgivare-list-card\"><div class=\"nsl-radgivare-list-card-content\"><div class=\"nsl-radgivare-list-card-image\"><img decoding=\"async\" src=\"https:\/\/www.nsl.fi\/wp-content\/uploads\/bodil_lindqvist.jpg\"><\/div><div class=\"nsl-radgivare-list-card-namn\">Bodil Lindqvist<\/div><div class=\"nsl-radgivare-list-card-titel\">Kotiel\u00e4inneuvoja, koetoimintateknikko<\/div><div class=\"nsl-radgivare-list-card-abs\"><div class=\"nsl-radgivare-list-card-info\"><div class=\"nsl-radgivare-list-card-beskrivning\">Vastaa kotiel\u00e4inneuvonnasta ja ty\u00f6skentelee it\u00e4isella Uudellamaalla koetoiminnassa<\/div><div class=\"nsl-radgivare-list-card-filtrering\"><div class=\"nsl-radgivare-list-card-filtrering-content\">Koetoiminta<\/div><div class=\"nsl-radgivare-list-card-filtrering-content\">Kotiel\u00e4intuotanto<\/div><div class=\"nsl-radgivare-list-card-filtrering-content\">Neuvo 2030<\/div><div class=\"nsl-radgivare-list-card-filtrering-content\">Pelto tuet<\/div><\/div><\/div><div class=\"nsl-radgivare-list-card-contact\"><div class=\"nsl-radgivare-list-card-telefon\"><a target=\"_blank\" href=\"tel:+358 400 550 553\">+358 400 550 553<\/a><\/div><div class=\"nsl-radgivare-list-card-epost\"><a target=\"_blank\" href=\"mailto:bodil.lindqvist@nsl.fi\">bodil.lindqvist@nsl.fi<\/a><\/div><\/div><\/div><\/div><\/div><\/div>\n<\/div><\/div>\n<\/div><\/div><\/div>\n<\/div><\/div>\n<\/div><\/div><\/div>\n","protected":false},"excerpt":{"rendered":"<p>Tuotosseuranta Maitotilojen neuvonta perustuu tuotosseurantaan, joka on kansainv\u00e4linen j\u00e4rjestelm\u00e4 (ICAR) lypsylehmien tuotannon seurantaan ja jonka ohjes\u00e4\u00e4nn\u00f6iss\u00e4 m\u00e4\u00e4ritell\u00e4\u00e4n, miten tietoja ker\u00e4t\u00e4\u00e4n ja miten ker\u00e4tty\u00e4 tietoa analysoidaan. Tuotantotiedot antavat arvokasta tietoa maatilan omista tuloksista ja antaa mahdollisuuden verrata muihin tiloihin. T\u00e4m\u00e4 on mahdollista ProAgrian verkkopalveluiden kautta. Ker\u00e4tt\u00e4v\u00e4t tiedot toimivat l\u00e4ht\u00f6kohtana ruokinnalle, tuotannon suunnittelulle ja taloudelle. Tuotosseuranta antaa &#8230; <a title=\"Bodil Lindqvist\" class=\"read-more\" href=\"https:\/\/www.nsl.fi\/fi\/personal\/bodil-lindqvist\/\" aria-label=\"Lue lis\u00e4\u00e4 aiheesta Bodil Lindqvist\">Lue lis\u00e4\u00e4<\/a><\/p>\n","protected":false},"author":1,"featured_media":0,"parent":4982,"menu_order":0,"comment_status":"closed","ping_status":"closed","template":"","meta":{"_acf_changed":false,"_kad_blocks_custom_css":"","_kad_blocks_head_custom_js":"","_kad_blocks_body_custom_js":"","_kad_blocks_footer_custom_js":"","footnotes":""},"class_list":["post-4957","page","type-page","status-publish","hentry"],"acf":[],"taxonomy_info":[],"featured_image_src_large":false,"author_info":{"display_name":"Webmaster","author_link":"https:\/\/www.nsl.fi\/fi\/author\/mrmedia\/"},"comment_info":0,"publishpress_future_action":{"enabled":false,"date":"2026-04-23 19:07:21","action":"change-status","newStatus":"draft","terms":[],"taxonomy":"translation_priority","extraData":[]},"publishpress_future_workflow_manual_trigger":{"enabledWorkflows":[]},"_links":{"self":[{"href":"https:\/\/www.nsl.fi\/fi\/wp-json\/wp\/v2\/pages\/4957","targetHints":{"allow":["GET"]}}],"collection":[{"href":"https:\/\/www.nsl.fi\/fi\/wp-json\/wp\/v2\/pages"}],"about":[{"href":"https:\/\/www.nsl.fi\/fi\/wp-json\/wp\/v2\/types\/page"}],"author":[{"embeddable":true,"href":"https:\/\/www.nsl.fi\/fi\/wp-json\/wp\/v2\/users\/1"}],"replies":[{"embeddable":true,"href":"https:\/\/www.nsl.fi\/fi\/wp-json\/wp\/v2\/comments?post=4957"}],"version-history":[{"count":2,"href":"https:\/\/www.nsl.fi\/fi\/wp-json\/wp\/v2\/pages\/4957\/revisions"}],"predecessor-version":[{"id":5008,"href":"https:\/\/www.nsl.fi\/fi\/wp-json\/wp\/v2\/pages\/4957\/revisions\/5008"}],"up":[{"embeddable":true,"href":"https:\/\/www.nsl.fi\/fi\/wp-json\/wp\/v2\/pages\/4982"}],"wp:attachment":[{"href":"https:\/\/www.nsl.fi\/fi\/wp-json\/wp\/v2\/media?parent=4957"}],"curies":[{"name":"wp","href":"https:\/\/api.w.org\/{rel}","templated":true}]}}