{"id":4961,"date":"2021-01-27T13:46:26","date_gmt":"2021-01-27T11:46:26","guid":{"rendered":"https:\/\/dev.mrmedia.fi\/nsl\/vaxtodlingsradgivning\/"},"modified":"2021-06-09T14:27:36","modified_gmt":"2021-06-09T12:27:36","slug":"kasvinviljelyneuvonta","status":"publish","type":"page","link":"https:\/\/www.nsl.fi\/fi\/neuvonta\/kasvinviljelyneuvonta\/","title":{"rendered":"Kasvinviljelyneuvonta"},"content":{"rendered":"\n<p>NSL tarjoaa tilakohtaista kasvinviljelyneuvontaa huomioiden maanviljelij\u00f6iden yksil\u00f6lliset toiveet ja tarpeet. Neuvonta on kokonaisvaltaista ja se perustuu tutkimukseen ja kentt\u00e4kokeisiin. NSL:n koetoiminnan ansiosta meill\u00e4 on mahdollisuus etsi\u00e4 ratkaisuja paikallisiin ongelmiin. Parhaan hy\u00f6dyn saavuttamiseksi toteutamme neuvonnan tilak\u00e4ynneill\u00e4, mutta tarpeen vaatiessa tarjoamme neuvontaa my\u00f6s et\u00e4n\u00e4. Organisaatiomme kattaa koko Uudenmaan, aina Hangosta Pyht\u00e4\u00e4lle saakka.<\/p>\n\n\n\n<p>Tarjoamme yksitt\u00e4isi\u00e4 palveluina yrityksellesi:<\/p>\n\n\n<style>.wp-block-kadence-iconlist.kt-svg-icon-list-items_b7b5b2-02:not(.this-stops-third-party-issues){margin-top:0px;margin-bottom:0px;}.wp-block-kadence-iconlist.kt-svg-icon-list-items_b7b5b2-02 ul.kt-svg-icon-list:not(.this-prevents-issues):not(.this-stops-third-party-issues):not(.tijsloc){margin-top:0px;margin-right:0px;margin-bottom:var(--global-kb-spacing-sm, 1.5rem);margin-left:0px;}.wp-block-kadence-iconlist.kt-svg-icon-list-items_b7b5b2-02 ul.kt-svg-icon-list{grid-row-gap:5px;}.wp-block-kadence-iconlist.kt-svg-icon-list-items_b7b5b2-02 ul.kt-svg-icon-list .kt-svg-icon-list-item-wrap .kt-svg-icon-list-single{margin-right:10px;}.kt-svg-icon-list-items_b7b5b2-02 ul.kt-svg-icon-list .kt-svg-icon-list-level-0 .kt-svg-icon-list-single svg{font-size:20px;}.kt-svg-icon-list-items_b7b5b2-02 ul.kt-svg-icon-list .kt-svg-icon-list-level-1 .kt-svg-icon-list-single svg{font-size:20px;}.kt-svg-icon-list-items_b7b5b2-02 ul.kt-svg-icon-list .kt-svg-icon-list-level-2 .kt-svg-icon-list-single svg{font-size:20px;}.kt-svg-icon-list-items_b7b5b2-02 ul.kt-svg-icon-list .kt-svg-icon-list-level-3 .kt-svg-icon-list-single svg{font-size:20px;}.kt-svg-icon-list-items_b7b5b2-02 ul.kt-svg-icon-list .kt-svg-icon-list-level-4 .kt-svg-icon-list-single svg{font-size:20px;}<\/style>\n<div class=\"wp-block-kadence-iconlist kt-svg-icon-list-items kt-svg-icon-list-items_b7b5b2-02 kt-svg-icon-list-columns-1 alignnone\"><ul class=\"kt-svg-icon-list\"><li class=\"kt-svg-icon-list-style-default kt-svg-icon-list-item-wrap kt-svg-icon-list-item-0\"><div style=\"display:inline-flex;justify-content:center;align-items:center\" class=\"kt-svg-icon-list-single kt-svg-icon-list-single-fe_chevronsRight\"><svg style=\"display:inline-block;vertical-align:middle\" viewbox=\"0 0 24 24\" height=\"20\" width=\"20\" fill=\"none\" stroke=\"currentColor\" xmlns=\"https:\/\/www.w3.org\/2000\/svg\" stroke-width=\"2\" stroke-linecap=\"round\" stroke-linejoin=\"round\"><polyline points=\"13 17 18 12 13 7\"><\/polyline><polyline points=\"6 17 11 12 6 7\"><\/polyline><\/svg><\/div><span class=\"kt-svg-icon-list-text\">Wisu-viljelysuunnitelmat<\/span><\/li><li class=\"kt-svg-icon-list-style-default kt-svg-icon-list-item-wrap kt-svg-icon-list-item-1\"><div style=\"display:inline-flex;justify-content:center;align-items:center\" class=\"kt-svg-icon-list-single kt-svg-icon-list-single-fe_chevronsRight\"><svg style=\"display:inline-block;vertical-align:middle\" viewbox=\"0 0 24 24\" height=\"20\" width=\"20\" fill=\"none\" stroke=\"currentColor\" xmlns=\"https:\/\/www.w3.org\/2000\/svg\" stroke-width=\"2\" stroke-linecap=\"round\" stroke-linejoin=\"round\"><polyline points=\"13 17 18 12 13 7\"><\/polyline><polyline points=\"6 17 11 12 6 7\"><\/polyline><\/svg><\/div><span class=\"kt-svg-icon-list-text\">Tukineuvonta<\/span><\/li><li class=\"kt-svg-icon-list-style-default kt-svg-icon-list-item-wrap kt-svg-icon-list-item-2\"><div style=\"display:inline-flex;justify-content:center;align-items:center\" class=\"kt-svg-icon-list-single kt-svg-icon-list-single-fe_chevronsRight\"><svg style=\"display:inline-block;vertical-align:middle\" viewbox=\"0 0 24 24\" height=\"20\" width=\"20\" fill=\"none\" stroke=\"currentColor\" xmlns=\"https:\/\/www.w3.org\/2000\/svg\" stroke-width=\"2\" stroke-linecap=\"round\" stroke-linejoin=\"round\"><polyline points=\"13 17 18 12 13 7\"><\/polyline><polyline points=\"6 17 11 12 6 7\"><\/polyline><\/svg><\/div><span class=\"kt-svg-icon-list-text\">Maan\u00e4ytteenotto<\/span><\/li><li class=\"kt-svg-icon-list-style-default kt-svg-icon-list-item-wrap kt-svg-icon-list-item-3\"><div style=\"display:inline-flex;justify-content:center;align-items:center\" class=\"kt-svg-icon-list-single kt-svg-icon-list-single-fe_chevronsRight\"><svg style=\"display:inline-block;vertical-align:middle\" viewbox=\"0 0 24 24\" height=\"20\" width=\"20\" fill=\"none\" stroke=\"currentColor\" xmlns=\"https:\/\/www.w3.org\/2000\/svg\" stroke-width=\"2\" stroke-linecap=\"round\" stroke-linejoin=\"round\"><polyline points=\"13 17 18 12 13 7\"><\/polyline><polyline points=\"6 17 11 12 6 7\"><\/polyline><\/svg><\/div><span class=\"kt-svg-icon-list-text\">Siemenviljelystarkastus- ja n\u00e4ytteenotto<\/span><\/li><li class=\"kt-svg-icon-list-style-default kt-svg-icon-list-item-wrap kt-svg-icon-list-item-4\"><div style=\"display:inline-flex;justify-content:center;align-items:center\" class=\"kt-svg-icon-list-single kt-svg-icon-list-single-fe_chevronsRight\"><svg style=\"display:inline-block;vertical-align:middle\" viewbox=\"0 0 24 24\" height=\"20\" width=\"20\" fill=\"none\" stroke=\"currentColor\" xmlns=\"https:\/\/www.w3.org\/2000\/svg\" stroke-width=\"2\" stroke-linecap=\"round\" stroke-linejoin=\"round\"><polyline points=\"13 17 18 12 13 7\"><\/polyline><polyline points=\"6 17 11 12 6 7\"><\/polyline><\/svg><\/div><span class=\"kt-svg-icon-list-text\">Tuotantokustannuslaskelmat<\/span><\/li><\/ul><\/div>\n\n\n\n<p>Tarjoamme my\u00f6s kattavasti neuvontapalveluja tiloille, jotka harjoittavat <a href=\"https:\/\/www.nsl.fi\/fi\/neuvonta\/luomuneuvonta\/\" data-type=\"page\" data-id=\"4970\">luomutuotantoa<\/a>.<\/p>\n\n\n<style>.wp-block-kadence-advancedheading.kt-adv-heading_4bd1cc-f8, .wp-block-kadence-advancedheading.kt-adv-heading_4bd1cc-f8[data-kb-block=\"kb-adv-heading_4bd1cc-f8\"]{font-style:normal;}.wp-block-kadence-advancedheading.kt-adv-heading_4bd1cc-f8 mark.kt-highlight, .wp-block-kadence-advancedheading.kt-adv-heading_4bd1cc-f8[data-kb-block=\"kb-adv-heading_4bd1cc-f8\"] mark.kt-highlight{font-style:normal;color:#f76a0c;-webkit-box-decoration-break:clone;box-decoration-break:clone;padding-top:0px;padding-right:0px;padding-bottom:0px;padding-left:0px;}.wp-block-kadence-advancedheading.kt-adv-heading_4bd1cc-f8 img.kb-inline-image, .wp-block-kadence-advancedheading.kt-adv-heading_4bd1cc-f8[data-kb-block=\"kb-adv-heading_4bd1cc-f8\"] img.kb-inline-image{width:150px;vertical-align:baseline;}<\/style>\n<h2 class=\"kt-adv-heading_4bd1cc-f8 wp-block-kadence-advancedheading\" data-kb-block=\"kb-adv-heading_4bd1cc-f8\">LIR-Kasvinviljely<\/h2>\n\n\n\n<p>Tarjoamme kasvinviljelytiloille neuvontaa pakettiratkaisuna, joka kulkee nimell\u00e4 LIR-kasvinviljely (Maatalouden yksil\u00f6llinen neuvonta). T\u00e4m\u00e4 neuvontamuoto sis\u00e4lt\u00e4\u00e4 jatkuvaa, kattavaa neuvontaa kuten suunnittelua, tilavierailuja kasvukauden aikana sek\u00e4 yhdess\u00e4 neuvojien kanssa asetettujen tavoitteiden seurantaa.<\/p>\n\n\n\n<p>LIR-Kasvinviljely sis\u00e4lt\u00e4\u00e4 maan\u00e4ytteenottoa, viljelysuunnitelman, 3-4 tilavierailua kasvukauden aikana, kasvintuotannon taloudellisen tuloksen seurantaa sek\u00e4 tapaamisia ja seminaareja.<\/p>\n\n\n\n<p>Suurin osa neuvonnasta voidaan tarjota <a href=\"https:\/\/www.nsl.fi\/fi\/neuvonta\/neuvo-2020\/\" data-type=\"page\" data-id=\"4978\">Neuvo2020<\/a>-neuvontana (linkki), jolloin maanviljelij\u00e4 maksaa vain arvonlis\u00e4veron osuuden neuvonnan kokonaiskustannuksista. Yksitt\u00e4inen tila voi saada neuvontaa 15 000 euroon saakka ajanjaksolla 2015-2022. Ota yhteytt\u00e4 neuvojiimme ja kerromme mielell\u00e4mme lis\u00e4\u00e4 t\u00e4st\u00e4 mahdollisuudesta.<\/p>\n\n\n\n<p>Jos olet kiinnostunut yksitt\u00e4isist\u00e4 neuvontapalveluista tai LIR-kasvinviljelyst\u00e4, ota yhteys kasvinviljelyneuvojiimme.<\/p>\n\n\n<style>#kt-layout-id_70df00-e9{margin-bottom:0px;margin-top:100px;}#kt-layout-id_70df00-e9 > .kt-row-column-wrap{align-content:center;}:where(#kt-layout-id_70df00-e9 > .kt-row-column-wrap) > .wp-block-kadence-column{justify-content:center;}#kt-layout-id_70df00-e9 > .kt-row-column-wrap{column-gap:var(--global-kb-gap-md, 2rem);row-gap:var(--global-kb-gap-md, 2rem);padding-top:var( --global-kb-row-default-top, 25px );padding-bottom:var( --global-kb-row-default-bottom, 25px );padding-top:80px;padding-bottom:80px;grid-template-columns:minmax(0, 1fr);}#kt-layout-id_70df00-e9{background-color:#f2f2f2;}#kt-layout-id_70df00-e9 > .kt-row-layout-overlay{opacity:0.30;}@media all and (max-width: 1024px){#kt-layout-id_70df00-e9 > .kt-row-column-wrap{grid-template-columns:minmax(0, 1fr);}}@media all and (max-width: 767px){#kt-layout-id_70df00-e9 > .kt-row-column-wrap{grid-template-columns:minmax(0, 1fr);}}<\/style>\n<div class=\"wp-block-kadence-rowlayout alignfull\"><div id=\"kt-layout-id_70df00-e9\" class=\"kt-row-layout-inner kt-row-has-bg kt-layout-id_70df00-e9\"><div class=\"kt-row-column-wrap kt-has-1-columns kt-gutter-default kt-v-gutter-default kt-row-valign-middle kt-row-layout-equal kt-tab-layout-inherit kt-m-colapse-left-to-right kt-mobile-layout-row\"><style>.kadence-column_05cb19-48 > .kt-inside-inner-col{border-top-width:0px;border-right-width:0px;border-bottom-width:0px;border-left-width:0px;}.kadence-column_05cb19-48 > .kt-inside-inner-col,.kadence-column_05cb19-48 > .kt-inside-inner-col:before{border-top-left-radius:0px;border-top-right-radius:0px;border-bottom-right-radius:0px;border-bottom-left-radius:0px;}.kadence-column_05cb19-48 > .kt-inside-inner-col{column-gap:var(--global-kb-gap-sm, 1rem);}.kadence-column_05cb19-48 > .kt-inside-inner-col{flex-direction:column;}.kadence-column_05cb19-48 > .kt-inside-inner-col > .aligncenter{width:100%;}.kadence-column_05cb19-48 > .kt-inside-inner-col:before{opacity:0.3;}.kadence-column_05cb19-48{position:relative;}@media all and (max-width: 1024px){.kadence-column_05cb19-48 > .kt-inside-inner-col{flex-direction:column;justify-content:center;}}@media all and (max-width: 767px){.kadence-column_05cb19-48 > .kt-inside-inner-col{flex-direction:column;justify-content:center;}}<\/style>\n<div class=\"wp-block-kadence-column inner-column-1 kadence-column_05cb19-48\"><div class=\"kt-inside-inner-col\"><style>#kt-layout-id_50fd99-fa{margin-bottom:0px;}#kt-layout-id_50fd99-fa > .kt-row-column-wrap{align-content:start;}:where(#kt-layout-id_50fd99-fa > .kt-row-column-wrap) > .wp-block-kadence-column{justify-content:start;}#kt-layout-id_50fd99-fa > .kt-row-column-wrap{column-gap:var(--global-kb-gap-md, 2rem);row-gap:var(--global-kb-gap-md, 2rem);max-width:1400px;margin-left:auto;margin-right:auto;padding-top:var( --global-kb-row-default-top, 25px );padding-bottom:var( --global-kb-row-default-bottom, 25px );padding-top:0px;padding-bottom:0px;grid-template-columns:minmax(0, 1fr);}#kt-layout-id_50fd99-fa > .kt-row-layout-overlay{opacity:0.30;}@media all and (max-width: 1024px){#kt-layout-id_50fd99-fa > .kt-row-column-wrap{grid-template-columns:minmax(0, 1fr);}}@media all and (max-width: 767px){#kt-layout-id_50fd99-fa > .kt-row-column-wrap{grid-template-columns:minmax(0, 1fr);}}<\/style>\n<div class=\"wp-block-kadence-rowlayout alignnone\"><div id=\"kt-layout-id_50fd99-fa\" class=\"kt-row-layout-inner kt-layout-id_50fd99-fa\"><div class=\"kt-row-column-wrap kt-has-1-columns kt-gutter-default kt-v-gutter-default kt-row-valign-top kt-row-layout-equal kt-tab-layout-inherit kt-m-colapse-left-to-right kt-mobile-layout-row\"><style>.kadence-column_442f8f-88 > .kt-inside-inner-col{border-top-width:0px;border-right-width:0px;border-bottom-width:0px;border-left-width:0px;}.kadence-column_442f8f-88 > .kt-inside-inner-col,.kadence-column_442f8f-88 > .kt-inside-inner-col:before{border-top-left-radius:0px;border-top-right-radius:0px;border-bottom-right-radius:0px;border-bottom-left-radius:0px;}.kadence-column_442f8f-88 > .kt-inside-inner-col{column-gap:var(--global-kb-gap-sm, 1rem);}.kadence-column_442f8f-88 > .kt-inside-inner-col{flex-direction:column;}.kadence-column_442f8f-88 > .kt-inside-inner-col > .aligncenter{width:100%;}.kadence-column_442f8f-88 > .kt-inside-inner-col:before{opacity:0.3;}.kadence-column_442f8f-88{position:relative;}@media all and (max-width: 1024px){.kadence-column_442f8f-88 > .kt-inside-inner-col{flex-direction:column;justify-content:center;}}@media all and (max-width: 767px){.kadence-column_442f8f-88 > .kt-inside-inner-col{flex-direction:column;justify-content:center;}}<\/style>\n<div class=\"wp-block-kadence-column inner-column-1 kadence-column_442f8f-88\"><div class=\"kt-inside-inner-col\"><style>.wp-block-kadence-advancedheading.kt-adv-heading_c59cfb-13, .wp-block-kadence-advancedheading.kt-adv-heading_c59cfb-13[data-kb-block=\"kb-adv-heading_c59cfb-13\"]{text-align:center;font-style:normal;}.wp-block-kadence-advancedheading.kt-adv-heading_c59cfb-13 mark.kt-highlight, .wp-block-kadence-advancedheading.kt-adv-heading_c59cfb-13[data-kb-block=\"kb-adv-heading_c59cfb-13\"] mark.kt-highlight{font-style:normal;color:#f76a0c;-webkit-box-decoration-break:clone;box-decoration-break:clone;padding-top:0px;padding-right:0px;padding-bottom:0px;padding-left:0px;}.wp-block-kadence-advancedheading.kt-adv-heading_c59cfb-13 img.kb-inline-image, .wp-block-kadence-advancedheading.kt-adv-heading_c59cfb-13[data-kb-block=\"kb-adv-heading_c59cfb-13\"] img.kb-inline-image{width:150px;vertical-align:baseline;}<\/style>\n<h2 class=\"kt-adv-heading_c59cfb-13 wp-block-kadence-advancedheading\" data-kb-block=\"kb-adv-heading_c59cfb-13\">Neuvojat<\/h2>\n\n\n<div class=\"nsl-radgivare-list-container\"><div class=\"nsl-radgivare-list-card\"><div class=\"nsl-radgivare-list-card-content\"><div class=\"nsl-radgivare-list-card-image\"><img decoding=\"async\" src=\"https:\/\/www.nsl.fi\/wp-content\/uploads\/jorgen_bergman.jpg\"><\/div><div class=\"nsl-radgivare-list-card-namn\">J\u00f6rgen Bergman<\/div><div class=\"nsl-radgivare-list-card-titel\">Kasvinviljelyneuvoja<\/div><div class=\"nsl-radgivare-list-card-abs\"><div class=\"nsl-radgivare-list-card-info\"><div class=\"nsl-radgivare-list-card-beskrivning\">Kasvinviljelyyn liittyv\u00e4\u00e4 neuvontaa Porvoossa ja Sipoossa<\/div><div class=\"nsl-radgivare-list-card-filtrering\"><div class=\"nsl-radgivare-list-card-filtrering-content\">LIR-neuvonta<\/div><div class=\"nsl-radgivare-list-card-filtrering-content\">Neuvo 2030<\/div><div class=\"nsl-radgivare-list-card-filtrering-content\">Siementuotanto<\/div><div class=\"nsl-radgivare-list-card-filtrering-content\">Kasvinviljely<\/div><div class=\"nsl-radgivare-list-card-filtrering-content\">Pelto tuet<\/div><\/div><\/div><div class=\"nsl-radgivare-list-card-contact\"><div class=\"nsl-radgivare-list-card-telefon\"><a target=\"_blank\" href=\"tel:+358 400 860 636\">+358 400 860 636<\/a><\/div><div class=\"nsl-radgivare-list-card-epost\"><a target=\"_blank\" href=\"mailto:jorgen.bergman@nsl.fi\">jorgen.bergman@nsl.fi<\/a><\/div><\/div><\/div><\/div><\/div><div class=\"nsl-radgivare-list-card\"><div class=\"nsl-radgivare-list-card-content\"><div class=\"nsl-radgivare-list-card-image\"><img decoding=\"async\" src=\"https:\/\/www.nsl.fi\/wp-content\/uploads\/emil_hastbacka.jpg\"><\/div><div class=\"nsl-radgivare-list-card-namn\">Emil H\u00e4stbacka<\/div><div class=\"nsl-radgivare-list-card-titel\">Kasvinviljelyneuvoja<\/div><div class=\"nsl-radgivare-list-card-abs\"><div class=\"nsl-radgivare-list-card-info\"><div class=\"nsl-radgivare-list-card-beskrivning\">Kasvinviljelyyn liittyv\u00e4\u00e4 neuvontaa Raaseporissa ja Inkoossa<\/div><div class=\"nsl-radgivare-list-card-filtrering\"><div class=\"nsl-radgivare-list-card-filtrering-content\">LIR-neuvonta<\/div><div class=\"nsl-radgivare-list-card-filtrering-content\">Neuvo 2030<\/div><div class=\"nsl-radgivare-list-card-filtrering-content\">Siementuotanto<\/div><div class=\"nsl-radgivare-list-card-filtrering-content\">Kasvinviljely<\/div><div class=\"nsl-radgivare-list-card-filtrering-content\">Pelto tuet<\/div><\/div><\/div><div class=\"nsl-radgivare-list-card-contact\"><div class=\"nsl-radgivare-list-card-telefon\"><a target=\"_blank\" href=\"tel:+358 444 314 212\t\">+358 444 314 212\t<\/a><\/div><div class=\"nsl-radgivare-list-card-epost\"><a target=\"_blank\" href=\"mailto:emil.hastbacka@nsl.fi\">emil.hastbacka@nsl.fi<\/a><\/div><\/div><\/div><\/div><\/div><div class=\"nsl-radgivare-list-card\"><div class=\"nsl-radgivare-list-card-content\"><div class=\"nsl-radgivare-list-card-image\"><img decoding=\"async\" src=\"https:\/\/www.nsl.fi\/wp-content\/uploads\/Johan-H-kopia.jpg\"><\/div><div class=\"nsl-radgivare-list-card-namn\">Johan Holmstr\u00f6m<\/div><div class=\"nsl-radgivare-list-card-titel\">Kasvinviljelyneuvoja<\/div><div class=\"nsl-radgivare-list-card-abs\"><div class=\"nsl-radgivare-list-card-info\"><div class=\"nsl-radgivare-list-card-beskrivning\">Kasvinviljelyyn liittyv\u00e4\u00e4 neuvontaa Raaseporissa ja Hangossa<\/div><div class=\"nsl-radgivare-list-card-filtrering\"><div class=\"nsl-radgivare-list-card-filtrering-content\">LIR-neuvonta<\/div><div class=\"nsl-radgivare-list-card-filtrering-content\">Neuvo 2030<\/div><div class=\"nsl-radgivare-list-card-filtrering-content\">Siementuotanto<\/div><div class=\"nsl-radgivare-list-card-filtrering-content\">Kasvinviljely<\/div><div class=\"nsl-radgivare-list-card-filtrering-content\">Pelto tuet<\/div><\/div><\/div><div class=\"nsl-radgivare-list-card-contact\"><div class=\"nsl-radgivare-list-card-telefon\"><a target=\"_blank\" href=\"tel:+358 504 643 270\">+358 504 643 270<\/a><\/div><div class=\"nsl-radgivare-list-card-epost\"><a target=\"_blank\" href=\"mailto:johan.holmstrom@nsl.fi\">johan.holmstrom@nsl.fi<\/a><\/div><\/div><\/div><\/div><\/div><div class=\"nsl-radgivare-list-card\"><div class=\"nsl-radgivare-list-card-content\"><div class=\"nsl-radgivare-list-card-image\"><img decoding=\"async\" src=\"https:\/\/www.nsl.fi\/wp-content\/uploads\/maria_kalenius.jpg\"><\/div><div class=\"nsl-radgivare-list-card-namn\">Maria Kalenius<\/div><div class=\"nsl-radgivare-list-card-titel\">Kasvinviljelyneuvoja<\/div><div class=\"nsl-radgivare-list-card-abs\"><div class=\"nsl-radgivare-list-card-info\"><div class=\"nsl-radgivare-list-card-beskrivning\">Kasvinviljelyyn liittyv\u00e4\u00e4 neuvontaa it\u00e4isell\u00e4 Uudellamaalla<\/div><div class=\"nsl-radgivare-list-card-filtrering\"><div class=\"nsl-radgivare-list-card-filtrering-content\">Neuvo 2030<\/div><div class=\"nsl-radgivare-list-card-filtrering-content\">Siementuotanto<\/div><div class=\"nsl-radgivare-list-card-filtrering-content\">Kasvinviljely<\/div><div class=\"nsl-radgivare-list-card-filtrering-content\">Pelto tuet<\/div><\/div><\/div><div class=\"nsl-radgivare-list-card-contact\"><div class=\"nsl-radgivare-list-card-telefon\"><a target=\"_blank\" href=\"tel:+358 417 310 425\">+358 417 310 425<\/a><\/div><div class=\"nsl-radgivare-list-card-epost\"><a target=\"_blank\" href=\"mailto:maria.kalenius@nsl.fi\">maria.kalenius@nsl.fi<\/a><\/div><\/div><\/div><\/div><\/div><div class=\"nsl-radgivare-list-card\"><div class=\"nsl-radgivare-list-card-content\"><div class=\"nsl-radgivare-list-card-image\"><img decoding=\"async\" src=\"https:\/\/www.nsl.fi\/wp-content\/uploads\/Rick2.jpg\"><\/div><div class=\"nsl-radgivare-list-card-namn\">Rick Nystr\u00f6m<\/div><div class=\"nsl-radgivare-list-card-titel\">Kasvinviljelyneuvoja<\/div><div class=\"nsl-radgivare-list-card-abs\"><div class=\"nsl-radgivare-list-card-info\"><div class=\"nsl-radgivare-list-card-beskrivning\">Kasvinviljelyyn liittyv\u00e4\u00e4 neuvontaa It\u00e4-Uudellamaalla<\/div><div class=\"nsl-radgivare-list-card-filtrering\"><div class=\"nsl-radgivare-list-card-filtrering-content\">Kasvinviljely<\/div><div class=\"nsl-radgivare-list-card-filtrering-content\">Pelto tuet<\/div><\/div><\/div><div class=\"nsl-radgivare-list-card-contact\"><div class=\"nsl-radgivare-list-card-telefon\"><a target=\"_blank\" href=\"tel:+358 406 708 450\">+358 406 708 450<\/a><\/div><div class=\"nsl-radgivare-list-card-epost\"><a target=\"_blank\" href=\"mailto:rick.nystrom@nsl.fi\">rick.nystrom@nsl.fi<\/a><\/div><\/div><\/div><\/div><\/div><div class=\"nsl-radgivare-list-card\"><div class=\"nsl-radgivare-list-card-content\"><div class=\"nsl-radgivare-list-card-image\"><img decoding=\"async\" src=\"https:\/\/www.nsl.fi\/wp-content\/uploads\/britt_marie_olin.jpg\"><\/div><div class=\"nsl-radgivare-list-card-namn\">Britt-Marie Olin<\/div><div class=\"nsl-radgivare-list-card-titel\">Kasvinviljelyneuvoja<\/div><div class=\"nsl-radgivare-list-card-abs\"><div class=\"nsl-radgivare-list-card-info\"><div class=\"nsl-radgivare-list-card-beskrivning\">Viljelytuet ja kasvinviljelyneuvontaa Vantaalla, Espoossa, Kirkkonummella ja Siuntiossa.<\/div><div class=\"nsl-radgivare-list-card-filtrering\"><div class=\"nsl-radgivare-list-card-filtrering-content\">LIR-neuvonta<\/div><div class=\"nsl-radgivare-list-card-filtrering-content\">Neuvo 2030<\/div><div class=\"nsl-radgivare-list-card-filtrering-content\">Siementuotanto<\/div><div class=\"nsl-radgivare-list-card-filtrering-content\">Kasvinviljely<\/div><div class=\"nsl-radgivare-list-card-filtrering-content\">Pelto tuet<\/div><\/div><\/div><div class=\"nsl-radgivare-list-card-contact\"><div class=\"nsl-radgivare-list-card-telefon\"><a target=\"_blank\" href=\"tel:+358 408 487 301\">+358 408 487 301<\/a><\/div><div class=\"nsl-radgivare-list-card-epost\"><a target=\"_blank\" href=\"mailto:britt-marie.olin@nsl.fi\">britt-marie.olin@nsl.fi<\/a><\/div><\/div><\/div><\/div><\/div><div class=\"nsl-radgivare-list-card\"><div class=\"nsl-radgivare-list-card-content\"><div class=\"nsl-radgivare-list-card-image\"><img decoding=\"async\" src=\"https:\/\/www.nsl.fi\/wp-content\/uploads\/Anders.png\"><\/div><div class=\"nsl-radgivare-list-card-namn\">Anders Wiksten<\/div><div class=\"nsl-radgivare-list-card-titel\">Kasvinviljelyneuvoja<\/div><div class=\"nsl-radgivare-list-card-abs\"><div class=\"nsl-radgivare-list-card-info\"><div class=\"nsl-radgivare-list-card-beskrivning\">Kasvinviljelyyn liittyv\u00e4\u00e4 neuvontaa Porvoossa ja t\u00e4sm\u00e4viljelyneuvontaa koko NSL:n toiminta-alueella<\/div><div class=\"nsl-radgivare-list-card-filtrering\"><div class=\"nsl-radgivare-list-card-filtrering-content\">LIR-neuvonta<\/div><div class=\"nsl-radgivare-list-card-filtrering-content\">Neuvo 2030<\/div><div class=\"nsl-radgivare-list-card-filtrering-content\">Kasvinviljely<\/div><div class=\"nsl-radgivare-list-card-filtrering-content\">Pelto tuet<\/div><div class=\"nsl-radgivare-list-card-filtrering-content\">T\u00e4sm\u00e4viljely<\/div><\/div><\/div><div class=\"nsl-radgivare-list-card-contact\"><div class=\"nsl-radgivare-list-card-telefon\"><a target=\"_blank\" href=\"tel:+358 504 116 700\">+358 504 116 700<\/a><\/div><div class=\"nsl-radgivare-list-card-epost\"><a target=\"_blank\" href=\"mailto:anders.wiksten@nsl.fi\">anders.wiksten@nsl.fi<\/a><\/div><\/div><\/div><\/div><\/div><\/div>\n<\/div><\/div>\n<\/div><\/div><\/div>\n<\/div><\/div>\n<\/div><\/div><\/div>\n","protected":false},"excerpt":{"rendered":"<p>NSL tarjoaa tilakohtaista kasvinviljelyneuvontaa huomioiden maanviljelij\u00f6iden yksil\u00f6lliset toiveet ja tarpeet. Neuvonta on kokonaisvaltaista ja se perustuu tutkimukseen ja kentt\u00e4kokeisiin. NSL:n koetoiminnan ansiosta meill\u00e4 on mahdollisuus etsi\u00e4 ratkaisuja paikallisiin ongelmiin. Parhaan hy\u00f6dyn saavuttamiseksi toteutamme neuvonnan tilak\u00e4ynneill\u00e4, mutta tarpeen vaatiessa tarjoamme neuvontaa my\u00f6s et\u00e4n\u00e4. Organisaatiomme kattaa koko Uudenmaan, aina Hangosta Pyht\u00e4\u00e4lle saakka. Tarjoamme yksitt\u00e4isi\u00e4 palveluina yrityksellesi: Tarjoamme &#8230; <a title=\"Anders Wiksten\" class=\"read-more\" href=\"https:\/\/www.nsl.fi\/fi\/personal\/anders-wiksten\/\" aria-label=\"Lue lis\u00e4\u00e4 aiheesta Anders Wiksten\">Lue lis\u00e4\u00e4<\/a><\/p>\n","protected":false},"author":1,"featured_media":0,"parent":4982,"menu_order":0,"comment_status":"closed","ping_status":"closed","template":"","meta":{"_acf_changed":false,"_kad_blocks_custom_css":"","_kad_blocks_head_custom_js":"","_kad_blocks_body_custom_js":"","_kad_blocks_footer_custom_js":"","footnotes":""},"class_list":["post-4961","page","type-page","status-publish","hentry"],"acf":[],"taxonomy_info":[],"featured_image_src_large":false,"author_info":{"display_name":"Webmaster","author_link":"https:\/\/www.nsl.fi\/fi\/author\/mrmedia\/"},"comment_info":0,"publishpress_future_action":{"enabled":false,"date":"2026-04-22 00:27:17","action":"change-status","newStatus":"draft","terms":[],"taxonomy":"translation_priority","extraData":[]},"publishpress_future_workflow_manual_trigger":{"enabledWorkflows":[]},"_links":{"self":[{"href":"https:\/\/www.nsl.fi\/fi\/wp-json\/wp\/v2\/pages\/4961","targetHints":{"allow":["GET"]}}],"collection":[{"href":"https:\/\/www.nsl.fi\/fi\/wp-json\/wp\/v2\/pages"}],"about":[{"href":"https:\/\/www.nsl.fi\/fi\/wp-json\/wp\/v2\/types\/page"}],"author":[{"embeddable":true,"href":"https:\/\/www.nsl.fi\/fi\/wp-json\/wp\/v2\/users\/1"}],"replies":[{"embeddable":true,"href":"https:\/\/www.nsl.fi\/fi\/wp-json\/wp\/v2\/comments?post=4961"}],"version-history":[{"count":3,"href":"https:\/\/www.nsl.fi\/fi\/wp-json\/wp\/v2\/pages\/4961\/revisions"}],"predecessor-version":[{"id":5009,"href":"https:\/\/www.nsl.fi\/fi\/wp-json\/wp\/v2\/pages\/4961\/revisions\/5009"}],"up":[{"embeddable":true,"href":"https:\/\/www.nsl.fi\/fi\/wp-json\/wp\/v2\/pages\/4982"}],"wp:attachment":[{"href":"https:\/\/www.nsl.fi\/fi\/wp-json\/wp\/v2\/media?parent=4961"}],"curies":[{"name":"wp","href":"https:\/\/api.w.org\/{rel}","templated":true}]}}