{"id":4965,"date":"2021-01-28T10:34:47","date_gmt":"2021-01-28T08:34:47","guid":{"rendered":"https:\/\/dev.mrmedia.fi\/nsl\/dranering\/"},"modified":"2026-03-16T07:26:26","modified_gmt":"2026-03-16T05:26:26","slug":"salaojitus","status":"publish","type":"page","link":"https:\/\/www.nsl.fi\/fi\/neuvonta\/salaojitus\/","title":{"rendered":"Salaojitus"},"content":{"rendered":"\n<p>Toimiva salaojitus on perusta menestyv\u00e4lle maataloudelle. Nykyp\u00e4iv\u00e4n korkeat vaatimukset tehokkaalle maataloudelle ja vaihtelevien s\u00e4\u00e4olosuhteiden vuoksi on t\u00e4rke\u00e4\u00e4, ett\u00e4 pellon salaojitus toimii. NSL voi auttaa salaojitussuunnitelmien teossa aina ongelmien kartoituksesta tukihakemuksen tekoon.<\/p>\n\n\n\n<p><strong>Toteutamme:<\/strong><\/p>\n\n\n<style>.wp-block-kadence-iconlist.kt-svg-icon-list-items4965_27ad7e-8d:not(.this-stops-third-party-issues){margin-top:0px;margin-bottom:0px;}.wp-block-kadence-iconlist.kt-svg-icon-list-items4965_27ad7e-8d ul.kt-svg-icon-list:not(.this-prevents-issues):not(.this-stops-third-party-issues):not(.tijsloc){margin-top:0px;margin-right:0px;margin-bottom:var(--global-kb-spacing-sm, 1.5rem);margin-left:0px;}.wp-block-kadence-iconlist.kt-svg-icon-list-items4965_27ad7e-8d ul.kt-svg-icon-list{grid-row-gap:5px;}.wp-block-kadence-iconlist.kt-svg-icon-list-items4965_27ad7e-8d ul.kt-svg-icon-list .kt-svg-icon-list-item-wrap .kt-svg-icon-list-single{margin-right:10px;}<\/style>\n<div class=\"wp-block-kadence-iconlist kt-svg-icon-list-items kt-svg-icon-list-items4965_27ad7e-8d kt-svg-icon-list-columns-1 alignnone\"><ul class=\"kt-svg-icon-list\"><style>.kt-svg-icon-list-item-4965_99cd2f-47 .kt-svg-icon-list-single{font-size:20px !important;}.kt-svg-icon-list-item-4965_99cd2f-47 .kt-svg-icon-list-text mark.kt-highlight{background-color:unset;font-style:normal;color:#f76a0c;-webkit-box-decoration-break:clone;box-decoration-break:clone;padding-top:0px;padding-right:0px;padding-bottom:0px;padding-left:0px;}<\/style>\n<li class=\"wp-block-kadence-listitem kt-svg-icon-list-item-wrap kt-svg-icon-list-item-4965_99cd2f-47 kt-svg-icon-list-style-default\"><span class=\"kb-svg-icon-wrap kb-svg-icon-fe_chevronsRight kt-svg-icon-list-single\"><svg viewBox=\"0 0 24 24\"  fill=\"none\" stroke=\"currentColor\" stroke-width=\"2\" stroke-linecap=\"round\" stroke-linejoin=\"round\" xmlns=\"http:\/\/www.w3.org\/2000\/svg\"  aria-hidden=\"true\"><polyline points=\"13 17 18 12 13 7\"\/><polyline points=\"6 17 11 12 6 7\"\/><\/svg><\/span><span class=\"kt-svg-icon-list-text\">Maastomittauksia GNSS (GPS) &#8211; tekniikalla<\/span><\/li>\n\n\n<style>.kt-svg-icon-list-item-4965_ddda17-b9 .kt-svg-icon-list-single{font-size:20px !important;}.kt-svg-icon-list-item-4965_ddda17-b9 .kt-svg-icon-list-text mark.kt-highlight{background-color:unset;font-style:normal;color:#f76a0c;-webkit-box-decoration-break:clone;box-decoration-break:clone;padding-top:0px;padding-right:0px;padding-bottom:0px;padding-left:0px;}<\/style>\n<li class=\"wp-block-kadence-listitem kt-svg-icon-list-item-wrap kt-svg-icon-list-item-4965_ddda17-b9 kt-svg-icon-list-style-default\"><span class=\"kb-svg-icon-wrap kb-svg-icon-fe_chevronsRight kt-svg-icon-list-single\"><svg viewBox=\"0 0 24 24\"  fill=\"none\" stroke=\"currentColor\" stroke-width=\"2\" stroke-linecap=\"round\" stroke-linejoin=\"round\" xmlns=\"http:\/\/www.w3.org\/2000\/svg\"  aria-hidden=\"true\"><polyline points=\"13 17 18 12 13 7\"\/><polyline points=\"6 17 11 12 6 7\"\/><\/svg><\/span><span class=\"kt-svg-icon-list-text\">Salaojitussuunnitelmia<\/span><\/li>\n\n\n<style>.kt-svg-icon-list-item-4965_c77da8-32 .kt-svg-icon-list-single{font-size:20px !important;}.kt-svg-icon-list-item-4965_c77da8-32 .kt-svg-icon-list-text mark.kt-highlight{background-color:unset;font-style:normal;color:#f76a0c;-webkit-box-decoration-break:clone;box-decoration-break:clone;padding-top:0px;padding-right:0px;padding-bottom:0px;padding-left:0px;}<\/style>\n<li class=\"wp-block-kadence-listitem kt-svg-icon-list-item-wrap kt-svg-icon-list-item-4965_c77da8-32 kt-svg-icon-list-style-default\"><span class=\"kb-svg-icon-wrap kb-svg-icon-fe_chevronsRight kt-svg-icon-list-single\"><svg viewBox=\"0 0 24 24\"  fill=\"none\" stroke=\"currentColor\" stroke-width=\"2\" stroke-linecap=\"round\" stroke-linejoin=\"round\" xmlns=\"http:\/\/www.w3.org\/2000\/svg\"  aria-hidden=\"true\"><polyline points=\"13 17 18 12 13 7\"\/><polyline points=\"6 17 11 12 6 7\"\/><\/svg><\/span><span class=\"kt-svg-icon-list-text\">Ty\u00f6maapaalutus<\/span><\/li>\n\n\n<style>.kt-svg-icon-list-item-4965_5676e5-2f .kt-svg-icon-list-single{font-size:20px !important;}.kt-svg-icon-list-item-4965_5676e5-2f .kt-svg-icon-list-text mark.kt-highlight{background-color:unset;font-style:normal;color:#f76a0c;-webkit-box-decoration-break:clone;box-decoration-break:clone;padding-top:0px;padding-right:0px;padding-bottom:0px;padding-left:0px;}<\/style>\n<li class=\"wp-block-kadence-listitem kt-svg-icon-list-item-wrap kt-svg-icon-list-item-4965_5676e5-2f kt-svg-icon-list-style-default\"><span class=\"kb-svg-icon-wrap kb-svg-icon-fe_chevronsRight kt-svg-icon-list-single\"><svg viewBox=\"0 0 24 24\"  fill=\"none\" stroke=\"currentColor\" stroke-width=\"2\" stroke-linecap=\"round\" stroke-linejoin=\"round\" xmlns=\"http:\/\/www.w3.org\/2000\/svg\"  aria-hidden=\"true\"><polyline points=\"13 17 18 12 13 7\"\/><polyline points=\"6 17 11 12 6 7\"\/><\/svg><\/span><span class=\"kt-svg-icon-list-text\">Neuvontaa peruskuivatukseen<\/span><\/li>\n<\/ul><\/div>\n\n\n\n<p>Salaojitussuunnitelmat sis\u00e4lt\u00e4v\u00e4t suunnitelman, suunnitelmakuvauksen, ty\u00f6nkuvauksen ja kustannuslaskelman sis\u00e4lt\u00e4en listan materiaaleista.<\/p>\n\n\n<style>.wp-block-kadence-advancedheading.kt-adv-heading4965_1bd6cf-b4, .wp-block-kadence-advancedheading.kt-adv-heading4965_1bd6cf-b4[data-kb-block=\"kb-adv-heading4965_1bd6cf-b4\"]{font-style:normal;}.wp-block-kadence-advancedheading.kt-adv-heading4965_1bd6cf-b4 mark.kt-highlight, .wp-block-kadence-advancedheading.kt-adv-heading4965_1bd6cf-b4[data-kb-block=\"kb-adv-heading4965_1bd6cf-b4\"] mark.kt-highlight{font-style:normal;color:#f76a0c;-webkit-box-decoration-break:clone;box-decoration-break:clone;padding-top:0px;padding-right:0px;padding-bottom:0px;padding-left:0px;}.wp-block-kadence-advancedheading.kt-adv-heading4965_1bd6cf-b4 img.kb-inline-image, .wp-block-kadence-advancedheading.kt-adv-heading4965_1bd6cf-b4[data-kb-block=\"kb-adv-heading4965_1bd6cf-b4\"] img.kb-inline-image{width:150px;vertical-align:baseline;}<\/style>\n<h2 class=\"kt-adv-heading4965_1bd6cf-b4 wp-block-kadence-advancedheading\" data-kb-block=\"kb-adv-heading4965_1bd6cf-b4\">Tuki salaojitukseen<\/h2>\n\n\n\n<p>Salaojitukseen voi hakea investointitukea. Tuki on 40 % prosenttia toteutuneista kustannuksista ja maksimissaan 6\u20ac\/m ja minimi tukisumma joka my\u00f6nnet\u00e4\u00e4n on 3000 \u20ac. T\u00e4m\u00e4 tarkoittaa, ett\u00e4 tuen my\u00f6nt\u00e4miseksi ojitusm\u00e4\u00e4r\u00e4n on oltava n. 2000 metri\u00e4. Eri lohkojen salaojitust\u00f6it\u00e4 voidaan yhdist\u00e4\u00e4, jotta minimimatka tulee t\u00e4yteen.<\/p>\n\n\n\n<p><strong>Hakuajat ovat seuraavat:<\/strong><\/p>\n\n\n<style>.wp-block-kadence-iconlist.kt-svg-icon-list-items4965_09d6f3-55:not(.this-stops-third-party-issues){margin-top:0px;margin-bottom:0px;}.wp-block-kadence-iconlist.kt-svg-icon-list-items4965_09d6f3-55 ul.kt-svg-icon-list:not(.this-prevents-issues):not(.this-stops-third-party-issues):not(.tijsloc){margin-top:0px;margin-right:0px;margin-bottom:var(--global-kb-spacing-sm, 1.5rem);margin-left:0px;}.wp-block-kadence-iconlist.kt-svg-icon-list-items4965_09d6f3-55 ul.kt-svg-icon-list{grid-row-gap:5px;}.wp-block-kadence-iconlist.kt-svg-icon-list-items4965_09d6f3-55 ul.kt-svg-icon-list .kt-svg-icon-list-item-wrap .kt-svg-icon-list-single{margin-right:10px;}<\/style>\n<div class=\"wp-block-kadence-iconlist kt-svg-icon-list-items kt-svg-icon-list-items4965_09d6f3-55 kt-svg-icon-list-columns-1 alignnone\"><ul class=\"kt-svg-icon-list\"><style>.kt-svg-icon-list-item-4965_439f19-eb .kt-svg-icon-list-single{font-size:20px !important;}.kt-svg-icon-list-item-4965_439f19-eb .kt-svg-icon-list-text mark.kt-highlight{background-color:unset;font-style:normal;color:#f76a0c;-webkit-box-decoration-break:clone;box-decoration-break:clone;padding-top:0px;padding-right:0px;padding-bottom:0px;padding-left:0px;}<\/style>\n<li class=\"wp-block-kadence-listitem kt-svg-icon-list-item-wrap kt-svg-icon-list-item-4965_439f19-eb kt-svg-icon-list-style-default\"><span class=\"kb-svg-icon-wrap kb-svg-icon-fe_arrowRight kt-svg-icon-list-single\"><svg viewBox=\"0 0 24 24\"  fill=\"none\" stroke=\"currentColor\" stroke-width=\"2\" stroke-linecap=\"round\" stroke-linejoin=\"round\" xmlns=\"http:\/\/www.w3.org\/2000\/svg\"  aria-hidden=\"true\"><line x1=\"5\" y1=\"12\" x2=\"19\" y2=\"12\"\/><polyline points=\"12 5 19 12 12 19\"\/><\/svg><\/span><span class=\"kt-svg-icon-list-text\">16.1 &#8211; 15.3<\/span><\/li>\n\n\n<style>.kt-svg-icon-list-item-4965_110729-21 .kt-svg-icon-list-single{font-size:20px !important;}.kt-svg-icon-list-item-4965_110729-21 .kt-svg-icon-list-text mark.kt-highlight{background-color:unset;font-style:normal;color:#f76a0c;-webkit-box-decoration-break:clone;box-decoration-break:clone;padding-top:0px;padding-right:0px;padding-bottom:0px;padding-left:0px;}<\/style>\n<li class=\"wp-block-kadence-listitem kt-svg-icon-list-item-wrap kt-svg-icon-list-item-4965_110729-21 kt-svg-icon-list-style-default\"><span class=\"kb-svg-icon-wrap kb-svg-icon-fe_arrowRight kt-svg-icon-list-single\"><svg viewBox=\"0 0 24 24\"  fill=\"none\" stroke=\"currentColor\" stroke-width=\"2\" stroke-linecap=\"round\" stroke-linejoin=\"round\" xmlns=\"http:\/\/www.w3.org\/2000\/svg\"  aria-hidden=\"true\"><line x1=\"5\" y1=\"12\" x2=\"19\" y2=\"12\"\/><polyline points=\"12 5 19 12 12 19\"\/><\/svg><\/span><span class=\"kt-svg-icon-list-text\">16.3 &#8211; 15.8<\/span><\/li>\n\n\n<style>.kt-svg-icon-list-item-4965_2da5f2-2c .kt-svg-icon-list-single{font-size:20px !important;}.kt-svg-icon-list-item-4965_2da5f2-2c .kt-svg-icon-list-text mark.kt-highlight{background-color:unset;font-style:normal;color:#f76a0c;-webkit-box-decoration-break:clone;box-decoration-break:clone;padding-top:0px;padding-right:0px;padding-bottom:0px;padding-left:0px;}<\/style>\n<li class=\"wp-block-kadence-listitem kt-svg-icon-list-item-wrap kt-svg-icon-list-item-4965_2da5f2-2c kt-svg-icon-list-style-default\"><span class=\"kb-svg-icon-wrap kb-svg-icon-fe_arrowRight kt-svg-icon-list-single\"><svg viewBox=\"0 0 24 24\"  fill=\"none\" stroke=\"currentColor\" stroke-width=\"2\" stroke-linecap=\"round\" stroke-linejoin=\"round\" xmlns=\"http:\/\/www.w3.org\/2000\/svg\"  aria-hidden=\"true\"><line x1=\"5\" y1=\"12\" x2=\"19\" y2=\"12\"\/><polyline points=\"12 5 19 12 12 19\"\/><\/svg><\/span><span class=\"kt-svg-icon-list-text\">16.8 &#8211; 15.10<\/span><\/li>\n\n\n<style>.kt-svg-icon-list-item-4965_ea19e1-6a .kt-svg-icon-list-single{font-size:20px !important;}.kt-svg-icon-list-item-4965_ea19e1-6a .kt-svg-icon-list-text mark.kt-highlight{background-color:unset;font-style:normal;color:#f76a0c;-webkit-box-decoration-break:clone;box-decoration-break:clone;padding-top:0px;padding-right:0px;padding-bottom:0px;padding-left:0px;}<\/style>\n<li class=\"wp-block-kadence-listitem kt-svg-icon-list-item-wrap kt-svg-icon-list-item-4965_ea19e1-6a kt-svg-icon-list-style-default\"><span class=\"kb-svg-icon-wrap kb-svg-icon-fe_arrowRight kt-svg-icon-list-single\"><svg viewBox=\"0 0 24 24\"  fill=\"none\" stroke=\"currentColor\" stroke-width=\"2\" stroke-linecap=\"round\" stroke-linejoin=\"round\" xmlns=\"http:\/\/www.w3.org\/2000\/svg\"  aria-hidden=\"true\"><line x1=\"5\" y1=\"12\" x2=\"19\" y2=\"12\"\/><polyline points=\"12 5 19 12 12 19\"\/><\/svg><\/span><span class=\"kt-svg-icon-list-text\">16.10 &#8211; 15.1<\/span><\/li>\n<\/ul><\/div>\n\n\n\n<p><br>Ty\u00f6t\u00e4 saa aloittaa omalla vastuulla tukihakemuksen j\u00e4tt\u00e4misen j\u00e4lkeen, ennen tukip\u00e4\u00e4t\u00f6ksen saamista. Jos tukea ei my\u00f6nnet\u00e4 ja ty\u00f6 on jo aloitettu, samaan hankkeeseen ei kuitenkaan voi hakea tukea uudelleen<\/p>\n\n\n\n<p>Lis\u00e4tietoja salaojituksesta l\u00f6ytyy <a rel=\"noreferrer noopener\" href=\"https:\/\/www.salaojayhdistys.fi\/fi\/etusivu\/\" target=\"_blank\">Salaojayhdistyksen<\/a> kotisivuilta.<\/p>\n\n\n<style>.kb-row-layout-wrap.wp-block-kadence-rowlayout.kb-row-layout-id4965_a85e98-32{margin-bottom:0px;margin-top:100px;}.kb-row-layout-id4965_a85e98-32 > .kt-row-column-wrap{align-content:center;}:where(.kb-row-layout-id4965_a85e98-32 > .kt-row-column-wrap) > .wp-block-kadence-column{justify-content:center;}.kb-row-layout-id4965_a85e98-32 > .kt-row-column-wrap{column-gap:var(--global-kb-gap-md, 2rem);row-gap:var(--global-kb-gap-md, 2rem);padding-top:80px;padding-bottom:80px;grid-template-columns:minmax(0, 1fr);}.kb-row-layout-id4965_a85e98-32{background-color:#f2f2f2;}.kb-row-layout-id4965_a85e98-32 > .kt-row-layout-overlay{opacity:0.30;}@media all and (max-width: 1024px){.kb-row-layout-id4965_a85e98-32 > .kt-row-column-wrap{grid-template-columns:minmax(0, 1fr);}}@media all and (max-width: 767px){.kb-row-layout-id4965_a85e98-32 > .kt-row-column-wrap{grid-template-columns:minmax(0, 1fr);}}<\/style><div class=\"kb-row-layout-wrap kb-row-layout-id4965_a85e98-32 alignfull kt-row-has-bg wp-block-kadence-rowlayout\"><div class=\"kt-row-column-wrap kt-has-1-columns kt-row-layout-equal kt-tab-layout-inherit kt-mobile-layout-row kt-row-valign-middle\">\n<style>.kadence-column4965_d9bdda-24 > .kt-inside-inner-col{border-top-width:0px;border-right-width:0px;border-bottom-width:0px;border-left-width:0px;}.kadence-column4965_d9bdda-24 > .kt-inside-inner-col,.kadence-column4965_d9bdda-24 > .kt-inside-inner-col:before{border-top-left-radius:0px;border-top-right-radius:0px;border-bottom-right-radius:0px;border-bottom-left-radius:0px;}.kadence-column4965_d9bdda-24 > .kt-inside-inner-col{column-gap:var(--global-kb-gap-sm, 1rem);}.kadence-column4965_d9bdda-24 > .kt-inside-inner-col{flex-direction:column;}.kadence-column4965_d9bdda-24 > .kt-inside-inner-col > .aligncenter{width:100%;}.kadence-column4965_d9bdda-24 > .kt-inside-inner-col:before{opacity:0.3;}.kadence-column4965_d9bdda-24{position:relative;}@media all and (max-width: 1024px){.kadence-column4965_d9bdda-24 > .kt-inside-inner-col{flex-direction:column;justify-content:center;}}@media all and (max-width: 767px){.kadence-column4965_d9bdda-24 > .kt-inside-inner-col{flex-direction:column;justify-content:center;}}<\/style>\n<div class=\"wp-block-kadence-column kadence-column4965_d9bdda-24 inner-column-1\"><div class=\"kt-inside-inner-col\"><style>.kb-row-layout-wrap.wp-block-kadence-rowlayout.kb-row-layout-id4965_b1d229-b2{margin-bottom:0px;}.kb-row-layout-id4965_b1d229-b2 > .kt-row-column-wrap{align-content:start;}:where(.kb-row-layout-id4965_b1d229-b2 > .kt-row-column-wrap) > .wp-block-kadence-column{justify-content:start;}.kb-row-layout-id4965_b1d229-b2 > .kt-row-column-wrap{column-gap:var(--global-kb-gap-md, 2rem);row-gap:var(--global-kb-gap-md, 2rem);max-width:1400px;margin-left:auto;margin-right:auto;padding-top:0px;padding-bottom:0px;grid-template-columns:minmax(0, 1fr);}.kb-row-layout-id4965_b1d229-b2 > .kt-row-layout-overlay{opacity:0.30;}@media all and (max-width: 1024px){.kb-row-layout-id4965_b1d229-b2 > .kt-row-column-wrap{grid-template-columns:minmax(0, 1fr);}}@media all and (max-width: 767px){.kb-row-layout-id4965_b1d229-b2 > .kt-row-column-wrap{grid-template-columns:minmax(0, 1fr);}}<\/style><div class=\"kb-row-layout-wrap kb-row-layout-id4965_b1d229-b2 alignnone wp-block-kadence-rowlayout\"><div class=\"kt-row-column-wrap kt-has-1-columns kt-row-layout-equal kt-tab-layout-inherit kt-mobile-layout-row kt-row-valign-top\">\n<style>.kadence-column4965_9c410f-89 > .kt-inside-inner-col{border-top-width:0px;border-right-width:0px;border-bottom-width:0px;border-left-width:0px;}.kadence-column4965_9c410f-89 > .kt-inside-inner-col,.kadence-column4965_9c410f-89 > .kt-inside-inner-col:before{border-top-left-radius:0px;border-top-right-radius:0px;border-bottom-right-radius:0px;border-bottom-left-radius:0px;}.kadence-column4965_9c410f-89 > .kt-inside-inner-col{column-gap:var(--global-kb-gap-sm, 1rem);}.kadence-column4965_9c410f-89 > .kt-inside-inner-col{flex-direction:column;}.kadence-column4965_9c410f-89 > .kt-inside-inner-col > .aligncenter{width:100%;}.kadence-column4965_9c410f-89 > .kt-inside-inner-col:before{opacity:0.3;}.kadence-column4965_9c410f-89{position:relative;}@media all and (max-width: 1024px){.kadence-column4965_9c410f-89 > .kt-inside-inner-col{flex-direction:column;justify-content:center;}}@media all and (max-width: 767px){.kadence-column4965_9c410f-89 > .kt-inside-inner-col{flex-direction:column;justify-content:center;}}<\/style>\n<div class=\"wp-block-kadence-column kadence-column4965_9c410f-89 inner-column-1\"><div class=\"kt-inside-inner-col\"><style>.wp-block-kadence-advancedheading.kt-adv-heading4965_ece794-08, .wp-block-kadence-advancedheading.kt-adv-heading4965_ece794-08[data-kb-block=\"kb-adv-heading4965_ece794-08\"]{text-align:center;font-style:normal;}.wp-block-kadence-advancedheading.kt-adv-heading4965_ece794-08 mark.kt-highlight, .wp-block-kadence-advancedheading.kt-adv-heading4965_ece794-08[data-kb-block=\"kb-adv-heading4965_ece794-08\"] mark.kt-highlight{font-style:normal;color:#f76a0c;-webkit-box-decoration-break:clone;box-decoration-break:clone;padding-top:0px;padding-right:0px;padding-bottom:0px;padding-left:0px;}.wp-block-kadence-advancedheading.kt-adv-heading4965_ece794-08 img.kb-inline-image, .wp-block-kadence-advancedheading.kt-adv-heading4965_ece794-08[data-kb-block=\"kb-adv-heading4965_ece794-08\"] img.kb-inline-image{width:150px;vertical-align:baseline;}<\/style>\n<h2 class=\"kt-adv-heading4965_ece794-08 wp-block-kadence-advancedheading\" data-kb-block=\"kb-adv-heading4965_ece794-08\">Neuvojat<\/h2>\n\n\n<div class=\"nsl-radgivare-list-container\"><div class=\"nsl-radgivare-list-card\"><div class=\"nsl-radgivare-list-card-content\"><div class=\"nsl-radgivare-list-card-image\"><img decoding=\"async\" src=\"https:\/\/www.nsl.fi\/wp-content\/uploads\/martin_traskman.jpg\"><\/div><div class=\"nsl-radgivare-list-card-namn\">Martin Tr\u00e4skman<\/div><div class=\"nsl-radgivare-list-card-titel\">Salaojasunnittelija<\/div><div class=\"nsl-radgivare-list-card-abs\"><div class=\"nsl-radgivare-list-card-info\"><div class=\"nsl-radgivare-list-card-beskrivning\">Salaojaneuvontaa koko Uudellamaalla<\/div><div class=\"nsl-radgivare-list-card-filtrering\"><div class=\"nsl-radgivare-list-card-filtrering-content\">Salaojasuunnittelu<\/div><\/div><\/div><div class=\"nsl-radgivare-list-card-contact\"><div class=\"nsl-radgivare-list-card-telefon\"><a target=\"_blank\" href=\"tel:+358 407 073 197\">+358 407 073 197<\/a><\/div><div class=\"nsl-radgivare-list-card-epost\"><a target=\"_blank\" href=\"mailto:martin.traskman@nsl.fi\">martin.traskman@nsl.fi<\/a><\/div><\/div><\/div><\/div><\/div><\/div>\n<\/div><\/div>\n\n<\/div><\/div><\/div><\/div>\n\n<\/div><\/div>","protected":false},"excerpt":{"rendered":"<p>Toimiva salaojitus on perusta menestyv\u00e4lle maataloudelle. Nykyp\u00e4iv\u00e4n korkeat vaatimukset tehokkaalle maataloudelle ja vaihtelevien s\u00e4\u00e4olosuhteiden vuoksi on t\u00e4rke\u00e4\u00e4, ett\u00e4 pellon salaojitus toimii. NSL voi auttaa salaojitussuunnitelmien teossa aina ongelmien kartoituksesta tukihakemuksen tekoon. Toteutamme: Salaojitussuunnitelmat sis\u00e4lt\u00e4v\u00e4t suunnitelman, suunnitelmakuvauksen, ty\u00f6nkuvauksen ja kustannuslaskelman sis\u00e4lt\u00e4en listan materiaaleista. Tuki salaojitukseen Salaojitukseen voi hakea investointitukea. Tuki on 40 % prosenttia toteutuneista kustannuksista &#8230; <a title=\"Martin Tr\u00e4skman\" class=\"read-more\" href=\"https:\/\/www.nsl.fi\/fi\/personal\/martin-traskman\/\" aria-label=\"Lue lis\u00e4\u00e4 aiheesta Martin Tr\u00e4skman\">Lue lis\u00e4\u00e4<\/a><\/p>\n","protected":false},"author":1,"featured_media":0,"parent":4982,"menu_order":0,"comment_status":"closed","ping_status":"closed","template":"","meta":{"_acf_changed":false,"_kad_blocks_custom_css":"","_kad_blocks_head_custom_js":"","_kad_blocks_body_custom_js":"","_kad_blocks_footer_custom_js":"","footnotes":""},"class_list":["post-4965","page","type-page","status-publish","hentry"],"acf":[],"taxonomy_info":[],"featured_image_src_large":false,"author_info":{"display_name":"Webmaster","author_link":"https:\/\/www.nsl.fi\/fi\/author\/mrmedia\/"},"comment_info":0,"publishpress_future_action":{"enabled":false,"date":"2026-05-09 02:01:58","action":"change-status","newStatus":"draft","terms":[],"taxonomy":"translation_priority","extraData":[]},"publishpress_future_workflow_manual_trigger":{"enabledWorkflows":[]},"_links":{"self":[{"href":"https:\/\/www.nsl.fi\/fi\/wp-json\/wp\/v2\/pages\/4965","targetHints":{"allow":["GET"]}}],"collection":[{"href":"https:\/\/www.nsl.fi\/fi\/wp-json\/wp\/v2\/pages"}],"about":[{"href":"https:\/\/www.nsl.fi\/fi\/wp-json\/wp\/v2\/types\/page"}],"author":[{"embeddable":true,"href":"https:\/\/www.nsl.fi\/fi\/wp-json\/wp\/v2\/users\/1"}],"replies":[{"embeddable":true,"href":"https:\/\/www.nsl.fi\/fi\/wp-json\/wp\/v2\/comments?post=4965"}],"version-history":[{"count":4,"href":"https:\/\/www.nsl.fi\/fi\/wp-json\/wp\/v2\/pages\/4965\/revisions"}],"predecessor-version":[{"id":8038,"href":"https:\/\/www.nsl.fi\/fi\/wp-json\/wp\/v2\/pages\/4965\/revisions\/8038"}],"up":[{"embeddable":true,"href":"https:\/\/www.nsl.fi\/fi\/wp-json\/wp\/v2\/pages\/4982"}],"wp:attachment":[{"href":"https:\/\/www.nsl.fi\/fi\/wp-json\/wp\/v2\/media?parent=4965"}],"curies":[{"name":"wp","href":"https:\/\/api.w.org\/{rel}","templated":true}]}}