{"id":4970,"date":"2021-01-28T10:35:15","date_gmt":"2021-01-28T08:35:15","guid":{"rendered":"https:\/\/dev.mrmedia.fi\/nsl\/eko-radgivning\/"},"modified":"2021-06-09T14:15:41","modified_gmt":"2021-06-09T12:15:41","slug":"luomuneuvonta","status":"publish","type":"page","link":"https:\/\/www.nsl.fi\/fi\/neuvonta\/luomuneuvonta\/","title":{"rendered":"Luomuneuvonta"},"content":{"rendered":"\n<p>Luomuala on kasvanut tasaisesti Suomessa ja kasvu jatkuu mahdollisesti my\u00f6s tulevaisuudessa. Luomu voi olla yksi mahdollisuus kest\u00e4v\u00e4mm\u00e4n ja taloudellisesti kannattavamman maatalouden tulevaisuuden luomiseksi. Luomuviljely vaatii pitk\u00e4j\u00e4nteist\u00e4 suunnittelua rikkakasvien torjunnan, lannoituksen ja kasvavan byrokratian sel\u00e4tt\u00e4miseksi. NSL antaa neuvontaa ja vastauksia luomua koskeviin kysymyksiin. Sivun alalaidasta l\u00f6yd\u00e4t luomuneuvojiemme yhteistiedot.<\/p>\n\n\n\n<p><strong>Tarjoamme seuraavia palveluita:<\/strong><\/p>\n\n\n<style>.wp-block-kadence-iconlist.kt-svg-icon-list-items_664b21-fa:not(.this-stops-third-party-issues){margin-top:0px;margin-bottom:0px;}.wp-block-kadence-iconlist.kt-svg-icon-list-items_664b21-fa ul.kt-svg-icon-list:not(.this-prevents-issues):not(.this-stops-third-party-issues):not(.tijsloc){margin-top:0px;margin-right:0px;margin-bottom:var(--global-kb-spacing-sm, 1.5rem);margin-left:0px;}.wp-block-kadence-iconlist.kt-svg-icon-list-items_664b21-fa ul.kt-svg-icon-list{grid-row-gap:5px;}.wp-block-kadence-iconlist.kt-svg-icon-list-items_664b21-fa ul.kt-svg-icon-list .kt-svg-icon-list-item-wrap .kt-svg-icon-list-single{margin-right:10px;}.kt-svg-icon-list-items_664b21-fa ul.kt-svg-icon-list .kt-svg-icon-list-level-0 .kt-svg-icon-list-single svg{font-size:20px;}.kt-svg-icon-list-items_664b21-fa ul.kt-svg-icon-list .kt-svg-icon-list-level-1 .kt-svg-icon-list-single svg{font-size:20px;}.kt-svg-icon-list-items_664b21-fa ul.kt-svg-icon-list .kt-svg-icon-list-level-2 .kt-svg-icon-list-single svg{font-size:20px;}.kt-svg-icon-list-items_664b21-fa ul.kt-svg-icon-list .kt-svg-icon-list-level-3 .kt-svg-icon-list-single svg{font-size:20px;}.kt-svg-icon-list-items_664b21-fa ul.kt-svg-icon-list .kt-svg-icon-list-level-4 .kt-svg-icon-list-single svg{font-size:20px;}.kt-svg-icon-list-items_664b21-fa ul.kt-svg-icon-list .kt-svg-icon-list-level-5 .kt-svg-icon-list-single svg{font-size:20px;}.kt-svg-icon-list-items_664b21-fa ul.kt-svg-icon-list .kt-svg-icon-list-level-6 .kt-svg-icon-list-single svg{font-size:20px;}.kt-svg-icon-list-items_664b21-fa ul.kt-svg-icon-list .kt-svg-icon-list-level-7 .kt-svg-icon-list-single svg{font-size:20px;}<\/style>\n<div class=\"wp-block-kadence-iconlist kt-svg-icon-list-items kt-svg-icon-list-items_664b21-fa kt-svg-icon-list-columns-1 alignnone kt-list-icon-aligntop\"><ul class=\"kt-svg-icon-list\"><li class=\"kt-svg-icon-list-style-default kt-svg-icon-list-item-wrap kt-svg-icon-list-item-0\"><div style=\"display:inline-flex;justify-content:center;align-items:center\" class=\"kt-svg-icon-list-single kt-svg-icon-list-single-fe_chevronsRight\"><svg style=\"display:inline-block;vertical-align:middle\" viewbox=\"0 0 24 24\" height=\"20\" width=\"20\" fill=\"none\" stroke=\"currentColor\" xmlns=\"https:\/\/www.w3.org\/2000\/svg\" stroke-width=\"2\" stroke-linecap=\"round\" stroke-linejoin=\"round\"><polyline points=\"13 17 18 12 13 7\"><\/polyline><polyline points=\"6 17 11 12 6 7\"><\/polyline><\/svg><\/div><span class=\"kt-svg-icon-list-text\">Luomun peruskurssi (vaatimus luomusitoumukseen siirtyville)<\/span><\/li><li class=\"kt-svg-icon-list-style-default kt-svg-icon-list-item-wrap kt-svg-icon-list-item-1\"><div style=\"display:inline-flex;justify-content:center;align-items:center\" class=\"kt-svg-icon-list-single kt-svg-icon-list-single-fe_chevronsRight\"><svg style=\"display:inline-block;vertical-align:middle\" viewbox=\"0 0 24 24\" height=\"20\" width=\"20\" fill=\"none\" stroke=\"currentColor\" xmlns=\"https:\/\/www.w3.org\/2000\/svg\" stroke-width=\"2\" stroke-linecap=\"round\" stroke-linejoin=\"round\"><polyline points=\"13 17 18 12 13 7\"><\/polyline><polyline points=\"6 17 11 12 6 7\"><\/polyline><\/svg><\/div><span class=\"kt-svg-icon-list-text\">Neuvontaa ja ty\u00f6kaluja p\u00e4\u00e4t\u00f6ksentekoon siirrytt\u00e4ess\u00e4 tavanomaisesta tuotannosta luomuun<\/span><\/li><li class=\"kt-svg-icon-list-style-default kt-svg-icon-list-item-wrap kt-svg-icon-list-item-2\"><div style=\"display:inline-flex;justify-content:center;align-items:center\" class=\"kt-svg-icon-list-single kt-svg-icon-list-single-fe_chevronsRight\"><svg style=\"display:inline-block;vertical-align:middle\" viewbox=\"0 0 24 24\" height=\"20\" width=\"20\" fill=\"none\" stroke=\"currentColor\" xmlns=\"https:\/\/www.w3.org\/2000\/svg\" stroke-width=\"2\" stroke-linecap=\"round\" stroke-linejoin=\"round\"><polyline points=\"13 17 18 12 13 7\"><\/polyline><polyline points=\"6 17 11 12 6 7\"><\/polyline><\/svg><\/div><span class=\"kt-svg-icon-list-text\">Lomakkeita ja hakemuksia luomuvalvontaan ja luomusitoumukseen<\/span><\/li><li class=\"kt-svg-icon-list-style-default kt-svg-icon-list-item-wrap kt-svg-icon-list-item-3\"><div style=\"display:inline-flex;justify-content:center;align-items:center\" class=\"kt-svg-icon-list-single kt-svg-icon-list-single-fe_chevronsRight\"><svg style=\"display:inline-block;vertical-align:middle\" viewbox=\"0 0 24 24\" height=\"20\" width=\"20\" fill=\"none\" stroke=\"currentColor\" xmlns=\"https:\/\/www.w3.org\/2000\/svg\" stroke-width=\"2\" stroke-linecap=\"round\" stroke-linejoin=\"round\"><polyline points=\"13 17 18 12 13 7\"><\/polyline><polyline points=\"6 17 11 12 6 7\"><\/polyline><\/svg><\/div><span class=\"kt-svg-icon-list-text\">Suunnitelmia luomutilalle: luomusuunnitelma sis\u00e4lt\u00e4en viljelykierto-, kasvinsuojelu- ja lannoitussuunnitelman<\/span><\/li><li class=\"kt-svg-icon-list-style-default kt-svg-icon-list-item-wrap kt-svg-icon-list-item-4\"><div style=\"display:inline-flex;justify-content:center;align-items:center\" class=\"kt-svg-icon-list-single kt-svg-icon-list-single-fe_chevronsRight\"><svg style=\"display:inline-block;vertical-align:middle\" viewbox=\"0 0 24 24\" height=\"20\" width=\"20\" fill=\"none\" stroke=\"currentColor\" xmlns=\"https:\/\/www.w3.org\/2000\/svg\" stroke-width=\"2\" stroke-linecap=\"round\" stroke-linejoin=\"round\"><polyline points=\"13 17 18 12 13 7\"><\/polyline><polyline points=\"6 17 11 12 6 7\"><\/polyline><\/svg><\/div><span class=\"kt-svg-icon-list-text\">Vuosittaiset viljelysuunnitelmat<\/span><\/li><li class=\"kt-svg-icon-list-style-default kt-svg-icon-list-item-wrap kt-svg-icon-list-item-5\"><div style=\"display:inline-flex;justify-content:center;align-items:center\" class=\"kt-svg-icon-list-single kt-svg-icon-list-single-fe_chevronsRight\"><svg style=\"display:inline-block;vertical-align:middle\" viewbox=\"0 0 24 24\" height=\"20\" width=\"20\" fill=\"none\" stroke=\"currentColor\" xmlns=\"https:\/\/www.w3.org\/2000\/svg\" stroke-width=\"2\" stroke-linecap=\"round\" stroke-linejoin=\"round\"><polyline points=\"13 17 18 12 13 7\"><\/polyline><polyline points=\"6 17 11 12 6 7\"><\/polyline><\/svg><\/div><span class=\"kt-svg-icon-list-text\">Maan\u00e4ytteenotto<\/span><\/li><li class=\"kt-svg-icon-list-style-default kt-svg-icon-list-item-wrap kt-svg-icon-list-item-6\"><div style=\"display:inline-flex;justify-content:center;align-items:center\" class=\"kt-svg-icon-list-single kt-svg-icon-list-single-fe_chevronsRight\"><svg style=\"display:inline-block;vertical-align:middle\" viewbox=\"0 0 24 24\" height=\"20\" width=\"20\" fill=\"none\" stroke=\"currentColor\" xmlns=\"https:\/\/www.w3.org\/2000\/svg\" stroke-width=\"2\" stroke-linecap=\"round\" stroke-linejoin=\"round\"><polyline points=\"13 17 18 12 13 7\"><\/polyline><polyline points=\"6 17 11 12 6 7\"><\/polyline><\/svg><\/div><span class=\"kt-svg-icon-list-text\">Neuvontak\u00e4ynti kasvukauden aikana ja luomuvalvontaa varten<\/span><\/li><li class=\"kt-svg-icon-list-style-default kt-svg-icon-list-item-wrap kt-svg-icon-list-item-7\"><div style=\"display:inline-flex;justify-content:center;align-items:center\" class=\"kt-svg-icon-list-single kt-svg-icon-list-single-fe_chevronsRight\"><svg style=\"display:inline-block;vertical-align:middle\" viewbox=\"0 0 24 24\" height=\"20\" width=\"20\" fill=\"none\" stroke=\"currentColor\" xmlns=\"https:\/\/www.w3.org\/2000\/svg\" stroke-width=\"2\" stroke-linecap=\"round\" stroke-linejoin=\"round\"><polyline points=\"13 17 18 12 13 7\"><\/polyline><polyline points=\"6 17 11 12 6 7\"><\/polyline><\/svg><\/div><span class=\"kt-svg-icon-list-text\">Maatilan taloudellisen tuloksen seuranta<\/span><\/li><\/ul><\/div>\n\n\n\n<p>Suuri osa luomuneuvonnasta voidaan sis\u00e4llytt\u00e4\u00e4 <a href=\"https:\/\/www.nsl.fi\/fi\/neuvonta\/neuvo-2020\/\" data-type=\"page\" data-id=\"4978\">Neuvo 2020<\/a> tuen alle eli viljelij\u00e4 maksaa vain arvonlis\u00e4veron osuuden kokonaisneuvonnan kuluista. Yksi tila voi saada neuvontaa 15 000 eurolla 2015-2022 aikav\u00e4lill\u00e4. Ota yhteytt\u00e4 neuvojiimme ja kerromme lis\u00e4\u00e4 t\u00e4st\u00e4 mahdollisuudesta.<\/p>\n\n\n\n<p>NSL koetoiminta on tehnyt luomulajiketutkimusta vuodesta 2012 kev\u00e4tvehn\u00e4ll\u00e4, ohralla ja kauralla yhdess\u00e4 yhteisty\u00f6kumppaneiden kanssa EkoNu 3.0 projektissa. L\u00f6yd\u00e4t tutkimustuloksia ja lis\u00e4tietoja <a href=\"https:\/\/www.ekonu.fi\/\" target=\"_blank\" rel=\"noreferrer noopener\">projektin kotisivuilta<\/a>.<\/p>\n\n\n\n<p>Ajankohtaista tietoa luomutuottajille tai siihen siirtymist\u00e4 suunnitteleville l\u00f6ytyy <a href=\"https:\/\/www.ruokavirasto.fi\/teemat\/luomu\/\" target=\"_blank\" rel=\"noreferrer noopener\">Ruokavirastosta<\/a>.<\/p>\n\n\n<style>#kt-layout-id_cad7c7-e2{margin-bottom:0px;margin-top:100px;}#kt-layout-id_cad7c7-e2 > .kt-row-column-wrap{align-content:center;}:where(#kt-layout-id_cad7c7-e2 > .kt-row-column-wrap) > .wp-block-kadence-column{justify-content:center;}#kt-layout-id_cad7c7-e2 > .kt-row-column-wrap{column-gap:var(--global-kb-gap-md, 2rem);row-gap:var(--global-kb-gap-md, 2rem);padding-top:var( --global-kb-row-default-top, 25px );padding-bottom:var( --global-kb-row-default-bottom, 25px );padding-top:80px;padding-bottom:80px;grid-template-columns:minmax(0, 1fr);}#kt-layout-id_cad7c7-e2{background-color:#f2f2f2;}#kt-layout-id_cad7c7-e2 > .kt-row-layout-overlay{opacity:0.30;}@media all and (max-width: 1024px){#kt-layout-id_cad7c7-e2 > .kt-row-column-wrap{grid-template-columns:minmax(0, 1fr);}}@media all and (max-width: 767px){#kt-layout-id_cad7c7-e2 > .kt-row-column-wrap{grid-template-columns:minmax(0, 1fr);}}<\/style>\n<div class=\"wp-block-kadence-rowlayout alignfull\"><div id=\"kt-layout-id_cad7c7-e2\" class=\"kt-row-layout-inner kt-row-has-bg kt-layout-id_cad7c7-e2\"><div class=\"kt-row-column-wrap kt-has-1-columns kt-gutter-default kt-v-gutter-default kt-row-valign-middle kt-row-layout-equal kt-tab-layout-inherit kt-m-colapse-left-to-right kt-mobile-layout-row\"><style>.kadence-column_dc195b-06 > .kt-inside-inner-col{border-top-width:0px;border-right-width:0px;border-bottom-width:0px;border-left-width:0px;}.kadence-column_dc195b-06 > .kt-inside-inner-col,.kadence-column_dc195b-06 > .kt-inside-inner-col:before{border-top-left-radius:0px;border-top-right-radius:0px;border-bottom-right-radius:0px;border-bottom-left-radius:0px;}.kadence-column_dc195b-06 > .kt-inside-inner-col{column-gap:var(--global-kb-gap-sm, 1rem);}.kadence-column_dc195b-06 > .kt-inside-inner-col{flex-direction:column;}.kadence-column_dc195b-06 > .kt-inside-inner-col > .aligncenter{width:100%;}.kadence-column_dc195b-06 > .kt-inside-inner-col:before{opacity:0.3;}.kadence-column_dc195b-06{position:relative;}@media all and (max-width: 1024px){.kadence-column_dc195b-06 > .kt-inside-inner-col{flex-direction:column;justify-content:center;}}@media all and (max-width: 767px){.kadence-column_dc195b-06 > .kt-inside-inner-col{flex-direction:column;justify-content:center;}}<\/style>\n<div class=\"wp-block-kadence-column inner-column-1 kadence-column_dc195b-06\"><div class=\"kt-inside-inner-col\"><style>#kt-layout-id_285e05-6c{margin-bottom:0px;}#kt-layout-id_285e05-6c > .kt-row-column-wrap{align-content:start;}:where(#kt-layout-id_285e05-6c > .kt-row-column-wrap) > .wp-block-kadence-column{justify-content:start;}#kt-layout-id_285e05-6c > .kt-row-column-wrap{column-gap:var(--global-kb-gap-md, 2rem);row-gap:var(--global-kb-gap-md, 2rem);max-width:1400px;margin-left:auto;margin-right:auto;padding-top:var( --global-kb-row-default-top, 25px );padding-bottom:var( --global-kb-row-default-bottom, 25px );padding-top:0px;padding-bottom:0px;grid-template-columns:minmax(0, 1fr);}#kt-layout-id_285e05-6c > .kt-row-layout-overlay{opacity:0.30;}@media all and (max-width: 1024px){#kt-layout-id_285e05-6c > .kt-row-column-wrap{grid-template-columns:minmax(0, 1fr);}}@media all and (max-width: 767px){#kt-layout-id_285e05-6c > .kt-row-column-wrap{grid-template-columns:minmax(0, 1fr);}}<\/style>\n<div class=\"wp-block-kadence-rowlayout alignnone\"><div id=\"kt-layout-id_285e05-6c\" class=\"kt-row-layout-inner kt-layout-id_285e05-6c\"><div class=\"kt-row-column-wrap kt-has-1-columns kt-gutter-default kt-v-gutter-default kt-row-valign-top kt-row-layout-equal kt-tab-layout-inherit kt-m-colapse-left-to-right kt-mobile-layout-row\"><style>.kadence-column_e778c9-fe > .kt-inside-inner-col{border-top-width:0px;border-right-width:0px;border-bottom-width:0px;border-left-width:0px;}.kadence-column_e778c9-fe > .kt-inside-inner-col,.kadence-column_e778c9-fe > .kt-inside-inner-col:before{border-top-left-radius:0px;border-top-right-radius:0px;border-bottom-right-radius:0px;border-bottom-left-radius:0px;}.kadence-column_e778c9-fe > .kt-inside-inner-col{column-gap:var(--global-kb-gap-sm, 1rem);}.kadence-column_e778c9-fe > .kt-inside-inner-col{flex-direction:column;}.kadence-column_e778c9-fe > .kt-inside-inner-col > .aligncenter{width:100%;}.kadence-column_e778c9-fe > .kt-inside-inner-col:before{opacity:0.3;}.kadence-column_e778c9-fe{position:relative;}@media all and (max-width: 1024px){.kadence-column_e778c9-fe > .kt-inside-inner-col{flex-direction:column;justify-content:center;}}@media all and (max-width: 767px){.kadence-column_e778c9-fe > .kt-inside-inner-col{flex-direction:column;justify-content:center;}}<\/style>\n<div class=\"wp-block-kadence-column inner-column-1 kadence-column_e778c9-fe\"><div class=\"kt-inside-inner-col\"><style>.wp-block-kadence-advancedheading.kt-adv-heading_e80141-00, .wp-block-kadence-advancedheading.kt-adv-heading_e80141-00[data-kb-block=\"kb-adv-heading_e80141-00\"]{text-align:center;font-style:normal;}.wp-block-kadence-advancedheading.kt-adv-heading_e80141-00 mark.kt-highlight, .wp-block-kadence-advancedheading.kt-adv-heading_e80141-00[data-kb-block=\"kb-adv-heading_e80141-00\"] mark.kt-highlight{font-style:normal;color:#f76a0c;-webkit-box-decoration-break:clone;box-decoration-break:clone;padding-top:0px;padding-right:0px;padding-bottom:0px;padding-left:0px;}.wp-block-kadence-advancedheading.kt-adv-heading_e80141-00 img.kb-inline-image, .wp-block-kadence-advancedheading.kt-adv-heading_e80141-00[data-kb-block=\"kb-adv-heading_e80141-00\"] img.kb-inline-image{width:150px;vertical-align:baseline;}<\/style>\n<h2 class=\"kt-adv-heading_e80141-00 wp-block-kadence-advancedheading\" data-kb-block=\"kb-adv-heading_e80141-00\">Neuvojat<\/h2>\n\n\n<div class=\"nsl-radgivare-list-container\"><div class=\"nsl-radgivare-list-card\"><div class=\"nsl-radgivare-list-card-content\"><div class=\"nsl-radgivare-list-card-image\"><img decoding=\"async\" src=\"https:\/\/www.nsl.fi\/wp-content\/uploads\/micaela_strom.jpg\"><\/div><div class=\"nsl-radgivare-list-card-namn\">Micaela Str\u00f6m<\/div><div class=\"nsl-radgivare-list-card-titel\">Luomuneuvoja, koetoimintateknikko<\/div><div class=\"nsl-radgivare-list-card-abs\"><div class=\"nsl-radgivare-list-card-info\"><div class=\"nsl-radgivare-list-card-beskrivning\">Luomuneuvontaa l\u00e4ntisell\u00e4 Uudellamaalla ja toimii Eko+ -projektissa<\/div><div class=\"nsl-radgivare-list-card-filtrering\"><div class=\"nsl-radgivare-list-card-filtrering-content\">Luomu<\/div><div class=\"nsl-radgivare-list-card-filtrering-content\">Koetoiminta<\/div><div class=\"nsl-radgivare-list-card-filtrering-content\">Neuvo 2030<\/div><div class=\"nsl-radgivare-list-card-filtrering-content\">Kasvinviljely<\/div><div class=\"nsl-radgivare-list-card-filtrering-content\">Pelto tuet<\/div><\/div><\/div><div class=\"nsl-radgivare-list-card-contact\"><div class=\"nsl-radgivare-list-card-telefon\"><a target=\"_blank\" href=\"tel:+358 443 807 771\">+358 443 807 771<\/a><\/div><div class=\"nsl-radgivare-list-card-epost\"><a target=\"_blank\" href=\"mailto:micaela.strom@nsl.fi\">micaela.strom@nsl.fi<\/a><\/div><\/div><\/div><\/div><\/div><\/div>\n<\/div><\/div>\n<\/div><\/div><\/div>\n<\/div><\/div>\n<\/div><\/div><\/div>\n","protected":false},"excerpt":{"rendered":"<p>Luomuala on kasvanut tasaisesti Suomessa ja kasvu jatkuu mahdollisesti my\u00f6s tulevaisuudessa. Luomu voi olla yksi mahdollisuus kest\u00e4v\u00e4mm\u00e4n ja taloudellisesti kannattavamman maatalouden tulevaisuuden luomiseksi. Luomuviljely vaatii pitk\u00e4j\u00e4nteist\u00e4 suunnittelua rikkakasvien torjunnan, lannoituksen ja kasvavan byrokratian sel\u00e4tt\u00e4miseksi. NSL antaa neuvontaa ja vastauksia luomua koskeviin kysymyksiin. Sivun alalaidasta l\u00f6yd\u00e4t luomuneuvojiemme yhteistiedot. Tarjoamme seuraavia palveluita: Suuri osa luomuneuvonnasta voidaan sis\u00e4llytt\u00e4\u00e4 &#8230; <a title=\"Micaela Str\u00f6m\" class=\"read-more\" href=\"https:\/\/www.nsl.fi\/fi\/personal\/micaela-strom\/\" aria-label=\"Lue lis\u00e4\u00e4 aiheesta Micaela Str\u00f6m\">Lue lis\u00e4\u00e4<\/a><\/p>\n","protected":false},"author":1,"featured_media":0,"parent":4982,"menu_order":0,"comment_status":"closed","ping_status":"closed","template":"","meta":{"_acf_changed":false,"_kad_blocks_custom_css":"","_kad_blocks_head_custom_js":"","_kad_blocks_body_custom_js":"","_kad_blocks_footer_custom_js":"","footnotes":""},"class_list":["post-4970","page","type-page","status-publish","hentry"],"acf":[],"taxonomy_info":[],"featured_image_src_large":false,"author_info":{"display_name":"Webmaster","author_link":"https:\/\/www.nsl.fi\/fi\/author\/mrmedia\/"},"comment_info":0,"publishpress_future_action":{"enabled":false,"date":"2026-05-09 04:26:51","action":"change-status","newStatus":"draft","terms":[],"taxonomy":"translation_priority","extraData":[]},"publishpress_future_workflow_manual_trigger":{"enabledWorkflows":[]},"_links":{"self":[{"href":"https:\/\/www.nsl.fi\/fi\/wp-json\/wp\/v2\/pages\/4970","targetHints":{"allow":["GET"]}}],"collection":[{"href":"https:\/\/www.nsl.fi\/fi\/wp-json\/wp\/v2\/pages"}],"about":[{"href":"https:\/\/www.nsl.fi\/fi\/wp-json\/wp\/v2\/types\/page"}],"author":[{"embeddable":true,"href":"https:\/\/www.nsl.fi\/fi\/wp-json\/wp\/v2\/users\/1"}],"replies":[{"embeddable":true,"href":"https:\/\/www.nsl.fi\/fi\/wp-json\/wp\/v2\/comments?post=4970"}],"version-history":[{"count":2,"href":"https:\/\/www.nsl.fi\/fi\/wp-json\/wp\/v2\/pages\/4970\/revisions"}],"predecessor-version":[{"id":5004,"href":"https:\/\/www.nsl.fi\/fi\/wp-json\/wp\/v2\/pages\/4970\/revisions\/5004"}],"up":[{"embeddable":true,"href":"https:\/\/www.nsl.fi\/fi\/wp-json\/wp\/v2\/pages\/4982"}],"wp:attachment":[{"href":"https:\/\/www.nsl.fi\/fi\/wp-json\/wp\/v2\/media?parent=4970"}],"curies":[{"name":"wp","href":"https:\/\/api.w.org\/{rel}","templated":true}]}}