{"id":4982,"date":"2021-01-27T13:45:51","date_gmt":"2021-01-27T11:45:51","guid":{"rendered":"https:\/\/dev.mrmedia.fi\/nsl\/radgivning\/"},"modified":"2025-12-05T13:48:38","modified_gmt":"2025-12-05T11:48:38","slug":"neuvonta","status":"publish","type":"page","link":"https:\/\/www.nsl.fi\/fi\/neuvonta\/","title":{"rendered":"Neuvonta"},"content":{"rendered":"\n<p>Nylands Svenska Lantbrukss\u00e4llskap tarjoaa maatalousneuvontaa ja konsultointia aina Hangosta Pyht\u00e4\u00e4lle saakka. Toimistomme sijaitsee Helsingiss\u00e4, mutta paikalliset neuvojamme toimivat koko Uudenmaan alueella. Neuvontamme painottuu kasvinviljelyyn sek\u00e4 sen taloudelliseen kannattavuuteen kattaen tavanomaisen ja luomutuotannon, maidontuotannon, koko tilan tuotantotalouden neuvonnan sek\u00e4 sukupolvenvaihdokset. L\u00f6yd\u00e4t tarkemmat kuvaukset kaikista neuvontapalveluistamme omilta v\u00e4lilehdilt\u00e4.<\/p>\n","protected":false},"excerpt":{"rendered":"<p>Nylands Svenska Lantbrukss\u00e4llskap tarjoaa maatalousneuvontaa ja konsultointia aina Hangosta Pyht\u00e4\u00e4lle saakka. Toimistomme sijaitsee Helsingiss\u00e4, mutta paikalliset neuvojamme toimivat koko Uudenmaan alueella. Neuvontamme painottuu kasvinviljelyyn sek\u00e4 sen taloudelliseen kannattavuuteen kattaen tavanomaisen ja luomutuotannon, maidontuotannon, koko tilan tuotantotalouden neuvonnan sek\u00e4 sukupolvenvaihdokset. L\u00f6yd\u00e4t tarkemmat kuvaukset kaikista neuvontapalveluistamme omilta v\u00e4lilehdilt\u00e4.<\/p>\n","protected":false},"author":1,"featured_media":0,"parent":0,"menu_order":0,"comment_status":"closed","ping_status":"closed","template":"","meta":{"_acf_changed":false,"_kad_blocks_custom_css":"","_kad_blocks_head_custom_js":"","_kad_blocks_body_custom_js":"","_kad_blocks_footer_custom_js":"","footnotes":""},"class_list":["post-4982","page","type-page","status-publish"],"acf":[],"taxonomy_info":[],"featured_image_src_large":false,"author_info":{"display_name":"Webmaster","author_link":"https:\/\/www.nsl.fi\/fi\/author\/mrmedia\/"},"comment_info":0,"publishpress_future_action":{"enabled":false,"date":"2026-05-18 09:53:29","action":"change-status","newStatus":"draft","terms":[],"taxonomy":"translation_priority","extraData":[]},"publishpress_future_workflow_manual_trigger":{"enabledWorkflows":[]},"_links":{"self":[{"href":"https:\/\/www.nsl.fi\/fi\/wp-json\/wp\/v2\/pages\/4982","targetHints":{"allow":["GET"]}}],"collection":[{"href":"https:\/\/www.nsl.fi\/fi\/wp-json\/wp\/v2\/pages"}],"about":[{"href":"https:\/\/www.nsl.fi\/fi\/wp-json\/wp\/v2\/types\/page"}],"author":[{"embeddable":true,"href":"https:\/\/www.nsl.fi\/fi\/wp-json\/wp\/v2\/users\/1"}],"replies":[{"embeddable":true,"href":"https:\/\/www.nsl.fi\/fi\/wp-json\/wp\/v2\/comments?post=4982"}],"version-history":[{"count":3,"href":"https:\/\/www.nsl.fi\/fi\/wp-json\/wp\/v2\/pages\/4982\/revisions"}],"predecessor-version":[{"id":7861,"href":"https:\/\/www.nsl.fi\/fi\/wp-json\/wp\/v2\/pages\/4982\/revisions\/7861"}],"wp:attachment":[{"href":"https:\/\/www.nsl.fi\/fi\/wp-json\/wp\/v2\/media?parent=4982"}],"curies":[{"name":"wp","href":"https:\/\/api.w.org\/{rel}","templated":true}]}}