{"id":5011,"date":"2021-02-26T10:17:08","date_gmt":"2021-02-26T08:17:08","guid":{"rendered":"https:\/\/dev.mrmedia.fi\/nsl\/spannmalsanalyser\/"},"modified":"2025-07-29T11:02:51","modified_gmt":"2025-07-29T09:02:51","slug":"vilja-analyysit","status":"publish","type":"page","link":"https:\/\/www.nsl.fi\/fi\/lab\/vilja-analyysit\/","title":{"rendered":"Vilja-analyysit"},"content":{"rendered":"\n<p>Haluatko selvitt\u00e4\u00e4 viljasatosi laadun? Nylands Svenska Lantbrukss\u00e4llskap tarjoaa analyysipalveluja kilpailukykyisin hinnoin.<\/p>\n\n\n\n<p>Osoitteessa V\u00e4stankvarnintie 444 hallin ulkopuolelta l\u00f6ytyy laatikko n\u00e4ytteit\u00e4 varten. N\u00e4ytteit\u00e4 voi my\u00f6s l\u00e4hett\u00e4\u00e4 postitse, mieluummin \u201dovelle\u201d-pakettina osoitteeseen:<strong>NSL LAB, V\u00e4stankvarnintie 446, 10230 Inkoo As.<\/strong><\/p>\n\n\n\n<p>N\u00e4ytett\u00e4 tulisi olla noin kilon verran ja sen tulisi edustaa koko er\u00e4\u00e4. N\u00e4yte pakataan tiiviiseen muovipussiin, ettei kosteus muuttuisi. N\u00e4ytepussiin kirjoitetaan tilaajan nimi ja yhteystiedot (osoite ja s-postiosoite), viljanimike sek\u00e4 halutut analyysit. Tulokset l\u00e4hetet\u00e4\u00e4n s\u00e4hk\u00f6postite ja lasku s-postissa tai tavallisessa postissa.<\/p>\n\n\n<style>.wp-block-kadence-advancedbtn.kb-btns5011_8d7555-c2{gap:var(--global-kb-gap-xs, 0.5rem );justify-content:flex-start;align-items:center;}.kt-btns5011_8d7555-c2 .kt-button{font-weight:normal;font-style:normal;}<\/style>\n<div class=\"wp-block-kadence-advancedbtn kb-buttons-wrap kb-btns5011_8d7555-c2 nsl-knapp\"><style>ul.menu .wp-block-kadence-advancedbtn .kb-btn5011_ea2e64-5b.kb-button{width:initial;}.wp-block-kadence-advancedbtn .kb-btn5011_ea2e64-5b.kb-button{color:#555555;border-top:0px solid #555555;border-right:0px solid #555555;border-bottom:0px solid #555555;border-left:0px solid #555555;}.wp-block-kadence-advancedbtn .kb-btn5011_ea2e64-5b.kb-button:hover, .wp-block-kadence-advancedbtn .kb-btn5011_ea2e64-5b.kb-button:focus{color:#ffffff;background:#444444;border-top-color:#444444;border-top-style:solid;border-right-color:#444444;border-right-style:solid;border-bottom-color:#444444;border-bottom-style:solid;border-left-color:#444444;border-left-style:solid;}@media all and (max-width: 1024px){.wp-block-kadence-advancedbtn .kb-btn5011_ea2e64-5b.kb-button{border-top:0px solid #555555;border-right:0px solid #555555;border-bottom:0px solid #555555;border-left:0px solid #555555;}}@media all and (max-width: 1024px){.wp-block-kadence-advancedbtn .kb-btn5011_ea2e64-5b.kb-button:hover, .wp-block-kadence-advancedbtn .kb-btn5011_ea2e64-5b.kb-button:focus{border-top-color:#444444;border-top-style:solid;border-right-color:#444444;border-right-style:solid;border-bottom-color:#444444;border-bottom-style:solid;border-left-color:#444444;border-left-style:solid;}}@media all and (max-width: 767px){.wp-block-kadence-advancedbtn .kb-btn5011_ea2e64-5b.kb-button{border-top:0px solid #555555;border-right:0px solid #555555;border-bottom:0px solid #555555;border-left:0px solid #555555;}.wp-block-kadence-advancedbtn .kb-btn5011_ea2e64-5b.kb-button:hover, .wp-block-kadence-advancedbtn .kb-btn5011_ea2e64-5b.kb-button:focus{border-top-color:#444444;border-top-style:solid;border-right-color:#444444;border-right-style:solid;border-bottom-color:#444444;border-bottom-style:solid;border-left-color:#444444;border-left-style:solid;}}<\/style><a class=\"kb-button kt-button button kb-btn5011_ea2e64-5b kt-btn-size-standard kt-btn-width-type-auto kb-btn-global-outline  kt-btn-has-text-true kt-btn-has-svg-true  wp-block-kadence-singlebtn\" href=\"http:\/\/www.nsl.fi\/wp-content\/uploads\/Hinnasto-NSL-LAB-PDF-FI-2025.pdf\" target=\"_blank\" rel=\"noreferrer noopener\"><span class=\"kb-svg-icon-wrap kb-svg-icon-ic_transferDownload kt-btn-icon-side-left\"><svg viewBox=\"0 0 8 8\"  fill=\"currentColor\" xmlns=\"http:\/\/www.w3.org\/2000\/svg\"  aria-hidden=\"true\"><path d=\"M3 0v3h-2l3 3 3-3h-2v-3h-2zm-3 7v1h8v-1h-8z\"\/><\/svg><\/span><span class=\"kt-btn-inner-text\">Hinnasto<\/span><\/a><\/div>\n\n\n\n<p>Mahdollisiin kysymyksiin vastaa Ann-Sofie Lindholm 044-7827228 \/ <a href=\"mailto:ann-sofie.lindholm@nsl.fi\">ann-sofie.lindholm@nsl.fi<\/a> tai Mikael Fr\u00f6berg 050-3008740 \/ <a href=\"mailto:mikael.froberg@nsl.fi\">mikael.froberg@nsl.fi<\/a><\/p>\n\n\n<style>.kb-row-layout-wrap.wp-block-kadence-rowlayout.kb-row-layout-id5011_315595-5d{margin-bottom:0px;margin-top:100px;}.kb-row-layout-id5011_315595-5d > .kt-row-column-wrap{align-content:center;}:where(.kb-row-layout-id5011_315595-5d > .kt-row-column-wrap) > .wp-block-kadence-column{justify-content:center;}.kb-row-layout-id5011_315595-5d > .kt-row-column-wrap{column-gap:var(--global-kb-gap-md, 2rem);row-gap:var(--global-kb-gap-md, 2rem);padding-top:80px;padding-bottom:80px;grid-template-columns:minmax(0, 1fr);}.kb-row-layout-id5011_315595-5d{background-color:#f2f2f2;}.kb-row-layout-id5011_315595-5d > .kt-row-layout-overlay{opacity:0.30;}@media all and (max-width: 1024px){.kb-row-layout-id5011_315595-5d > .kt-row-column-wrap{grid-template-columns:minmax(0, 1fr);}}@media all and (max-width: 767px){.kb-row-layout-id5011_315595-5d > .kt-row-column-wrap{grid-template-columns:minmax(0, 1fr);}}<\/style><div class=\"kb-row-layout-wrap kb-row-layout-id5011_315595-5d alignfull kt-row-has-bg wp-block-kadence-rowlayout\"><div class=\"kt-row-column-wrap kt-has-1-columns kt-row-layout-equal kt-tab-layout-inherit kt-mobile-layout-row kt-row-valign-middle\">\n<style>.kadence-column5011_e288df-d4 > .kt-inside-inner-col,.kadence-column5011_e288df-d4 > .kt-inside-inner-col:before{border-top-left-radius:0px;border-top-right-radius:0px;border-bottom-right-radius:0px;border-bottom-left-radius:0px;}.kadence-column5011_e288df-d4 > .kt-inside-inner-col{column-gap:var(--global-kb-gap-sm, 1rem);}.kadence-column5011_e288df-d4 > .kt-inside-inner-col{flex-direction:column;}.kadence-column5011_e288df-d4 > .kt-inside-inner-col > .aligncenter{width:100%;}.kadence-column5011_e288df-d4 > .kt-inside-inner-col:before{opacity:0.3;}.kadence-column5011_e288df-d4{position:relative;}@media all and (max-width: 1024px){.kadence-column5011_e288df-d4 > .kt-inside-inner-col{flex-direction:column;justify-content:center;}}@media all and (max-width: 767px){.kadence-column5011_e288df-d4 > .kt-inside-inner-col{flex-direction:column;justify-content:center;}}<\/style>\n<div class=\"wp-block-kadence-column kadence-column5011_e288df-d4 inner-column-1\"><div class=\"kt-inside-inner-col\"><style>.kb-row-layout-wrap.wp-block-kadence-rowlayout.kb-row-layout-id5011_28e53c-49{margin-bottom:0px;}.kb-row-layout-id5011_28e53c-49 > .kt-row-column-wrap{align-content:start;}:where(.kb-row-layout-id5011_28e53c-49 > .kt-row-column-wrap) > .wp-block-kadence-column{justify-content:start;}.kb-row-layout-id5011_28e53c-49 > .kt-row-column-wrap{column-gap:var(--global-kb-gap-md, 2rem);row-gap:var(--global-kb-gap-md, 2rem);max-width:1400px;margin-left:auto;margin-right:auto;padding-top:0px;padding-bottom:0px;grid-template-columns:minmax(0, 1fr);}.kb-row-layout-id5011_28e53c-49 > .kt-row-layout-overlay{opacity:0.30;}@media all and (max-width: 1024px){.kb-row-layout-id5011_28e53c-49 > .kt-row-column-wrap{grid-template-columns:minmax(0, 1fr);}}@media all and (max-width: 767px){.kb-row-layout-id5011_28e53c-49 > .kt-row-column-wrap{grid-template-columns:minmax(0, 1fr);}}<\/style><div class=\"kb-row-layout-wrap kb-row-layout-id5011_28e53c-49 alignnone wp-block-kadence-rowlayout\"><div class=\"kt-row-column-wrap kt-has-1-columns kt-row-layout-equal kt-tab-layout-inherit kt-mobile-layout-row kt-row-valign-top\">\n<style>.kadence-column5011_35c9be-b6 > .kt-inside-inner-col,.kadence-column5011_35c9be-b6 > .kt-inside-inner-col:before{border-top-left-radius:0px;border-top-right-radius:0px;border-bottom-right-radius:0px;border-bottom-left-radius:0px;}.kadence-column5011_35c9be-b6 > .kt-inside-inner-col{column-gap:var(--global-kb-gap-sm, 1rem);}.kadence-column5011_35c9be-b6 > .kt-inside-inner-col{flex-direction:column;}.kadence-column5011_35c9be-b6 > .kt-inside-inner-col > .aligncenter{width:100%;}.kadence-column5011_35c9be-b6 > .kt-inside-inner-col:before{opacity:0.3;}.kadence-column5011_35c9be-b6{position:relative;}@media all and (max-width: 1024px){.kadence-column5011_35c9be-b6 > .kt-inside-inner-col{flex-direction:column;justify-content:center;}}@media all and (max-width: 767px){.kadence-column5011_35c9be-b6 > .kt-inside-inner-col{flex-direction:column;justify-content:center;}}<\/style>\n<div class=\"wp-block-kadence-column kadence-column5011_35c9be-b6 inner-column-1\"><div class=\"kt-inside-inner-col\"><style>.wp-block-kadence-advancedheading.kt-adv-heading5011_0ddc85-59, .wp-block-kadence-advancedheading.kt-adv-heading5011_0ddc85-59[data-kb-block=\"kb-adv-heading5011_0ddc85-59\"]{text-align:center;font-style:normal;}.wp-block-kadence-advancedheading.kt-adv-heading5011_0ddc85-59 mark.kt-highlight, .wp-block-kadence-advancedheading.kt-adv-heading5011_0ddc85-59[data-kb-block=\"kb-adv-heading5011_0ddc85-59\"] mark.kt-highlight{font-style:normal;color:#f76a0c;-webkit-box-decoration-break:clone;box-decoration-break:clone;padding-top:0px;padding-right:0px;padding-bottom:0px;padding-left:0px;}.wp-block-kadence-advancedheading.kt-adv-heading5011_0ddc85-59 img.kb-inline-image, .wp-block-kadence-advancedheading.kt-adv-heading5011_0ddc85-59[data-kb-block=\"kb-adv-heading5011_0ddc85-59\"] img.kb-inline-image{width:150px;vertical-align:baseline;}<\/style>\n<h2 class=\"kt-adv-heading5011_0ddc85-59 wp-block-kadence-advancedheading\" data-kb-block=\"kb-adv-heading5011_0ddc85-59\">Neuvojat<\/h2>\n\n\n<div class=\"nsl-radgivare-list-container\"><div class=\"nsl-radgivare-list-card\"><div class=\"nsl-radgivare-list-card-content\"><div class=\"nsl-radgivare-list-card-image\"><img decoding=\"async\" src=\"https:\/\/www.nsl.fi\/wp-content\/uploads\/patrik_erlund.jpg\"><\/div><div class=\"nsl-radgivare-list-card-namn\">Patrik Erlund<\/div><div class=\"nsl-radgivare-list-card-titel\">Koetoiminnan johtaja<\/div><div class=\"nsl-radgivare-list-card-abs\"><div class=\"nsl-radgivare-list-card-info\"><div class=\"nsl-radgivare-list-card-beskrivning\">Vastaa NSL:n koetoiminnasta<\/div><div class=\"nsl-radgivare-list-card-filtrering\"><div class=\"nsl-radgivare-list-card-filtrering-content\">Koetoiminta<\/div><div class=\"nsl-radgivare-list-card-filtrering-content\">GEP<\/div><div class=\"nsl-radgivare-list-card-filtrering-content\">Vilja-analyysit<\/div><\/div><\/div><div class=\"nsl-radgivare-list-card-contact\"><div class=\"nsl-radgivare-list-card-telefon\"><a target=\"_blank\" href=\"tel:+358 400 860 630\">+358 400 860 630<\/a><\/div><div class=\"nsl-radgivare-list-card-epost\"><a target=\"_blank\" href=\"mailto:patrik.erlund@nsl.fi\">patrik.erlund@nsl.fi<\/a><\/div><\/div><\/div><\/div><\/div><div class=\"nsl-radgivare-list-card\"><div class=\"nsl-radgivare-list-card-content\"><div class=\"nsl-radgivare-list-card-image\"><img decoding=\"async\" src=\"https:\/\/www.nsl.fi\/wp-content\/uploads\/mikael_froberg.jpg\"><\/div><div class=\"nsl-radgivare-list-card-namn\">Mikael Fr\u00f6berg<\/div><div class=\"nsl-radgivare-list-card-titel\">Kentt\u00e4mestari<\/div><div class=\"nsl-radgivare-list-card-abs\"><div class=\"nsl-radgivare-list-card-info\"><div class=\"nsl-radgivare-list-card-beskrivning\">Vastaa lajiketestauksesta ja viljelyteknisist\u00e4 kokeista<\/div><div class=\"nsl-radgivare-list-card-filtrering\"><div class=\"nsl-radgivare-list-card-filtrering-content\">Koetoiminta<\/div><div class=\"nsl-radgivare-list-card-filtrering-content\">Vilja-analyysit<\/div><\/div><\/div><div class=\"nsl-radgivare-list-card-contact\"><div class=\"nsl-radgivare-list-card-telefon\"><a target=\"_blank\" href=\"tel:+358 503 008 740\">+358 503 008 740<\/a><\/div><div class=\"nsl-radgivare-list-card-epost\"><a target=\"_blank\" href=\"mailto:mikael.froberg@nsl.fi\">mikael.froberg@nsl.fi<\/a><\/div><\/div><\/div><\/div><\/div><div class=\"nsl-radgivare-list-card\"><div class=\"nsl-radgivare-list-card-content\"><div class=\"nsl-radgivare-list-card-image\"><img decoding=\"async\" src=\"https:\/\/www.nsl.fi\/wp-content\/uploads\/ann_sofie_lindholm.jpg\"><\/div><div class=\"nsl-radgivare-list-card-namn\">Ann-Sofie Lindholm<\/div><div class=\"nsl-radgivare-list-card-titel\">Laboratoriovastaava<\/div><div class=\"nsl-radgivare-list-card-abs\"><div class=\"nsl-radgivare-list-card-info\"><div class=\"nsl-radgivare-list-card-beskrivning\">Vastaa viljalaboratorion analysoinneista<\/div><div class=\"nsl-radgivare-list-card-filtrering\"><div class=\"nsl-radgivare-list-card-filtrering-content\">Koetoiminta<\/div><div class=\"nsl-radgivare-list-card-filtrering-content\">Vilja-analyysit<\/div><\/div><\/div><div class=\"nsl-radgivare-list-card-contact\"><div class=\"nsl-radgivare-list-card-telefon\"><a target=\"_blank\" href=\"tel:+358 447 827 228\">+358 447 827 228<\/a><\/div><div class=\"nsl-radgivare-list-card-epost\"><a target=\"_blank\" href=\"mailto:ann-sofie.lindholm@nsl.fi\">ann-sofie.lindholm@nsl.fi<\/a><\/div><\/div><\/div><\/div><\/div><div class=\"nsl-radgivare-list-card\"><div class=\"nsl-radgivare-list-card-content\"><div class=\"nsl-radgivare-list-card-image\"><img decoding=\"async\" src=\"https:\/\/www.nsl.fi\/wp-content\/uploads\/ramona_nyman.jpg\"><\/div><div class=\"nsl-radgivare-list-card-namn\">Ramona Nyman<\/div><div class=\"nsl-radgivare-list-card-titel\">Koetoimnta teknikko, maatilaverotuksen kirjanpit\u00e4j\u00e4<\/div><div class=\"nsl-radgivare-list-card-abs\"><div class=\"nsl-radgivare-list-card-info\"><div class=\"nsl-radgivare-list-card-beskrivning\">Koetoimintaa ja maatilan kirjanpitoa V\u00e4stankvarnissa<\/div><div class=\"nsl-radgivare-list-card-filtrering\"><div class=\"nsl-radgivare-list-card-filtrering-content\">Koetoiminta<\/div><div class=\"nsl-radgivare-list-card-filtrering-content\">Maatilaverotus<\/div><div class=\"nsl-radgivare-list-card-filtrering-content\">Vilja-analyysit<\/div><\/div><\/div><div class=\"nsl-radgivare-list-card-contact\"><div class=\"nsl-radgivare-list-card-telefon\"><a target=\"_blank\" href=\"tel:+358 401 464 004\">+358 401 464 004<\/a><\/div><div class=\"nsl-radgivare-list-card-epost\"><a target=\"_blank\" href=\"mailto:ramona.nyman@nsl.fi\">ramona.nyman@nsl.fi<\/a><\/div><\/div><\/div><\/div><\/div><div class=\"nsl-radgivare-list-card\"><div class=\"nsl-radgivare-list-card-content\"><div class=\"nsl-radgivare-list-card-image\"><img decoding=\"async\" src=\"https:\/\/www.nsl.fi\/wp-content\/uploads\/NSL_kvinna.svg\"><\/div><div class=\"nsl-radgivare-list-card-namn\">Micaela Qvarnstr\u00f6m<\/div><div class=\"nsl-radgivare-list-card-titel\">Laboratoriovastaava satamassa, koetoimintateknikko (vanhempainlomalla)<\/div><div class=\"nsl-radgivare-list-card-abs\"><div class=\"nsl-radgivare-list-card-info\"><div class=\"nsl-radgivare-list-card-beskrivning\">Vastaa satamalaboratorion toiminnasta ja mukana koetoiminnassa<\/div><div class=\"nsl-radgivare-list-card-filtrering\"><div class=\"nsl-radgivare-list-card-filtrering-content\">Koetoiminta<\/div><div class=\"nsl-radgivare-list-card-filtrering-content\">Vilja-analyysit<\/div><div class=\"nsl-radgivare-list-card-filtrering-content\">Siementuotanto<\/div><\/div><\/div><div class=\"nsl-radgivare-list-card-contact\"><div class=\"nsl-radgivare-list-card-telefon\"><a target=\"_blank\" href=\"tel:+358 405 737 966\">+358 405 737 966<\/a><\/div><div class=\"nsl-radgivare-list-card-epost\"><a target=\"_blank\" href=\"mailto:micaela.qvarnstrom@nsl.fi\">micaela.qvarnstrom@nsl.fi<\/a><\/div><\/div><\/div><\/div><\/div><div class=\"nsl-radgivare-list-card\"><div class=\"nsl-radgivare-list-card-content\"><div class=\"nsl-radgivare-list-card-image\"><img decoding=\"async\" src=\"https:\/\/www.nsl.fi\/wp-content\/uploads\/saara_vilander.jpg\"><\/div><div class=\"nsl-radgivare-list-card-namn\">Saara Sil\u00e9n<\/div><div class=\"nsl-radgivare-list-card-titel\">Laboratoriovastaava satamassa, koetoimintateknikko, maatilaverotuksen kirjanpit\u00e4j\u00e4<\/div><div class=\"nsl-radgivare-list-card-abs\"><div class=\"nsl-radgivare-list-card-info\"><div class=\"nsl-radgivare-list-card-beskrivning\">Vastaa v\u00e4liaikaisesti satamalaboratoriosta, mukana koetoiminnassa ja tekee kirjanpitoa V\u00e4stankvarnissa<\/div><div class=\"nsl-radgivare-list-card-filtrering\"><div class=\"nsl-radgivare-list-card-filtrering-content\">Koetoiminta<\/div><div class=\"nsl-radgivare-list-card-filtrering-content\">Maatilaverotus<\/div><div class=\"nsl-radgivare-list-card-filtrering-content\">Vilja-analyysit<\/div><\/div><\/div><div class=\"nsl-radgivare-list-card-contact\"><div class=\"nsl-radgivare-list-card-telefon\"><a target=\"_blank\" href=\"tel:+358 409 661 021\">+358 409 661 021<\/a><\/div><div class=\"nsl-radgivare-list-card-epost\"><a target=\"_blank\" href=\"mailto:saara.silen@nsl.fi\">saara.silen@nsl.fi<\/a><\/div><\/div><\/div><\/div><\/div><\/div>\n<\/div><\/div>\n\n<\/div><\/div><\/div><\/div>\n\n<\/div><\/div>","protected":false},"excerpt":{"rendered":"<p>Haluatko selvitt\u00e4\u00e4 viljasatosi laadun? Nylands Svenska Lantbrukss\u00e4llskap tarjoaa analyysipalveluja kilpailukykyisin hinnoin. Osoitteessa V\u00e4stankvarnintie 444 hallin ulkopuolelta l\u00f6ytyy laatikko n\u00e4ytteit\u00e4 varten. N\u00e4ytteit\u00e4 voi my\u00f6s l\u00e4hett\u00e4\u00e4 postitse, mieluummin \u201dovelle\u201d-pakettina osoitteeseen:NSL LAB, V\u00e4stankvarnintie 446, 10230 Inkoo As. N\u00e4ytett\u00e4 tulisi olla noin kilon verran ja sen tulisi edustaa koko er\u00e4\u00e4. N\u00e4yte pakataan tiiviiseen muovipussiin, ettei kosteus muuttuisi. N\u00e4ytepussiin kirjoitetaan &#8230; <a title=\"Saara Vilander\" class=\"read-more\" href=\"https:\/\/www.nsl.fi\/fi\/personal\/saara-vilander\/\" aria-label=\"Lue lis\u00e4\u00e4 aiheesta Saara Vilander\">Lue lis\u00e4\u00e4<\/a><\/p>\n","protected":false},"author":1,"featured_media":0,"parent":5015,"menu_order":0,"comment_status":"closed","ping_status":"closed","template":"","meta":{"_acf_changed":false,"_kad_blocks_custom_css":"","_kad_blocks_head_custom_js":"","_kad_blocks_body_custom_js":"","_kad_blocks_footer_custom_js":"","footnotes":""},"class_list":["post-5011","page","type-page","status-publish","hentry"],"acf":[],"taxonomy_info":[],"featured_image_src_large":false,"author_info":{"display_name":"Webmaster","author_link":"https:\/\/www.nsl.fi\/fi\/author\/mrmedia\/"},"comment_info":0,"publishpress_future_action":{"enabled":false,"date":"2026-04-23 15:52:57","action":"change-status","newStatus":"draft","terms":[],"taxonomy":"translation_priority","extraData":[]},"publishpress_future_workflow_manual_trigger":{"enabledWorkflows":[]},"_links":{"self":[{"href":"https:\/\/www.nsl.fi\/fi\/wp-json\/wp\/v2\/pages\/5011","targetHints":{"allow":["GET"]}}],"collection":[{"href":"https:\/\/www.nsl.fi\/fi\/wp-json\/wp\/v2\/pages"}],"about":[{"href":"https:\/\/www.nsl.fi\/fi\/wp-json\/wp\/v2\/types\/page"}],"author":[{"embeddable":true,"href":"https:\/\/www.nsl.fi\/fi\/wp-json\/wp\/v2\/users\/1"}],"replies":[{"embeddable":true,"href":"https:\/\/www.nsl.fi\/fi\/wp-json\/wp\/v2\/comments?post=5011"}],"version-history":[{"count":15,"href":"https:\/\/www.nsl.fi\/fi\/wp-json\/wp\/v2\/pages\/5011\/revisions"}],"predecessor-version":[{"id":7559,"href":"https:\/\/www.nsl.fi\/fi\/wp-json\/wp\/v2\/pages\/5011\/revisions\/7559"}],"up":[{"embeddable":true,"href":"https:\/\/www.nsl.fi\/fi\/wp-json\/wp\/v2\/pages\/5015"}],"wp:attachment":[{"href":"https:\/\/www.nsl.fi\/fi\/wp-json\/wp\/v2\/media?parent=5011"}],"curies":[{"name":"wp","href":"https:\/\/api.w.org\/{rel}","templated":true}]}}