{"id":5018,"date":"2021-01-28T10:39:57","date_gmt":"2021-01-28T08:39:57","guid":{"rendered":"https:\/\/dev.mrmedia.fi\/nsl\/forsok\/"},"modified":"2021-06-09T14:45:55","modified_gmt":"2021-06-09T12:45:55","slug":"koetoiminta","status":"publish","type":"page","link":"https:\/\/www.nsl.fi\/fi\/koetoiminta\/","title":{"rendered":"Koetoiminta"},"content":{"rendered":"\n<p>Kasvinviljelyyn liittyv\u00e4 koetoimintamme on keskittynyt V\u00e4stankvarnin maatilan yhteyteen Inkooseen. Koetoiminnan koelohkot sijaitsevat maatilan mailla samalla tavalla kuin Suur-Sarvilahden tilalla Loviisassa. Lis\u00e4ksi teemme yhteisty\u00f6t\u00e4 kymmenien eri viljelij\u00f6iden kanssa, joiden pelloille sijoitamme erilaisia kokeitamme. Luomukokeet sijaitsevat Loviisassa.<\/p>\n\n\n\n<p>Koetoimintamme tunnetaan sek\u00e4 Suomessa ett\u00e4 muualla Euroopassa. Tavoitteenamme on l\u00f6yt\u00e4\u00e4 parhaat ratkaisut kasvinviljelyn t\u00e4m\u00e4nhetkisiin paikallisiin ongelmiin sek\u00e4 ty\u00f6skennell\u00e4 alan johtavien kansainv\u00e4listen yritysten kanssa saavuttaaksemme ratkaisuja maatalouden tulevaisuuden globaaleihin haasteisiin.<\/p>\n\n\n\n<p>Olemme rakentaneet korkealaatuisen viljalaboratorion kokeiden viljan\u00e4ytteiden analysointia varten. Samassa laboratoriossa palvellaan my\u00f6s viljelij\u00e4asiakkaita analysoimalla heid\u00e4n viljan\u00e4ytteit\u00e4\u00e4n. Analyysit tehd\u00e4\u00e4n nopeasti ja kilpailukykyiseen hintaan.<\/p>\n","protected":false},"excerpt":{"rendered":"<p>Kasvinviljelyyn liittyv\u00e4 koetoimintamme on keskittynyt V\u00e4stankvarnin maatilan yhteyteen Inkooseen. Koetoiminnan koelohkot sijaitsevat maatilan mailla samalla tavalla kuin Suur-Sarvilahden tilalla Loviisassa. Lis\u00e4ksi teemme yhteisty\u00f6t\u00e4 kymmenien eri viljelij\u00f6iden kanssa, joiden pelloille sijoitamme erilaisia kokeitamme. Luomukokeet sijaitsevat Loviisassa. Koetoimintamme tunnetaan sek\u00e4 Suomessa ett\u00e4 muualla Euroopassa. Tavoitteenamme on l\u00f6yt\u00e4\u00e4 parhaat ratkaisut kasvinviljelyn t\u00e4m\u00e4nhetkisiin paikallisiin ongelmiin sek\u00e4 ty\u00f6skennell\u00e4 alan johtavien &#8230; <a title=\"Koetoiminta\" class=\"read-more\" href=\"https:\/\/www.nsl.fi\/fi\/koetoiminta\/\" aria-label=\"Lue lis\u00e4\u00e4 aiheesta Koetoiminta\">Lue lis\u00e4\u00e4<\/a><\/p>\n","protected":false},"author":1,"featured_media":0,"parent":0,"menu_order":0,"comment_status":"closed","ping_status":"closed","template":"","meta":{"_acf_changed":false,"_kad_blocks_custom_css":"","_kad_blocks_head_custom_js":"","_kad_blocks_body_custom_js":"","_kad_blocks_footer_custom_js":"","footnotes":""},"class_list":["post-5018","page","type-page","status-publish"],"acf":[],"taxonomy_info":[],"featured_image_src_large":false,"author_info":{"display_name":"Webmaster","author_link":"https:\/\/www.nsl.fi\/fi\/author\/mrmedia\/"},"comment_info":0,"publishpress_future_action":{"enabled":false,"date":"2026-04-20 13:26:57","action":"change-status","newStatus":"draft","terms":[],"taxonomy":"translation_priority","extraData":[]},"publishpress_future_workflow_manual_trigger":{"enabledWorkflows":[]},"_links":{"self":[{"href":"https:\/\/www.nsl.fi\/fi\/wp-json\/wp\/v2\/pages\/5018","targetHints":{"allow":["GET"]}}],"collection":[{"href":"https:\/\/www.nsl.fi\/fi\/wp-json\/wp\/v2\/pages"}],"about":[{"href":"https:\/\/www.nsl.fi\/fi\/wp-json\/wp\/v2\/types\/page"}],"author":[{"embeddable":true,"href":"https:\/\/www.nsl.fi\/fi\/wp-json\/wp\/v2\/users\/1"}],"replies":[{"embeddable":true,"href":"https:\/\/www.nsl.fi\/fi\/wp-json\/wp\/v2\/comments?post=5018"}],"version-history":[{"count":1,"href":"https:\/\/www.nsl.fi\/fi\/wp-json\/wp\/v2\/pages\/5018\/revisions"}],"predecessor-version":[{"id":5020,"href":"https:\/\/www.nsl.fi\/fi\/wp-json\/wp\/v2\/pages\/5018\/revisions\/5020"}],"wp:attachment":[{"href":"https:\/\/www.nsl.fi\/fi\/wp-json\/wp\/v2\/media?parent=5018"}],"curies":[{"name":"wp","href":"https:\/\/api.w.org\/{rel}","templated":true}]}}