{"id":5026,"date":"2021-02-26T09:55:56","date_gmt":"2021-02-26T07:55:56","guid":{"rendered":"https:\/\/dev.mrmedia.fi\/nsl\/koetoiminta\/sorttestning\/"},"modified":"2021-07-05T07:48:51","modified_gmt":"2021-07-05T05:48:51","slug":"lajiketestaus","status":"publish","type":"page","link":"https:\/\/www.nsl.fi\/fi\/koetoiminta\/lajiketestaus\/","title":{"rendered":"Lajiketestaus"},"content":{"rendered":"\n<p>NSL koetoiminta suorittaa lajiketestausta viljoilla, \u00f6ljykasveilla ja palkokasveilla. Luken viralliset lajikekokeet toteutetaan V\u00e4stankvarnissa Inkoossa, Suur-Sarvilahdessa Loviisassa sek\u00e4 Kaislaniemen tilalla Iitiss\u00e4. Lis\u00e4ksi teemme lajiketestausta omaan k\u00e4ytt\u00f6\u00f6n sek\u00e4 siemenjalostajille ja lajikeomistajille.<\/p>\n\n\n<style>#kt-layout-id_cad7c7-e2{margin-bottom:0px;margin-top:100px;}#kt-layout-id_cad7c7-e2 > .kt-row-column-wrap{align-content:center;}:where(#kt-layout-id_cad7c7-e2 > .kt-row-column-wrap) > .wp-block-kadence-column{justify-content:center;}#kt-layout-id_cad7c7-e2 > .kt-row-column-wrap{column-gap:var(--global-kb-gap-md, 2rem);row-gap:var(--global-kb-gap-md, 2rem);padding-top:var( --global-kb-row-default-top, 25px );padding-bottom:var( --global-kb-row-default-bottom, 25px );padding-top:80px;padding-bottom:80px;grid-template-columns:minmax(0, 1fr);}#kt-layout-id_cad7c7-e2{background-color:#f2f2f2;}#kt-layout-id_cad7c7-e2 > .kt-row-layout-overlay{opacity:0.30;}@media all and (max-width: 1024px){#kt-layout-id_cad7c7-e2 > .kt-row-column-wrap{grid-template-columns:minmax(0, 1fr);}}@media all and (max-width: 767px){#kt-layout-id_cad7c7-e2 > .kt-row-column-wrap{grid-template-columns:minmax(0, 1fr);}}<\/style>\n<div class=\"wp-block-kadence-rowlayout alignfull\"><div id=\"kt-layout-id_cad7c7-e2\" class=\"kt-row-layout-inner kt-row-has-bg kt-layout-id_cad7c7-e2\"><div class=\"kt-row-column-wrap kt-has-1-columns kt-gutter-default kt-v-gutter-default kt-row-valign-middle kt-row-layout-equal kt-tab-layout-inherit kt-m-colapse-left-to-right kt-mobile-layout-row\"><style>.kadence-column_dc195b-06 > .kt-inside-inner-col{border-top-width:0px;border-right-width:0px;border-bottom-width:0px;border-left-width:0px;}.kadence-column_dc195b-06 > .kt-inside-inner-col,.kadence-column_dc195b-06 > .kt-inside-inner-col:before{border-top-left-radius:0px;border-top-right-radius:0px;border-bottom-right-radius:0px;border-bottom-left-radius:0px;}.kadence-column_dc195b-06 > .kt-inside-inner-col{column-gap:var(--global-kb-gap-sm, 1rem);}.kadence-column_dc195b-06 > .kt-inside-inner-col{flex-direction:column;}.kadence-column_dc195b-06 > .kt-inside-inner-col > .aligncenter{width:100%;}.kadence-column_dc195b-06 > .kt-inside-inner-col:before{opacity:0.3;}.kadence-column_dc195b-06{position:relative;}@media all and (max-width: 1024px){.kadence-column_dc195b-06 > .kt-inside-inner-col{flex-direction:column;justify-content:center;}}@media all and (max-width: 767px){.kadence-column_dc195b-06 > .kt-inside-inner-col{flex-direction:column;justify-content:center;}}<\/style>\n<div class=\"wp-block-kadence-column inner-column-1 kadence-column_dc195b-06\"><div class=\"kt-inside-inner-col\"><style>#kt-layout-id_285e05-6c{margin-bottom:0px;}#kt-layout-id_285e05-6c > .kt-row-column-wrap{align-content:start;}:where(#kt-layout-id_285e05-6c > .kt-row-column-wrap) > .wp-block-kadence-column{justify-content:start;}#kt-layout-id_285e05-6c > .kt-row-column-wrap{column-gap:var(--global-kb-gap-md, 2rem);row-gap:var(--global-kb-gap-md, 2rem);max-width:1400px;margin-left:auto;margin-right:auto;padding-top:var( --global-kb-row-default-top, 25px );padding-bottom:var( --global-kb-row-default-bottom, 25px );padding-top:0px;padding-bottom:0px;grid-template-columns:minmax(0, 1fr);}#kt-layout-id_285e05-6c > .kt-row-layout-overlay{opacity:0.30;}@media all and (max-width: 1024px){#kt-layout-id_285e05-6c > .kt-row-column-wrap{grid-template-columns:minmax(0, 1fr);}}@media all and (max-width: 767px){#kt-layout-id_285e05-6c > .kt-row-column-wrap{grid-template-columns:minmax(0, 1fr);}}<\/style>\n<div class=\"wp-block-kadence-rowlayout alignnone\"><div id=\"kt-layout-id_285e05-6c\" class=\"kt-row-layout-inner kt-layout-id_285e05-6c\"><div class=\"kt-row-column-wrap kt-has-1-columns kt-gutter-default kt-v-gutter-default kt-row-valign-top kt-row-layout-equal kt-tab-layout-inherit kt-m-colapse-left-to-right kt-mobile-layout-row\"><style>.kadence-column_e778c9-fe > .kt-inside-inner-col{border-top-width:0px;border-right-width:0px;border-bottom-width:0px;border-left-width:0px;}.kadence-column_e778c9-fe > .kt-inside-inner-col,.kadence-column_e778c9-fe > .kt-inside-inner-col:before{border-top-left-radius:0px;border-top-right-radius:0px;border-bottom-right-radius:0px;border-bottom-left-radius:0px;}.kadence-column_e778c9-fe > .kt-inside-inner-col{column-gap:var(--global-kb-gap-sm, 1rem);}.kadence-column_e778c9-fe > .kt-inside-inner-col{flex-direction:column;}.kadence-column_e778c9-fe > .kt-inside-inner-col > .aligncenter{width:100%;}.kadence-column_e778c9-fe > .kt-inside-inner-col:before{opacity:0.3;}.kadence-column_e778c9-fe{position:relative;}@media all and (max-width: 1024px){.kadence-column_e778c9-fe > .kt-inside-inner-col{flex-direction:column;justify-content:center;}}@media all and (max-width: 767px){.kadence-column_e778c9-fe > .kt-inside-inner-col{flex-direction:column;justify-content:center;}}<\/style>\n<div class=\"wp-block-kadence-column inner-column-1 kadence-column_e778c9-fe\"><div class=\"kt-inside-inner-col\"><style>.wp-block-kadence-advancedheading.kt-adv-heading_e80141-00, .wp-block-kadence-advancedheading.kt-adv-heading_e80141-00[data-kb-block=\"kb-adv-heading_e80141-00\"]{text-align:center;font-style:normal;}.wp-block-kadence-advancedheading.kt-adv-heading_e80141-00 mark.kt-highlight, .wp-block-kadence-advancedheading.kt-adv-heading_e80141-00[data-kb-block=\"kb-adv-heading_e80141-00\"] mark.kt-highlight{font-style:normal;color:#f76a0c;-webkit-box-decoration-break:clone;box-decoration-break:clone;padding-top:0px;padding-right:0px;padding-bottom:0px;padding-left:0px;}.wp-block-kadence-advancedheading.kt-adv-heading_e80141-00 img.kb-inline-image, .wp-block-kadence-advancedheading.kt-adv-heading_e80141-00[data-kb-block=\"kb-adv-heading_e80141-00\"] img.kb-inline-image{width:150px;vertical-align:baseline;}<\/style>\n<h2 class=\"kt-adv-heading_e80141-00 wp-block-kadence-advancedheading\" data-kb-block=\"kb-adv-heading_e80141-00\">Yhteyshenkil\u00f6t<\/h2>\n\n\n<div class=\"nsl-radgivare-list-container\"><div class=\"nsl-radgivare-list-card\"><div class=\"nsl-radgivare-list-card-content\"><div class=\"nsl-radgivare-list-card-image\"><img decoding=\"async\" src=\"https:\/\/www.nsl.fi\/wp-content\/uploads\/patrik_erlund.jpg\"><\/div><div class=\"nsl-radgivare-list-card-namn\">Patrik Erlund<\/div><div class=\"nsl-radgivare-list-card-titel\">Koetoiminnan johtaja, kasvinviljelyneuvoja<\/div><div class=\"nsl-radgivare-list-card-abs\"><div class=\"nsl-radgivare-list-card-info\"><div class=\"nsl-radgivare-list-card-beskrivning\">Vastaa NSL:n koetoiminnasta ja kasvinviljelyneuvonnasta<\/div><div class=\"nsl-radgivare-list-card-filtrering\"><div class=\"nsl-radgivare-list-card-filtrering-content\">Koetoiminta<\/div><div class=\"nsl-radgivare-list-card-filtrering-content\">GEP<\/div><div class=\"nsl-radgivare-list-card-filtrering-content\">Neuvo 2030<\/div><div class=\"nsl-radgivare-list-card-filtrering-content\">Vilja-analyysit<\/div><div class=\"nsl-radgivare-list-card-filtrering-content\">Kasvinviljely<\/div><\/div><\/div><div class=\"nsl-radgivare-list-card-contact\"><div class=\"nsl-radgivare-list-card-telefon\"><a target=\"_blank\" href=\"tel:+358 400 860 630\">+358 400 860 630<\/a><\/div><div class=\"nsl-radgivare-list-card-epost\"><a target=\"_blank\" href=\"mailto:patrik.erlund@nsl.fi\">patrik.erlund@nsl.fi<\/a><\/div><\/div><\/div><\/div><\/div><div class=\"nsl-radgivare-list-card\"><div class=\"nsl-radgivare-list-card-content\"><div class=\"nsl-radgivare-list-card-image\"><img decoding=\"async\" src=\"https:\/\/www.nsl.fi\/wp-content\/uploads\/mikael_froberg.jpg\"><\/div><div class=\"nsl-radgivare-list-card-namn\">Mikael Fr\u00f6berg<\/div><div class=\"nsl-radgivare-list-card-titel\">Kentt\u00e4mestari<\/div><div class=\"nsl-radgivare-list-card-abs\"><div class=\"nsl-radgivare-list-card-info\"><div class=\"nsl-radgivare-list-card-beskrivning\">Vastaa lajiketestauksesta ja viljelyteknisist\u00e4 kokeista<\/div><div class=\"nsl-radgivare-list-card-filtrering\"><div class=\"nsl-radgivare-list-card-filtrering-content\">Koetoiminta<\/div><div class=\"nsl-radgivare-list-card-filtrering-content\">Vilja-analyysit<\/div><\/div><\/div><div class=\"nsl-radgivare-list-card-contact\"><div class=\"nsl-radgivare-list-card-telefon\"><a target=\"_blank\" href=\"tel:+358 503 008 740\">+358 503 008 740<\/a><\/div><div class=\"nsl-radgivare-list-card-epost\"><a target=\"_blank\" href=\"mailto:mikael.froberg@nsl.fi\">mikael.froberg@nsl.fi<\/a><\/div><\/div><\/div><\/div><\/div><div class=\"nsl-radgivare-list-card\"><div class=\"nsl-radgivare-list-card-content\"><div class=\"nsl-radgivare-list-card-image\"><img decoding=\"async\" src=\"https:\/\/www.nsl.fi\/wp-content\/uploads\/ann_sofie_lindholm.jpg\"><\/div><div class=\"nsl-radgivare-list-card-namn\">Ann-Sofie Lindholm<\/div><div class=\"nsl-radgivare-list-card-titel\">Laboratoriovastaava<\/div><div class=\"nsl-radgivare-list-card-abs\"><div class=\"nsl-radgivare-list-card-info\"><div class=\"nsl-radgivare-list-card-beskrivning\">Vastaa viljalaboratorion analysoinneista<\/div><div class=\"nsl-radgivare-list-card-filtrering\"><div class=\"nsl-radgivare-list-card-filtrering-content\">Koetoiminta<\/div><div class=\"nsl-radgivare-list-card-filtrering-content\">Vilja-analyysit<\/div><\/div><\/div><div class=\"nsl-radgivare-list-card-contact\"><div class=\"nsl-radgivare-list-card-telefon\"><a target=\"_blank\" href=\"tel:+358 447 827 228\">+358 447 827 228<\/a><\/div><div class=\"nsl-radgivare-list-card-epost\"><a target=\"_blank\" href=\"mailto:ann-sofie.lindholm@nsl.fi\">ann-sofie.lindholm@nsl.fi<\/a><\/div><\/div><\/div><\/div><\/div><div class=\"nsl-radgivare-list-card\"><div class=\"nsl-radgivare-list-card-content\"><div class=\"nsl-radgivare-list-card-image\"><img decoding=\"async\" src=\"https:\/\/www.nsl.fi\/wp-content\/uploads\/bodil_lindqvist.jpg\"><\/div><div class=\"nsl-radgivare-list-card-namn\">Bodil Lindqvist<\/div><div class=\"nsl-radgivare-list-card-titel\">Kotiel\u00e4inneuvoja, koetoimintateknikko<\/div><div class=\"nsl-radgivare-list-card-abs\"><div class=\"nsl-radgivare-list-card-info\"><div class=\"nsl-radgivare-list-card-beskrivning\">Vastaa kotiel\u00e4inneuvonnasta ja ty\u00f6skentelee it\u00e4isella Uudellamaalla koetoiminnassa<\/div><div class=\"nsl-radgivare-list-card-filtrering\"><div class=\"nsl-radgivare-list-card-filtrering-content\">Koetoiminta<\/div><div class=\"nsl-radgivare-list-card-filtrering-content\">Kotiel\u00e4intuotanto<\/div><div class=\"nsl-radgivare-list-card-filtrering-content\">Neuvo 2030<\/div><div class=\"nsl-radgivare-list-card-filtrering-content\">Pelto tuet<\/div><\/div><\/div><div class=\"nsl-radgivare-list-card-contact\"><div class=\"nsl-radgivare-list-card-telefon\"><a target=\"_blank\" href=\"tel:+358 400 550 553\">+358 400 550 553<\/a><\/div><div class=\"nsl-radgivare-list-card-epost\"><a target=\"_blank\" href=\"mailto:bodil.lindqvist@nsl.fi\">bodil.lindqvist@nsl.fi<\/a><\/div><\/div><\/div><\/div><\/div><div class=\"nsl-radgivare-list-card\"><div class=\"nsl-radgivare-list-card-content\"><div class=\"nsl-radgivare-list-card-image\"><img decoding=\"async\" src=\"https:\/\/www.nsl.fi\/wp-content\/uploads\/ramona_nyman.jpg\"><\/div><div class=\"nsl-radgivare-list-card-namn\">Ramona Nyman<\/div><div class=\"nsl-radgivare-list-card-titel\">Koetoimnta teknikko, maatilaverotuksen kirjanpit\u00e4j\u00e4<\/div><div class=\"nsl-radgivare-list-card-abs\"><div class=\"nsl-radgivare-list-card-info\"><div class=\"nsl-radgivare-list-card-beskrivning\">Koetoimintaa ja maatilan kirjanpitoa V\u00e4stankvarnissa<\/div><div class=\"nsl-radgivare-list-card-filtrering\"><div class=\"nsl-radgivare-list-card-filtrering-content\">Koetoiminta<\/div><div class=\"nsl-radgivare-list-card-filtrering-content\">Maatilaverotus<\/div><div class=\"nsl-radgivare-list-card-filtrering-content\">Vilja-analyysit<\/div><\/div><\/div><div class=\"nsl-radgivare-list-card-contact\"><div class=\"nsl-radgivare-list-card-telefon\"><a target=\"_blank\" href=\"tel:+358 401 464 004\">+358 401 464 004<\/a><\/div><div class=\"nsl-radgivare-list-card-epost\"><a target=\"_blank\" href=\"mailto:ramona.nyman@nsl.fi\">ramona.nyman@nsl.fi<\/a><\/div><\/div><\/div><\/div><\/div><div class=\"nsl-radgivare-list-card\"><div class=\"nsl-radgivare-list-card-content\"><div class=\"nsl-radgivare-list-card-image\"><img decoding=\"async\" src=\"https:\/\/www.nsl.fi\/wp-content\/uploads\/NSL_kvinna.svg\"><\/div><div class=\"nsl-radgivare-list-card-namn\">Micaela Qvarnstr\u00f6m<\/div><div class=\"nsl-radgivare-list-card-titel\">Laboratoriovastaava satamassa, koetoimintateknikko (vanhempainlomalla)<\/div><div class=\"nsl-radgivare-list-card-abs\"><div class=\"nsl-radgivare-list-card-info\"><div class=\"nsl-radgivare-list-card-beskrivning\">Vastaa satamalaboratorion toiminnasta ja mukana koetoiminnassa<\/div><div class=\"nsl-radgivare-list-card-filtrering\"><div class=\"nsl-radgivare-list-card-filtrering-content\">Koetoiminta<\/div><div class=\"nsl-radgivare-list-card-filtrering-content\">Vilja-analyysit<\/div><div class=\"nsl-radgivare-list-card-filtrering-content\">Siementuotanto<\/div><\/div><\/div><div class=\"nsl-radgivare-list-card-contact\"><div class=\"nsl-radgivare-list-card-telefon\"><a target=\"_blank\" href=\"tel:+358 405 737 966\">+358 405 737 966<\/a><\/div><div class=\"nsl-radgivare-list-card-epost\"><a target=\"_blank\" href=\"mailto:micaela.qvarnstrom@nsl.fi\">micaela.qvarnstrom@nsl.fi<\/a><\/div><\/div><\/div><\/div><\/div><div class=\"nsl-radgivare-list-card\"><div class=\"nsl-radgivare-list-card-content\"><div class=\"nsl-radgivare-list-card-image\"><img decoding=\"async\" src=\"https:\/\/www.nsl.fi\/wp-content\/uploads\/saara_vilander.jpg\"><\/div><div class=\"nsl-radgivare-list-card-namn\">Saara Sil\u00e9n<\/div><div class=\"nsl-radgivare-list-card-titel\">Laboratoriovastaava satamassa, koetoimintateknikko, maatilaverotuksen kirjanpit\u00e4j\u00e4<\/div><div class=\"nsl-radgivare-list-card-abs\"><div class=\"nsl-radgivare-list-card-info\"><div class=\"nsl-radgivare-list-card-beskrivning\">Vastaa v\u00e4liaikaisesti satamalaboratoriosta, mukana koetoiminnassa ja tekee kirjanpitoa V\u00e4stankvarnissa<\/div><div class=\"nsl-radgivare-list-card-filtrering\"><div class=\"nsl-radgivare-list-card-filtrering-content\">Koetoiminta<\/div><div class=\"nsl-radgivare-list-card-filtrering-content\">Maatilaverotus<\/div><div class=\"nsl-radgivare-list-card-filtrering-content\">Vilja-analyysit<\/div><\/div><\/div><div class=\"nsl-radgivare-list-card-contact\"><div class=\"nsl-radgivare-list-card-telefon\"><a target=\"_blank\" href=\"tel:+358 409 661 021\">+358 409 661 021<\/a><\/div><div class=\"nsl-radgivare-list-card-epost\"><a target=\"_blank\" href=\"mailto:saara.silen@nsl.fi\">saara.silen@nsl.fi<\/a><\/div><\/div><\/div><\/div><\/div><div class=\"nsl-radgivare-list-card\"><div class=\"nsl-radgivare-list-card-content\"><div class=\"nsl-radgivare-list-card-image\"><img decoding=\"async\" src=\"https:\/\/www.nsl.fi\/wp-content\/uploads\/micaela_strom.jpg\"><\/div><div class=\"nsl-radgivare-list-card-namn\">Micaela Str\u00f6m<\/div><div class=\"nsl-radgivare-list-card-titel\">Luomuneuvoja, koetoimintateknikko<\/div><div class=\"nsl-radgivare-list-card-abs\"><div class=\"nsl-radgivare-list-card-info\"><div class=\"nsl-radgivare-list-card-beskrivning\">Luomuneuvontaa l\u00e4ntisell\u00e4 Uudellamaalla ja toimii Eko+ -projektissa<\/div><div class=\"nsl-radgivare-list-card-filtrering\"><div class=\"nsl-radgivare-list-card-filtrering-content\">Luomu<\/div><div class=\"nsl-radgivare-list-card-filtrering-content\">Koetoiminta<\/div><div class=\"nsl-radgivare-list-card-filtrering-content\">Neuvo 2030<\/div><div class=\"nsl-radgivare-list-card-filtrering-content\">Kasvinviljely<\/div><div class=\"nsl-radgivare-list-card-filtrering-content\">Pelto tuet<\/div><\/div><\/div><div class=\"nsl-radgivare-list-card-contact\"><div class=\"nsl-radgivare-list-card-telefon\"><a target=\"_blank\" href=\"tel:+358 443 807 771\">+358 443 807 771<\/a><\/div><div class=\"nsl-radgivare-list-card-epost\"><a target=\"_blank\" href=\"mailto:micaela.strom@nsl.fi\">micaela.strom@nsl.fi<\/a><\/div><\/div><\/div><\/div><\/div><\/div>\n<\/div><\/div>\n<\/div><\/div><\/div>\n<\/div><\/div>\n<\/div><\/div><\/div>\n","protected":false},"excerpt":{"rendered":"<p>NSL koetoiminta suorittaa lajiketestausta viljoilla, \u00f6ljykasveilla ja palkokasveilla. Luken viralliset lajikekokeet toteutetaan V\u00e4stankvarnissa Inkoossa, Suur-Sarvilahdessa Loviisassa sek\u00e4 Kaislaniemen tilalla Iitiss\u00e4. Lis\u00e4ksi teemme lajiketestausta omaan k\u00e4ytt\u00f6\u00f6n sek\u00e4 siemenjalostajille ja lajikeomistajille. Yhteyshenkil\u00f6t<\/p>\n","protected":false},"author":1,"featured_media":0,"parent":5018,"menu_order":0,"comment_status":"closed","ping_status":"closed","template":"","meta":{"_acf_changed":false,"_kad_blocks_custom_css":"","_kad_blocks_head_custom_js":"","_kad_blocks_body_custom_js":"","_kad_blocks_footer_custom_js":"","footnotes":""},"class_list":["post-5026","page","type-page","status-publish","hentry"],"acf":[],"taxonomy_info":[],"featured_image_src_large":false,"author_info":{"display_name":"Webmaster","author_link":"https:\/\/www.nsl.fi\/fi\/author\/mrmedia\/"},"comment_info":0,"publishpress_future_action":{"enabled":false,"date":"2026-04-15 13:52:26","action":"change-status","newStatus":"draft","terms":[],"taxonomy":"translation_priority","extraData":[]},"publishpress_future_workflow_manual_trigger":{"enabledWorkflows":[]},"_links":{"self":[{"href":"https:\/\/www.nsl.fi\/fi\/wp-json\/wp\/v2\/pages\/5026","targetHints":{"allow":["GET"]}}],"collection":[{"href":"https:\/\/www.nsl.fi\/fi\/wp-json\/wp\/v2\/pages"}],"about":[{"href":"https:\/\/www.nsl.fi\/fi\/wp-json\/wp\/v2\/types\/page"}],"author":[{"embeddable":true,"href":"https:\/\/www.nsl.fi\/fi\/wp-json\/wp\/v2\/users\/1"}],"replies":[{"embeddable":true,"href":"https:\/\/www.nsl.fi\/fi\/wp-json\/wp\/v2\/comments?post=5026"}],"version-history":[{"count":2,"href":"https:\/\/www.nsl.fi\/fi\/wp-json\/wp\/v2\/pages\/5026\/revisions"}],"predecessor-version":[{"id":5539,"href":"https:\/\/www.nsl.fi\/fi\/wp-json\/wp\/v2\/pages\/5026\/revisions\/5539"}],"up":[{"embeddable":true,"href":"https:\/\/www.nsl.fi\/fi\/wp-json\/wp\/v2\/pages\/5018"}],"wp:attachment":[{"href":"https:\/\/www.nsl.fi\/fi\/wp-json\/wp\/v2\/media?parent=5026"}],"curies":[{"name":"wp","href":"https:\/\/api.w.org\/{rel}","templated":true}]}}