{"id":5033,"date":"2021-02-26T09:57:37","date_gmt":"2021-02-26T07:57:37","guid":{"rendered":"https:\/\/dev.mrmedia.fi\/nsl\/koetoiminta\/ekologiska-forsok\/"},"modified":"2026-02-19T09:24:51","modified_gmt":"2026-02-19T07:24:51","slug":"luomukokeet","status":"publish","type":"page","link":"https:\/\/www.nsl.fi\/fi\/koetoiminta\/luomukokeet\/","title":{"rendered":"Luomukokeet"},"content":{"rendered":"\n<p>Luomukokeet suoritetaan it\u00e4isell\u00e4 Uudellamaalla yhteisty\u00f6ss\u00e4 EkoNu projektin kanssa. Kokeet toteutetaan luomuvalvonnan piiriin kuuluvalla tilalla. Koetoimintaan kuuluu lajiketestausta ja viljelyteknisi\u00e4 kokeita. Koetulokset l\u00f6ytyv\u00e4t <a href=\"https:\/\/www.ekonu.fi\/ekoplus\/ekosortforsok\/\" data-type=\"link\" data-id=\"https:\/\/www.ekonu.fi\/ekoplus\/ekosortforsok\/\" target=\"_blank\" rel=\"noreferrer noopener\">Ekologiskt.Naturligtvis<\/a> sivustolta.<\/p>\n\n\n<style>.kb-row-layout-wrap.wp-block-kadence-rowlayout.kb-row-layout-id5033_c7a49d-9e{margin-bottom:0px;margin-top:100px;}.kb-row-layout-id5033_c7a49d-9e > .kt-row-column-wrap{align-content:center;}:where(.kb-row-layout-id5033_c7a49d-9e > .kt-row-column-wrap) > .wp-block-kadence-column{justify-content:center;}.kb-row-layout-id5033_c7a49d-9e > .kt-row-column-wrap{column-gap:var(--global-kb-gap-md, 2rem);row-gap:var(--global-kb-gap-md, 2rem);padding-top:80px;padding-bottom:80px;grid-template-columns:minmax(0, 1fr);}.kb-row-layout-id5033_c7a49d-9e{background-color:#f2f2f2;}.kb-row-layout-id5033_c7a49d-9e > .kt-row-layout-overlay{opacity:0.30;}@media all and (max-width: 1024px){.kb-row-layout-id5033_c7a49d-9e > .kt-row-column-wrap{grid-template-columns:minmax(0, 1fr);}}@media all and (max-width: 767px){.kb-row-layout-id5033_c7a49d-9e > .kt-row-column-wrap{grid-template-columns:minmax(0, 1fr);}}<\/style><div class=\"kb-row-layout-wrap kb-row-layout-id5033_c7a49d-9e alignfull kt-row-has-bg wp-block-kadence-rowlayout\"><div class=\"kt-row-column-wrap kt-has-1-columns kt-row-layout-equal kt-tab-layout-inherit kt-mobile-layout-row kt-row-valign-middle\">\n<style>.kadence-column5033_71b5b0-72 > .kt-inside-inner-col,.kadence-column5033_71b5b0-72 > .kt-inside-inner-col:before{border-top-left-radius:0px;border-top-right-radius:0px;border-bottom-right-radius:0px;border-bottom-left-radius:0px;}.kadence-column5033_71b5b0-72 > .kt-inside-inner-col{column-gap:var(--global-kb-gap-sm, 1rem);}.kadence-column5033_71b5b0-72 > .kt-inside-inner-col{flex-direction:column;}.kadence-column5033_71b5b0-72 > .kt-inside-inner-col > .aligncenter{width:100%;}.kadence-column5033_71b5b0-72 > .kt-inside-inner-col:before{opacity:0.3;}.kadence-column5033_71b5b0-72{position:relative;}@media all and (max-width: 1024px){.kadence-column5033_71b5b0-72 > .kt-inside-inner-col{flex-direction:column;justify-content:center;}}@media all and (max-width: 767px){.kadence-column5033_71b5b0-72 > .kt-inside-inner-col{flex-direction:column;justify-content:center;}}<\/style>\n<div class=\"wp-block-kadence-column kadence-column5033_71b5b0-72 inner-column-1\"><div class=\"kt-inside-inner-col\"><style>.kb-row-layout-wrap.wp-block-kadence-rowlayout.kb-row-layout-id5033_345d87-28{margin-bottom:0px;}.kb-row-layout-id5033_345d87-28 > .kt-row-column-wrap{align-content:start;}:where(.kb-row-layout-id5033_345d87-28 > .kt-row-column-wrap) > .wp-block-kadence-column{justify-content:start;}.kb-row-layout-id5033_345d87-28 > .kt-row-column-wrap{column-gap:var(--global-kb-gap-md, 2rem);row-gap:var(--global-kb-gap-md, 2rem);max-width:1400px;margin-left:auto;margin-right:auto;padding-top:0px;padding-bottom:0px;grid-template-columns:minmax(0, 1fr);}.kb-row-layout-id5033_345d87-28 > .kt-row-layout-overlay{opacity:0.30;}@media all and (max-width: 1024px){.kb-row-layout-id5033_345d87-28 > .kt-row-column-wrap{grid-template-columns:minmax(0, 1fr);}}@media all and (max-width: 767px){.kb-row-layout-id5033_345d87-28 > .kt-row-column-wrap{grid-template-columns:minmax(0, 1fr);}}<\/style><div class=\"kb-row-layout-wrap kb-row-layout-id5033_345d87-28 alignnone wp-block-kadence-rowlayout\"><div class=\"kt-row-column-wrap kt-has-1-columns kt-row-layout-equal kt-tab-layout-inherit kt-mobile-layout-row kt-row-valign-top\">\n<style>.kadence-column5033_010cc2-69 > .kt-inside-inner-col,.kadence-column5033_010cc2-69 > .kt-inside-inner-col:before{border-top-left-radius:0px;border-top-right-radius:0px;border-bottom-right-radius:0px;border-bottom-left-radius:0px;}.kadence-column5033_010cc2-69 > .kt-inside-inner-col{column-gap:var(--global-kb-gap-sm, 1rem);}.kadence-column5033_010cc2-69 > .kt-inside-inner-col{flex-direction:column;}.kadence-column5033_010cc2-69 > .kt-inside-inner-col > .aligncenter{width:100%;}.kadence-column5033_010cc2-69 > .kt-inside-inner-col:before{opacity:0.3;}.kadence-column5033_010cc2-69{position:relative;}@media all and (max-width: 1024px){.kadence-column5033_010cc2-69 > .kt-inside-inner-col{flex-direction:column;justify-content:center;}}@media all and (max-width: 767px){.kadence-column5033_010cc2-69 > .kt-inside-inner-col{flex-direction:column;justify-content:center;}}<\/style>\n<div class=\"wp-block-kadence-column kadence-column5033_010cc2-69 inner-column-1\"><div class=\"kt-inside-inner-col\"><style>.wp-block-kadence-advancedheading.kt-adv-heading5033_001a81-48, .wp-block-kadence-advancedheading.kt-adv-heading5033_001a81-48[data-kb-block=\"kb-adv-heading5033_001a81-48\"]{text-align:center;font-style:normal;}.wp-block-kadence-advancedheading.kt-adv-heading5033_001a81-48 mark.kt-highlight, .wp-block-kadence-advancedheading.kt-adv-heading5033_001a81-48[data-kb-block=\"kb-adv-heading5033_001a81-48\"] mark.kt-highlight{font-style:normal;color:#f76a0c;-webkit-box-decoration-break:clone;box-decoration-break:clone;padding-top:0px;padding-right:0px;padding-bottom:0px;padding-left:0px;}.wp-block-kadence-advancedheading.kt-adv-heading5033_001a81-48 img.kb-inline-image, .wp-block-kadence-advancedheading.kt-adv-heading5033_001a81-48[data-kb-block=\"kb-adv-heading5033_001a81-48\"] img.kb-inline-image{width:150px;vertical-align:baseline;}<\/style>\n<h2 class=\"kt-adv-heading5033_001a81-48 wp-block-kadence-advancedheading\" data-kb-block=\"kb-adv-heading5033_001a81-48\">Yhteyshenkil\u00f6<\/h2>\n\n\n<div class=\"nsl-radgivare-list-container\"><div class=\"nsl-radgivare-list-card\"><div class=\"nsl-radgivare-list-card-content\"><div class=\"nsl-radgivare-list-card-image\"><img decoding=\"async\" src=\"https:\/\/www.nsl.fi\/wp-content\/uploads\/micaela_strom.jpg\"><\/div><div class=\"nsl-radgivare-list-card-namn\">Micaela Str\u00f6m<\/div><div class=\"nsl-radgivare-list-card-titel\">Luomuneuvoja, koetoimintateknikko<\/div><div class=\"nsl-radgivare-list-card-abs\"><div class=\"nsl-radgivare-list-card-info\"><div class=\"nsl-radgivare-list-card-beskrivning\">Luomuneuvontaa l\u00e4ntisell\u00e4 Uudellamaalla ja toimii Eko+ -projektissa<\/div><div class=\"nsl-radgivare-list-card-filtrering\"><div class=\"nsl-radgivare-list-card-filtrering-content\">Luomu<\/div><div class=\"nsl-radgivare-list-card-filtrering-content\">Koetoiminta<\/div><div class=\"nsl-radgivare-list-card-filtrering-content\">Neuvo 2030<\/div><div class=\"nsl-radgivare-list-card-filtrering-content\">Kasvinviljely<\/div><div class=\"nsl-radgivare-list-card-filtrering-content\">Pelto tuet<\/div><\/div><\/div><div class=\"nsl-radgivare-list-card-contact\"><div class=\"nsl-radgivare-list-card-telefon\"><a target=\"_blank\" href=\"tel:+358 443 807 771\">+358 443 807 771<\/a><\/div><div class=\"nsl-radgivare-list-card-epost\"><a target=\"_blank\" href=\"mailto:micaela.strom@nsl.fi\">micaela.strom@nsl.fi<\/a><\/div><\/div><\/div><\/div><\/div><\/div>\n<\/div><\/div>\n\n<\/div><\/div><\/div><\/div>\n\n<\/div><\/div>","protected":false},"excerpt":{"rendered":"<p>Luomukokeet suoritetaan it\u00e4isell\u00e4 Uudellamaalla yhteisty\u00f6ss\u00e4 EkoNu projektin kanssa. Kokeet toteutetaan luomuvalvonnan piiriin kuuluvalla tilalla. Koetoimintaan kuuluu lajiketestausta ja viljelyteknisi\u00e4 kokeita. Koetulokset l\u00f6ytyv\u00e4t Ekologiskt.Naturligtvis sivustolta. Yhteyshenkil\u00f6<\/p>\n","protected":false},"author":1,"featured_media":0,"parent":5018,"menu_order":0,"comment_status":"closed","ping_status":"closed","template":"","meta":{"_acf_changed":false,"_kad_blocks_custom_css":"","_kad_blocks_head_custom_js":"","_kad_blocks_body_custom_js":"","_kad_blocks_footer_custom_js":"","footnotes":""},"class_list":["post-5033","page","type-page","status-publish","hentry"],"acf":[],"taxonomy_info":[],"featured_image_src_large":false,"author_info":{"display_name":"Webmaster","author_link":"https:\/\/www.nsl.fi\/fi\/author\/mrmedia\/"},"comment_info":0,"publishpress_future_action":{"enabled":false,"date":"2026-05-11 11:53:33","action":"change-status","newStatus":"draft","terms":[],"taxonomy":"translation_priority","extraData":[]},"publishpress_future_workflow_manual_trigger":{"enabledWorkflows":[]},"_links":{"self":[{"href":"https:\/\/www.nsl.fi\/fi\/wp-json\/wp\/v2\/pages\/5033","targetHints":{"allow":["GET"]}}],"collection":[{"href":"https:\/\/www.nsl.fi\/fi\/wp-json\/wp\/v2\/pages"}],"about":[{"href":"https:\/\/www.nsl.fi\/fi\/wp-json\/wp\/v2\/types\/page"}],"author":[{"embeddable":true,"href":"https:\/\/www.nsl.fi\/fi\/wp-json\/wp\/v2\/users\/1"}],"replies":[{"embeddable":true,"href":"https:\/\/www.nsl.fi\/fi\/wp-json\/wp\/v2\/comments?post=5033"}],"version-history":[{"count":5,"href":"https:\/\/www.nsl.fi\/fi\/wp-json\/wp\/v2\/pages\/5033\/revisions"}],"predecessor-version":[{"id":8021,"href":"https:\/\/www.nsl.fi\/fi\/wp-json\/wp\/v2\/pages\/5033\/revisions\/8021"}],"up":[{"embeddable":true,"href":"https:\/\/www.nsl.fi\/fi\/wp-json\/wp\/v2\/pages\/5018"}],"wp:attachment":[{"href":"https:\/\/www.nsl.fi\/fi\/wp-json\/wp\/v2\/media?parent=5033"}],"curies":[{"name":"wp","href":"https:\/\/api.w.org\/{rel}","templated":true}]}}