{"id":5075,"date":"2021-03-23T11:08:15","date_gmt":"2021-03-23T09:08:15","guid":{"rendered":"https:\/\/dev.mrmedia.fi\/nsl\/kontakt\/"},"modified":"2025-03-31T09:16:40","modified_gmt":"2025-03-31T07:16:40","slug":"yhteys","status":"publish","type":"page","link":"https:\/\/www.nsl.fi\/fi\/yhteys\/","title":{"rendered":"Yhteystiedot"},"content":{"rendered":"<style>.wp-block-kadence-advancedheading.kt-adv-heading5075_ed0096-5f, .wp-block-kadence-advancedheading.kt-adv-heading5075_ed0096-5f[data-kb-block=\"kb-adv-heading5075_ed0096-5f\"]{font-style:normal;}.wp-block-kadence-advancedheading.kt-adv-heading5075_ed0096-5f mark.kt-highlight, .wp-block-kadence-advancedheading.kt-adv-heading5075_ed0096-5f[data-kb-block=\"kb-adv-heading5075_ed0096-5f\"] mark.kt-highlight{font-style:normal;color:#f76a0c;-webkit-box-decoration-break:clone;box-decoration-break:clone;padding-top:0px;padding-right:0px;padding-bottom:0px;padding-left:0px;}.wp-block-kadence-advancedheading.kt-adv-heading5075_ed0096-5f img.kb-inline-image, .wp-block-kadence-advancedheading.kt-adv-heading5075_ed0096-5f[data-kb-block=\"kb-adv-heading5075_ed0096-5f\"] img.kb-inline-image{width:150px;vertical-align:baseline;}<\/style>\n<h2 class=\"kt-adv-heading5075_ed0096-5f wp-block-kadence-advancedheading\" data-kb-block=\"kb-adv-heading5075_ed0096-5f\">Toimisto<\/h2>\n\n\n\n<p>Nylands Svenska Lantbrukss\u00e4llskap<br>Liisankatu 21B 8<br>00170 Helsinki<\/p>\n\n\n\n<p><strong>Puhelin:<\/strong> +358 438 248 700<br><strong>S\u00e4hk\u00f6posti:<\/strong> <a href=\"mailto:info@nsl.fi\" target=\"_blank\" rel=\"noreferrer noopener\">info@nsl.fi<\/a><\/p>\n\n\n<style>.wp-block-kadence-advancedheading.kt-adv-heading5075_b7fa0a-81, .wp-block-kadence-advancedheading.kt-adv-heading5075_b7fa0a-81[data-kb-block=\"kb-adv-heading5075_b7fa0a-81\"]{font-style:normal;}.wp-block-kadence-advancedheading.kt-adv-heading5075_b7fa0a-81 mark.kt-highlight, .wp-block-kadence-advancedheading.kt-adv-heading5075_b7fa0a-81[data-kb-block=\"kb-adv-heading5075_b7fa0a-81\"] mark.kt-highlight{font-style:normal;color:#f76a0c;-webkit-box-decoration-break:clone;box-decoration-break:clone;padding-top:0px;padding-right:0px;padding-bottom:0px;padding-left:0px;}.wp-block-kadence-advancedheading.kt-adv-heading5075_b7fa0a-81 img.kb-inline-image, .wp-block-kadence-advancedheading.kt-adv-heading5075_b7fa0a-81[data-kb-block=\"kb-adv-heading5075_b7fa0a-81\"] img.kb-inline-image{width:150px;vertical-align:baseline;}<\/style>\n<h2 class=\"kt-adv-heading5075_b7fa0a-81 wp-block-kadence-advancedheading\" data-kb-block=\"kb-adv-heading5075_b7fa0a-81\">Y-tunnus<\/h2>\n\n\n\n<p>0201774-6<\/p>\n\n\n<style>.wp-block-kadence-advancedheading.kt-adv-heading5075_f1db7a-4b, .wp-block-kadence-advancedheading.kt-adv-heading5075_f1db7a-4b[data-kb-block=\"kb-adv-heading5075_f1db7a-4b\"]{font-style:normal;}.wp-block-kadence-advancedheading.kt-adv-heading5075_f1db7a-4b mark.kt-highlight, .wp-block-kadence-advancedheading.kt-adv-heading5075_f1db7a-4b[data-kb-block=\"kb-adv-heading5075_f1db7a-4b\"] mark.kt-highlight{font-style:normal;color:#f76a0c;-webkit-box-decoration-break:clone;box-decoration-break:clone;padding-top:0px;padding-right:0px;padding-bottom:0px;padding-left:0px;}.wp-block-kadence-advancedheading.kt-adv-heading5075_f1db7a-4b img.kb-inline-image, .wp-block-kadence-advancedheading.kt-adv-heading5075_f1db7a-4b[data-kb-block=\"kb-adv-heading5075_f1db7a-4b\"] img.kb-inline-image{width:150px;vertical-align:baseline;}<\/style>\n<h2 class=\"kt-adv-heading5075_f1db7a-4b wp-block-kadence-advancedheading\" data-kb-block=\"kb-adv-heading5075_f1db7a-4b\">Verkkolaskuosoite<\/h2>\n\n\n\n<p><strong>OVT-tunnus:<\/strong> 003702017746<br><strong>Verkkolaskuoperaattori:<\/strong> Apix Messaging Oy<\/p>\n\n\n<style>.wp-block-kadence-advancedheading.kt-adv-heading5075_a8942e-1e, .wp-block-kadence-advancedheading.kt-adv-heading5075_a8942e-1e[data-kb-block=\"kb-adv-heading5075_a8942e-1e\"]{font-style:normal;}.wp-block-kadence-advancedheading.kt-adv-heading5075_a8942e-1e mark.kt-highlight, .wp-block-kadence-advancedheading.kt-adv-heading5075_a8942e-1e[data-kb-block=\"kb-adv-heading5075_a8942e-1e\"] mark.kt-highlight{font-style:normal;color:#f76a0c;-webkit-box-decoration-break:clone;box-decoration-break:clone;padding-top:0px;padding-right:0px;padding-bottom:0px;padding-left:0px;}.wp-block-kadence-advancedheading.kt-adv-heading5075_a8942e-1e img.kb-inline-image, .wp-block-kadence-advancedheading.kt-adv-heading5075_a8942e-1e[data-kb-block=\"kb-adv-heading5075_a8942e-1e\"] img.kb-inline-image{width:150px;vertical-align:baseline;}<\/style>\n<h2 class=\"kt-adv-heading5075_a8942e-1e wp-block-kadence-advancedheading\" data-kb-block=\"kb-adv-heading5075_a8942e-1e\">NSL Koetoiminta<\/h2>\n\n\n\n<p>V\u00e4stankvarnintie 446<br>10230 Inkoo as<\/p>\n\n\n<style>.wp-block-kadence-advancedheading.kt-adv-heading5075_311883-86, .wp-block-kadence-advancedheading.kt-adv-heading5075_311883-86[data-kb-block=\"kb-adv-heading5075_311883-86\"]{font-style:normal;}.wp-block-kadence-advancedheading.kt-adv-heading5075_311883-86 mark.kt-highlight, .wp-block-kadence-advancedheading.kt-adv-heading5075_311883-86[data-kb-block=\"kb-adv-heading5075_311883-86\"] mark.kt-highlight{font-style:normal;color:#f76a0c;-webkit-box-decoration-break:clone;box-decoration-break:clone;padding-top:0px;padding-right:0px;padding-bottom:0px;padding-left:0px;}.wp-block-kadence-advancedheading.kt-adv-heading5075_311883-86 img.kb-inline-image, .wp-block-kadence-advancedheading.kt-adv-heading5075_311883-86[data-kb-block=\"kb-adv-heading5075_311883-86\"] img.kb-inline-image{width:150px;vertical-align:baseline;}<\/style>\n<h2 class=\"kt-adv-heading5075_311883-86 wp-block-kadence-advancedheading\" data-kb-block=\"kb-adv-heading5075_311883-86\">NSL Lab<\/h2>\n\n\n\n<p>V\u00e4stankvarnintie 444<br>10230 Inkoo as<\/p>\n","protected":false},"excerpt":{"rendered":"<p>Toimisto Nylands Svenska Lantbrukss\u00e4llskapLiisankatu 21B 800170 Helsinki Puhelin: +358 438 248 700S\u00e4hk\u00f6posti: info@nsl.fi Y-tunnus 0201774-6 Verkkolaskuosoite OVT-tunnus: 003702017746Verkkolaskuoperaattori: Apix Messaging Oy NSL Koetoiminta V\u00e4stankvarnintie 44610230 Inkoo as NSL Lab V\u00e4stankvarnintie 44410230 Inkoo as<\/p>\n","protected":false},"author":1,"featured_media":0,"parent":0,"menu_order":0,"comment_status":"closed","ping_status":"closed","template":"","meta":{"_acf_changed":false,"_kad_blocks_custom_css":"","_kad_blocks_head_custom_js":"","_kad_blocks_body_custom_js":"","_kad_blocks_footer_custom_js":"","footnotes":""},"class_list":["post-5075","page","type-page","status-publish"],"acf":[],"taxonomy_info":[],"featured_image_src_large":false,"author_info":{"display_name":"Webmaster","author_link":"https:\/\/www.nsl.fi\/fi\/author\/mrmedia\/"},"comment_info":0,"publishpress_future_action":{"enabled":false,"date":"2026-04-20 08:42:27","action":"change-status","newStatus":"draft","terms":[],"taxonomy":"translation_priority","extraData":[]},"publishpress_future_workflow_manual_trigger":{"enabledWorkflows":[]},"_links":{"self":[{"href":"https:\/\/www.nsl.fi\/fi\/wp-json\/wp\/v2\/pages\/5075","targetHints":{"allow":["GET"]}}],"collection":[{"href":"https:\/\/www.nsl.fi\/fi\/wp-json\/wp\/v2\/pages"}],"about":[{"href":"https:\/\/www.nsl.fi\/fi\/wp-json\/wp\/v2\/types\/page"}],"author":[{"embeddable":true,"href":"https:\/\/www.nsl.fi\/fi\/wp-json\/wp\/v2\/users\/1"}],"replies":[{"embeddable":true,"href":"https:\/\/www.nsl.fi\/fi\/wp-json\/wp\/v2\/comments?post=5075"}],"version-history":[{"count":5,"href":"https:\/\/www.nsl.fi\/fi\/wp-json\/wp\/v2\/pages\/5075\/revisions"}],"predecessor-version":[{"id":7285,"href":"https:\/\/www.nsl.fi\/fi\/wp-json\/wp\/v2\/pages\/5075\/revisions\/7285"}],"wp:attachment":[{"href":"https:\/\/www.nsl.fi\/fi\/wp-json\/wp\/v2\/media?parent=5075"}],"curies":[{"name":"wp","href":"https:\/\/api.w.org\/{rel}","templated":true}]}}