{"id":5161,"date":"2021-04-06T12:30:59","date_gmt":"2021-04-06T10:30:59","guid":{"rendered":"https:\/\/dev.mrmedia.fi\/nsl\/historia\/"},"modified":"2021-06-15T10:50:39","modified_gmt":"2021-06-15T08:50:39","slug":"historia","status":"publish","type":"page","link":"https:\/\/www.nsl.fi\/fi\/meista\/historia\/","title":{"rendered":"Historia"},"content":{"rendered":"\n<p>Nylands svenska lantbrukss\u00e4llskap on rekister\u00f6ity yhdistys joka on perustettu vuonna 1856. Silloinen nimi oli Nylands och Tavastehus l\u00e4ns lantbrukss\u00e4llskap.<\/p>\n\n\n\n<p>Yhdistyksen teht\u00e4v\u00e4n\u00e4 oli, ja on viel\u00e4kin, tarjota neuvontaa maatalouskysymyksiss\u00e4. Er\u00e4s merkitt\u00e4v\u00e4 henkil\u00f6 yhdistyksen alkutaipaleella ja sen perustamisessa oli professori ja senaattori <em>Johan Wilhelm Snellman<\/em>. H\u00e4n laati yhdistyksen ensimm\u00e4iset s\u00e4\u00e4nn\u00f6t ja toimi my\u00f6s ensimm\u00e4isen\u00e4 sihteerin\u00e4. Ensimm\u00e4isen\u00e4 puheenjohtajana toimi Helsingin Yliopiston varakansleri <em>J.R.Munck<\/em> jolla my\u00f6s oli meritt\u00e4v\u00e4 rooli perustamisen yhteydess\u00e4.<\/p>\n\n\n\n<p>Yhdistyksen nykyinen nimi, Nylands svenska lantbrukss\u00e4llskap, otettiin k\u00e4ytt\u00f6\u00f6n vuonna 1946 merkitt\u00e4v\u00e4n s\u00e4\u00e4nt\u00f6uudistuksen my\u00f6ta. T\u00e4m\u00e4n uudistuksen keulamiehen\u00e4 toimi silloinen puheenjohtaja, vapaaherra <em>Ernst von Born<\/em>.<\/p>\n\n\n\n<p>Jos NSL:n pitk\u00e4 historia kiinnostaa laajemmin nin siihen voi hyvin perehty\u00e4 vuonna 2006 julkaistun historiikin kautta. Kirjan nimi on <em>Nylands Svenska Lantbrukss\u00e4llskap 1856-2006 F\u00f6r, genom och med folket<\/em> ja sen on kirjoittanut Kim Bj\u00f6rklund. Kirja on saatavilla NSL:n toimistolta.<\/p>\n\n\n<style>.kb-gallery-id-_22d09c-ad.kb-gallery-ul.kb-gallery-type-fluidcarousel .kt-blocks-carousel figure .kb-gal-image-radius, .kb-gallery-id-_22d09c-ad.kb-gallery-ul.kb-gallery-type-fluidcarousel .kt-blocks-carousel figure .kb-gal-image-radius img{height:300px;}.kb-gallery-id-_22d09c-ad .kadence-blocks-gallery-item .kb-gal-image-radius, .kb-gallery-id-_22d09c-ad .kb-slide-item .kb-gal-image-radius img{border-radius:0px 0px 0px 0px;;}.kb-gallery-wrap-id-_22d09c-ad.wp-block-kadence-advancedgallery{overflow:visible;}.kb-gallery-wrap-id-_22d09c-ad.wp-block-kadence-advancedgallery .kt-blocks-carousel{overflow:visible;max-width:100%;}<\/style><div class=\"kb-gallery-wrap-id-_22d09c-ad alignnone wp-block-kadence-advancedgallery\"><div class=\"kb-gallery-ul kb-gallery-non-static kb-gallery-type-fluidcarousel kb-gallery-id-_22d09c-ad kb-gallery-caption-style-bottom-hover kb-gallery-filter-none kb-gallery-magnific-init\" data-image-filter=\"none\" data-lightbox-caption=\"false\"><div class=\"kt-blocks-carousel splide kt-carousel-container-dotstyle-dark kt-carousel-arrowstyle-none kt-carousel-dotstyle-dark kb-slider-group-arrow kb-slider-arrow-position-center\" data-slider-anim-speed=\"400\" data-slider-scroll=\"1\" data-slider-arrows=\"false\" data-slider-dots=\"true\" data-slider-hover-pause=\"false\" data-slider-auto=\"\" data-slider-speed=\"7000\" data-slider-type=\"fluidcarousel\" data-slider-center-mode=\"true\" data-slider-gap=\"20px\" data-slider-gap-tablet=\"20px\" data-slider-gap-mobile=\"20px\" data-show-pause-button=\"false\"><div class=\"splide__track\"><ul class=\"kt-blocks-carousel-init kb-blocks-fluid-carousel splide__list\"><li class=\"kb-slide-item kb-gallery-carousel-item splide__slide\"><div class=\"kadence-blocks-gallery-item\"><div class=\"kadence-blocks-gallery-item-inner\"><figure class=\"kb-gallery-figure kb-gallery-item-has-link kadence-blocks-gallery-item-hide-caption\"><a href=\"https:\/\/www.nsl.fi\/wp-content\/uploads\/historik_04.jpg\" class=\"kb-gallery-item-link\"   role=\"button\" aria-haspopup=\"dialog\"><div class=\"kb-gal-image-radius\"><div class=\"kb-gallery-image-contain\" ><img loading=\"lazy\" decoding=\"async\" src=\"https:\/\/www.nsl.fi\/wp-content\/uploads\/historik_04-1024x590.jpg\" width=\"1024\" height=\"590\" alt=\"\" data-full-image=\"https:\/\/www.nsl.fi\/wp-content\/uploads\/historik_04.jpg\" data-light-image=\"https:\/\/www.nsl.fi\/wp-content\/uploads\/historik_04.jpg\" data-id=\"4748\" class=\"wp-image-4748 skip-lazy\" srcset=\"https:\/\/www.nsl.fi\/wp-content\/uploads\/historik_04-1024x590.jpg 1024w, https:\/\/www.nsl.fi\/wp-content\/uploads\/historik_04-300x173.jpg 300w, https:\/\/www.nsl.fi\/wp-content\/uploads\/historik_04-768x442.jpg 768w, https:\/\/www.nsl.fi\/wp-content\/uploads\/historik_04.jpg 1389w\" sizes=\"auto, (max-width: 1024px) 100vw, 1024px\" \/><\/div><\/div><\/a><\/figure><\/div><\/div><\/li><li class=\"kb-slide-item kb-gallery-carousel-item splide__slide\"><div class=\"kadence-blocks-gallery-item\"><div class=\"kadence-blocks-gallery-item-inner\"><figure class=\"kb-gallery-figure kb-gallery-item-has-link kadence-blocks-gallery-item-hide-caption\"><a href=\"https:\/\/www.nsl.fi\/wp-content\/uploads\/historik_03.jpg\" class=\"kb-gallery-item-link\"   role=\"button\" aria-haspopup=\"dialog\"><div class=\"kb-gal-image-radius\"><div class=\"kb-gallery-image-contain\" ><img loading=\"lazy\" decoding=\"async\" src=\"https:\/\/www.nsl.fi\/wp-content\/uploads\/historik_03-1024x752.jpg\" width=\"1024\" height=\"752\" alt=\"\" data-full-image=\"https:\/\/www.nsl.fi\/wp-content\/uploads\/historik_03.jpg\" data-light-image=\"https:\/\/www.nsl.fi\/wp-content\/uploads\/historik_03.jpg\" data-id=\"4747\" class=\"wp-image-4747 skip-lazy\" srcset=\"https:\/\/www.nsl.fi\/wp-content\/uploads\/historik_03-1024x752.jpg 1024w, https:\/\/www.nsl.fi\/wp-content\/uploads\/historik_03-300x220.jpg 300w, https:\/\/www.nsl.fi\/wp-content\/uploads\/historik_03-768x564.jpg 768w, https:\/\/www.nsl.fi\/wp-content\/uploads\/historik_03.jpg 1090w\" sizes=\"auto, (max-width: 1024px) 100vw, 1024px\" \/><\/div><\/div><\/a><\/figure><\/div><\/div><\/li><li class=\"kb-slide-item kb-gallery-carousel-item splide__slide\"><div class=\"kadence-blocks-gallery-item\"><div class=\"kadence-blocks-gallery-item-inner\"><figure class=\"kb-gallery-figure kb-gallery-item-has-link kadence-blocks-gallery-item-hide-caption\"><a href=\"https:\/\/www.nsl.fi\/wp-content\/uploads\/historik_02.jpg\" class=\"kb-gallery-item-link\"   role=\"button\" aria-haspopup=\"dialog\"><div class=\"kb-gal-image-radius\"><div class=\"kb-gallery-image-contain\" ><img loading=\"lazy\" decoding=\"async\" src=\"https:\/\/www.nsl.fi\/wp-content\/uploads\/historik_02-1024x725.jpg\" width=\"1024\" height=\"725\" alt=\"\" data-full-image=\"https:\/\/www.nsl.fi\/wp-content\/uploads\/historik_02.jpg\" data-light-image=\"https:\/\/www.nsl.fi\/wp-content\/uploads\/historik_02.jpg\" data-id=\"4746\" class=\"wp-image-4746 skip-lazy\" srcset=\"https:\/\/www.nsl.fi\/wp-content\/uploads\/historik_02-1024x725.jpg 1024w, https:\/\/www.nsl.fi\/wp-content\/uploads\/historik_02-300x212.jpg 300w, https:\/\/www.nsl.fi\/wp-content\/uploads\/historik_02-768x544.jpg 768w, https:\/\/www.nsl.fi\/wp-content\/uploads\/historik_02.jpg 1130w\" sizes=\"auto, (max-width: 1024px) 100vw, 1024px\" \/><\/div><\/div><\/a><\/figure><\/div><\/div><\/li><li class=\"kb-slide-item kb-gallery-carousel-item splide__slide\"><div class=\"kadence-blocks-gallery-item\"><div class=\"kadence-blocks-gallery-item-inner\"><figure class=\"kb-gallery-figure kb-gallery-item-has-link kadence-blocks-gallery-item-hide-caption\"><a href=\"https:\/\/www.nsl.fi\/wp-content\/uploads\/historik_01.jpg\" class=\"kb-gallery-item-link\"   role=\"button\" aria-haspopup=\"dialog\"><div class=\"kb-gal-image-radius\"><div class=\"kb-gallery-image-contain\" ><img loading=\"lazy\" decoding=\"async\" src=\"https:\/\/www.nsl.fi\/wp-content\/uploads\/historik_01-1024x765.jpg\" width=\"1024\" height=\"765\" alt=\"\" data-full-image=\"https:\/\/www.nsl.fi\/wp-content\/uploads\/historik_01.jpg\" data-light-image=\"https:\/\/www.nsl.fi\/wp-content\/uploads\/historik_01.jpg\" data-id=\"4745\" class=\"wp-image-4745 skip-lazy\" srcset=\"https:\/\/www.nsl.fi\/wp-content\/uploads\/historik_01-1024x765.jpg 1024w, https:\/\/www.nsl.fi\/wp-content\/uploads\/historik_01-300x224.jpg 300w, https:\/\/www.nsl.fi\/wp-content\/uploads\/historik_01-768x574.jpg 768w, https:\/\/www.nsl.fi\/wp-content\/uploads\/historik_01.jpg 1071w\" sizes=\"auto, (max-width: 1024px) 100vw, 1024px\" \/><\/div><\/div><\/a><\/figure><\/div><\/div><\/li><\/ul><\/div><\/div><\/div><\/div>","protected":false},"excerpt":{"rendered":"<p>Nylands svenska lantbrukss\u00e4llskap on rekister\u00f6ity yhdistys joka on perustettu vuonna 1856. Silloinen nimi oli Nylands och Tavastehus l\u00e4ns lantbrukss\u00e4llskap. Yhdistyksen teht\u00e4v\u00e4n\u00e4 oli, ja on viel\u00e4kin, tarjota neuvontaa maatalouskysymyksiss\u00e4. Er\u00e4s merkitt\u00e4v\u00e4 henkil\u00f6 yhdistyksen alkutaipaleella ja sen perustamisessa oli professori ja senaattori Johan Wilhelm Snellman. H\u00e4n laati yhdistyksen ensimm\u00e4iset s\u00e4\u00e4nn\u00f6t ja toimi my\u00f6s ensimm\u00e4isen\u00e4 sihteerin\u00e4. Ensimm\u00e4isen\u00e4 puheenjohtajana &#8230; <a title=\"Historia\" class=\"read-more\" href=\"https:\/\/www.nsl.fi\/fi\/meista\/historia\/\" aria-label=\"Lue lis\u00e4\u00e4 aiheesta Historia\">Lue lis\u00e4\u00e4<\/a><\/p>\n","protected":false},"author":1,"featured_media":0,"parent":5165,"menu_order":0,"comment_status":"closed","ping_status":"closed","template":"","meta":{"_acf_changed":false,"_kad_blocks_custom_css":"","_kad_blocks_head_custom_js":"","_kad_blocks_body_custom_js":"","_kad_blocks_footer_custom_js":"","footnotes":""},"class_list":["post-5161","page","type-page","status-publish"],"acf":[],"taxonomy_info":[],"featured_image_src_large":false,"author_info":{"display_name":"Webmaster","author_link":"https:\/\/www.nsl.fi\/fi\/author\/mrmedia\/"},"comment_info":0,"publishpress_future_action":{"enabled":false,"date":"2026-04-20 13:06:15","action":"change-status","newStatus":"draft","terms":[],"taxonomy":"translation_priority","extraData":[]},"publishpress_future_workflow_manual_trigger":{"enabledWorkflows":[]},"_links":{"self":[{"href":"https:\/\/www.nsl.fi\/fi\/wp-json\/wp\/v2\/pages\/5161","targetHints":{"allow":["GET"]}}],"collection":[{"href":"https:\/\/www.nsl.fi\/fi\/wp-json\/wp\/v2\/pages"}],"about":[{"href":"https:\/\/www.nsl.fi\/fi\/wp-json\/wp\/v2\/types\/page"}],"author":[{"embeddable":true,"href":"https:\/\/www.nsl.fi\/fi\/wp-json\/wp\/v2\/users\/1"}],"replies":[{"embeddable":true,"href":"https:\/\/www.nsl.fi\/fi\/wp-json\/wp\/v2\/comments?post=5161"}],"version-history":[{"count":1,"href":"https:\/\/www.nsl.fi\/fi\/wp-json\/wp\/v2\/pages\/5161\/revisions"}],"predecessor-version":[{"id":5163,"href":"https:\/\/www.nsl.fi\/fi\/wp-json\/wp\/v2\/pages\/5161\/revisions\/5163"}],"up":[{"embeddable":true,"href":"https:\/\/www.nsl.fi\/fi\/wp-json\/wp\/v2\/pages\/5165"}],"wp:attachment":[{"href":"https:\/\/www.nsl.fi\/fi\/wp-json\/wp\/v2\/media?parent=5161"}],"curies":[{"name":"wp","href":"https:\/\/api.w.org\/{rel}","templated":true}]}}