{"id":7734,"date":"2025-12-09T09:35:28","date_gmt":"2025-12-09T07:35:28","guid":{"rendered":"https:\/\/www.nsl.fi\/?page_id=7734"},"modified":"2025-12-09T09:35:30","modified_gmt":"2025-12-09T07:35:30","slug":"materiaalipankki","status":"publish","type":"page","link":"https:\/\/www.nsl.fi\/fi\/materiaalipankki\/","title":{"rendered":"Materiaalipankki"},"content":{"rendered":"\n<p>Tervetuloa Nylands Svenska Lantbrukss\u00e4llskapin materiaalipankkiin. T\u00e4\u00e4lt\u00e4 voit ladata erilaisia julkaistuja materiaaleja PDF-muodossa.<\/p>\n","protected":false},"excerpt":{"rendered":"<p>Tervetuloa Nylands Svenska Lantbrukss\u00e4llskapin materiaalipankkiin. T\u00e4\u00e4lt\u00e4 voit ladata erilaisia julkaistuja materiaaleja PDF-muodossa.<\/p>\n","protected":false},"author":1,"featured_media":0,"parent":0,"menu_order":0,"comment_status":"closed","ping_status":"closed","template":"","meta":{"_acf_changed":false,"_kad_blocks_custom_css":"","_kad_blocks_head_custom_js":"","_kad_blocks_body_custom_js":"","_kad_blocks_footer_custom_js":"","footnotes":""},"class_list":["post-7734","page","type-page","status-publish"],"acf":[],"taxonomy_info":[],"featured_image_src_large":false,"author_info":{"display_name":"Webmaster","author_link":"https:\/\/www.nsl.fi\/fi\/author\/mrmedia\/"},"comment_info":0,"publishpress_future_action":{"enabled":false,"date":"2026-05-02 05:26:16","action":"change-status","newStatus":"draft","terms":[],"taxonomy":"translation_priority","extraData":[]},"publishpress_future_workflow_manual_trigger":{"enabledWorkflows":[]},"_links":{"self":[{"href":"https:\/\/www.nsl.fi\/fi\/wp-json\/wp\/v2\/pages\/7734","targetHints":{"allow":["GET"]}}],"collection":[{"href":"https:\/\/www.nsl.fi\/fi\/wp-json\/wp\/v2\/pages"}],"about":[{"href":"https:\/\/www.nsl.fi\/fi\/wp-json\/wp\/v2\/types\/page"}],"author":[{"embeddable":true,"href":"https:\/\/www.nsl.fi\/fi\/wp-json\/wp\/v2\/users\/1"}],"replies":[{"embeddable":true,"href":"https:\/\/www.nsl.fi\/fi\/wp-json\/wp\/v2\/comments?post=7734"}],"version-history":[{"count":1,"href":"https:\/\/www.nsl.fi\/fi\/wp-json\/wp\/v2\/pages\/7734\/revisions"}],"predecessor-version":[{"id":7874,"href":"https:\/\/www.nsl.fi\/fi\/wp-json\/wp\/v2\/pages\/7734\/revisions\/7874"}],"wp:attachment":[{"href":"https:\/\/www.nsl.fi\/fi\/wp-json\/wp\/v2\/media?parent=7734"}],"curies":[{"name":"wp","href":"https:\/\/api.w.org\/{rel}","templated":true}]}}